{"id":3650,"date":"2026-03-27T13:34:40","date_gmt":"2026-03-27T13:34:40","guid":{"rendered":"https:\/\/uszatek.waw.pl\/?page_id=3650"},"modified":"2026-03-27T13:34:40","modified_gmt":"2026-03-27T13:34:40","slug":"profilaktyka","status":"publish","type":"page","link":"https:\/\/uszatek.waw.pl\/?page_id=3650","title":{"rendered":"&#8222;Profilaktyka&#8221;"},"content":{"rendered":"<p>Zapraszamy do zapoznania si\u0119 z pierwszym numerem<span class=\"fontstyle0\"> publikacji pt. \u201eProfilaktyka\u201d przygotowanego przez pracownik\u00f3w Departamentu Wychowania i Profilaktyki w Ministerstwie Edukacji Narodowej. W tej publikacji znajd\u0105 Pa\u0144stwo informacje na temat najwa\u017cniejszych dzia\u0142a\u0144, jakie podejmujemy, aby zapewni\u0107 dzieciom i m\u0142odzie\u017cy dobrostan fizyczny i psychiczny. Publikacja jest dost\u0119pna <a href=\"https:\/\/uszatek.waw.pl\/wp-content\/uploads\/2026\/03\/gazetka-Profilaktyka-nr-1-69c62bb45aab1-1.pdf\" target=\"_blank\" rel=\"noopener\">tutaj<\/a><\/span><\/p>\n","protected":false},"excerpt":{"rendered":"<p>Zapraszamy do zapoznania si\u0119 z pierwszym numerem publikacji pt. \u201eProfilaktyka\u201d przygotowanego przez pracownik\u00f3w Departamentu Wychowania i Profilaktyki w Ministerstwie Edukacji Narodowej. W tej publikacji znajd\u0105 Pa\u0144stwo informacje na temat najwa\u017cniejszych dzia\u0142a\u0144, jakie podejmujemy, aby zapewni\u0107 dzieciom i m\u0142odzie\u017cy dobrostan fizyczny i psychiczny. Publikacja jest dost\u0119pna tutaj<\/p>\n","protected":false},"author":1,"featured_media":0,"parent":0,"menu_order":0,"comment_status":"closed","ping_status":"closed","template":"","meta":{"ngg_post_thumbnail":0,"footnotes":""},"class_list":["post-3650","page","type-page","status-publish","hentry"],"_links":{"self":[{"href":"https:\/\/uszatek.waw.pl\/index.php?rest_route=\/wp\/v2\/pages\/3650","targetHints":{"allow":["GET"]}}],"collection":[{"href":"https:\/\/uszatek.waw.pl\/index.php?rest_route=\/wp\/v2\/pages"}],"about":[{"href":"https:\/\/uszatek.waw.pl\/index.php?rest_route=\/wp\/v2\/types\/page"}],"author":[{"embeddable":true,"href":"https:\/\/uszatek.waw.pl\/index.php?rest_route=\/wp\/v2\/users\/1"}],"replies":[{"embeddable":true,"href":"https:\/\/uszatek.waw.pl\/index.php?rest_route=%2Fwp%2Fv2%2Fcomments&post=3650"}],"version-history":[{"count":1,"href":"https:\/\/uszatek.waw.pl\/index.php?rest_route=\/wp\/v2\/pages\/3650\/revisions"}],"predecessor-version":[{"id":3652,"href":"https:\/\/uszatek.waw.pl\/index.php?rest_route=\/wp\/v2\/pages\/3650\/revisions\/3652"}],"wp:attachment":[{"href":"https:\/\/uszatek.waw.pl\/index.php?rest_route=%2Fwp%2Fv2%2Fmedia&parent=3650"}],"curies":[{"name":"wp","href":"https:\/\/api.w.org\/{rel}","templated":true}]}}