{"id":3640,"date":"2026-03-25T13:23:33","date_gmt":"2026-03-25T13:23:33","guid":{"rendered":"https:\/\/uszatek.waw.pl\/?page_id=3640"},"modified":"2026-03-25T13:25:20","modified_gmt":"2026-03-25T13:25:20","slug":"grupa-v-realizacja-programu-skad-sie-biora-produkty-ekologiczne","status":"publish","type":"page","link":"https:\/\/uszatek.waw.pl\/?page_id=3640","title":{"rendered":"Grupa V realizacja programu sk\u0105d si\u0119 bior\u0105 produkty ekologiczne"},"content":{"rendered":"<p><img fetchpriority=\"high\" decoding=\"async\" class=\" wp-image-3638\" title=\"sk\u0105d\" src=\"https:\/\/uszatek.waw.pl\/wp-content\/uploads\/2026\/03\/skad-300x127.png\" alt=\"sk\u0105d\" width=\"602\" height=\"255\" srcset=\"https:\/\/uszatek.waw.pl\/wp-content\/uploads\/2026\/03\/skad-300x127.png 300w, https:\/\/uszatek.waw.pl\/wp-content\/uploads\/2026\/03\/skad.png 642w\" sizes=\"(max-width: 602px) 100vw, 602px\" \/><\/p>\n<p>Szanowni Pa\u0144stwo,<\/p>\n<p>informujemy, \u017ce w naszej plac\u00f3wce realizowany b\u0119dzie program edukacyjny pt. \u201eSk\u0105d si\u0119 bior\u0105 produkty ekologiczne\u201d.&nbsp; Grupa, do kt\u00f3rej skierowany jest program, to dzieci ucz\u0119szczaj\u0105ce do przedszkoli w wieku 5-6 lat. W roku szkolnym 2025\/2026 w programie wezm\u0105 udzia\u0142 dzieci z grupy V.<\/p>\n<p>Celem programu jest zwi\u0119kszenie \u015bwiadomo\u015bci i wiedzy na temat rolnictwa ekologicznego oraz kszta\u0142towanie w\u0142a\u015bciwych nawyk\u00f3w \u017cywieniowych ju\u017c od najm\u0142odszych lat. W trakcie zaj\u0119\u0107 dzieci poznaj\u0105, czym s\u0105 produkty ekologiczne, naucz\u0105 si\u0119, jak je rozpoznawa\u0107 oraz dlaczego warto je wybiera\u0107 na co dzie\u0144.<\/p>\n<p>W ramach programu realizowane b\u0119d\u0105 dzia\u0142ania, kt\u00f3re pomog\u0105 dzieciom:<\/p>\n<ul>\n<li>zrozumie\u0107, czym jest rolnictwo i \u017cywno\u015b\u0107 ekologiczna,<\/li>\n<li>kszta\u0142towa\u0107 umiej\u0119tno\u015b\u0107 wyboru zdrowych produkt\u00f3w,<\/li>\n<li>poznawa\u0107 zasady zdrowego stylu \u017cycia,<\/li>\n<li>rozwija\u0107 \u015bwiadomo\u015b\u0107 dotycz\u0105c\u0105 higieny i zdrowia.<\/li>\n<\/ul>\n<p>Zaj\u0119cia prowadzone b\u0119d\u0105 w oparciu o specjalnie przygotowane materia\u0142y edukacyjne, w tym publikacj\u0119 dla dzieci oraz film animowany pt. \u201eSk\u0105d si\u0119 bior\u0105 produkty ekologiczne\u201d. Nauczyciele b\u0119d\u0105 korzysta\u0107 r\u00f3wnie\u017c z opracowanych scenariuszy zaj\u0119\u0107.<\/p>\n<p>Dzi\u0119ki udzia\u0142owi w programie dzieci dowiedz\u0105 si\u0119, sk\u0105d pochodz\u0105 produkty ekologiczne, jakie s\u0105 ich zalety oraz jak dba\u0107 o zdrowie poprzez odpowiednie nawyki \u017cywieniowe i higieniczne.<\/p>\n<p>Zach\u0119camy Pa\u0144stwa do rozm\u00f3w z dzie\u0107mi na temat zdrowego stylu \u017cycia oraz wsp\u00f3lnego utrwalania zdobytej wiedzy.<\/p>\n","protected":false},"excerpt":{"rendered":"<p>Szanowni Pa\u0144stwo, informujemy, \u017ce w naszej plac\u00f3wce realizowany b\u0119dzie program edukacyjny pt. \u201eSk\u0105d si\u0119 bior\u0105 produkty ekologiczne\u201d.&nbsp; Grupa, do kt\u00f3rej skierowany jest program, to dzieci ucz\u0119szczaj\u0105ce do przedszkoli w wieku 5-6 lat. W roku szkolnym 2025\/2026 w programie wezm\u0105 udzia\u0142 dzieci z grupy V. Celem programu jest zwi\u0119kszenie \u015bwiadomo\u015bci i [&hellip;]<\/p>\n","protected":false},"author":1,"featured_media":0,"parent":0,"menu_order":0,"comment_status":"closed","ping_status":"closed","template":"","meta":{"ngg_post_thumbnail":0,"footnotes":""},"class_list":["post-3640","page","type-page","status-publish","hentry"],"_links":{"self":[{"href":"https:\/\/uszatek.waw.pl\/index.php?rest_route=\/wp\/v2\/pages\/3640","targetHints":{"allow":["GET"]}}],"collection":[{"href":"https:\/\/uszatek.waw.pl\/index.php?rest_route=\/wp\/v2\/pages"}],"about":[{"href":"https:\/\/uszatek.waw.pl\/index.php?rest_route=\/wp\/v2\/types\/page"}],"author":[{"embeddable":true,"href":"https:\/\/uszatek.waw.pl\/index.php?rest_route=\/wp\/v2\/users\/1"}],"replies":[{"embeddable":true,"href":"https:\/\/uszatek.waw.pl\/index.php?rest_route=%2Fwp%2Fv2%2Fcomments&post=3640"}],"version-history":[{"count":3,"href":"https:\/\/uszatek.waw.pl\/index.php?rest_route=\/wp\/v2\/pages\/3640\/revisions"}],"predecessor-version":[{"id":3643,"href":"https:\/\/uszatek.waw.pl\/index.php?rest_route=\/wp\/v2\/pages\/3640\/revisions\/3643"}],"wp:attachment":[{"href":"https:\/\/uszatek.waw.pl\/index.php?rest_route=%2Fwp%2Fv2%2Fmedia&parent=3640"}],"curies":[{"name":"wp","href":"https:\/\/api.w.org\/{rel}","templated":true}]}}