{"id":3619,"date":"2026-03-19T07:51:35","date_gmt":"2026-03-19T07:51:35","guid":{"rendered":"https:\/\/uszatek.waw.pl\/?page_id=3619"},"modified":"2026-03-19T07:51:35","modified_gmt":"2026-03-19T07:51:35","slug":"zasady-zapisow","status":"publish","type":"page","link":"https:\/\/uszatek.waw.pl\/?page_id=3619","title":{"rendered":"Zasady zapis\u00f3w"},"content":{"rendered":"<p>Przedszkole i oddzia\u0142 przedszkolny w szkole, jako jednostka nieferyjna, funkcjonuje przez ca\u0142y rok,&nbsp;z wyj\u0105tkiem przerw ustalonych przez organ prowadz\u0105cy<a title=\"\" href=\"https:\/\/edukacja.um.warszawa.pl\/zasady-zapisow#_ftn1\" name=\"_ftnref1\">[1]<\/a>.<\/p>\n<p>Wakacyjne przerwy w dzia\u0142alno\u015bci przedszkola lub oddzia\u0142u przedszkolnego w szkole zwi\u0105zane s\u0105<br \/>\nz prowadzonymi pracami remontowo &#8211; modernizacyjnymi oraz umo\u017cliwiaj\u0105 nauczycielom oraz pracownikom plac\u00f3wki skorzystanie z urlopu wypoczynkowego. W czasie przerwy dzieci mog\u0105 korzysta\u0107 z zaj\u0119\u0107 w innym przedszkolu lub oddziale przedszkolnym w szkole.<\/p>\n<p>Opieka wakacyjna w ka\u017cdym z dy\u017curuj\u0105cych przedszkoli i oddzia\u0142\u00f3w przedszkolnych w szko\u0142ach b\u0119dzie organizowana w ramach trzech turnus\u00f3w.<\/p>\n<p>&nbsp;<\/p>\n<table class=\"Table\" border=\"1\" cellspacing=\"0\" align=\"center\">\n<tbody>\n<tr>\n<td><strong>Turnus<\/strong><\/td>\n<td><strong>Terminy do zadeklarowania w systemie<\/strong><\/td>\n<td><strong>Okres<\/strong><\/td>\n<\/tr>\n<tr>\n<td rowspan=\"3\"><strong>I TURNUS<\/strong><\/td>\n<td>1.<\/td>\n<td>1 lipca \u2013 3 lipca<\/td>\n<\/tr>\n<tr>\n<td>2.<\/td>\n<td>6 lipca \u2013 10 lipca<\/td>\n<\/tr>\n<tr>\n<td>3.<\/td>\n<td>13 lipca \u2013 17 lipca<\/td>\n<\/tr>\n<tr>\n<td rowspan=\"3\"><strong>II TURNUS<\/strong><\/td>\n<td>1.<\/td>\n<td>20 lipca \u2013 24 lipca<\/td>\n<\/tr>\n<tr>\n<td>2.<\/td>\n<td>27 lipca \u2013 31 lipca<\/td>\n<\/tr>\n<tr>\n<td>3.<\/td>\n<td>3 sierpnia \u2013 7 sierpnia<\/td>\n<\/tr>\n<tr>\n<td rowspan=\"3\"><strong>III TURNUS<\/strong><\/td>\n<td>1.<\/td>\n<td>10 sierpnia \u2013 14 sierpnia<\/td>\n<\/tr>\n<tr>\n<td>2.<\/td>\n<td>17 sierpnia \u2013 21 sierpnia<\/td>\n<\/tr>\n<tr>\n<td>3.<\/td>\n<td>24 sierpnia \u2013 28 sierpnia<\/td>\n<\/tr>\n<\/tbody>\n<\/table>\n<p>&nbsp;<\/p>\n<p>Rodzice mog\u0105 wybra\u0107 jeden lub wi\u0119cej turnus\u00f3w.<\/p>\n<ol start=\"1\">\n<li><strong>Zasady og\u00f3lne<\/strong><\/li>\n<\/ol>\n<ol>\n<li>Opiek\u0105 wakacyjn\u0105 obejmujemy dzieci, ucz\u0119szczaj\u0105ce w roku szkolnym 2025\/2026 do:<\/li>\n<\/ol>\n<ol start=\"1\">\n<li>przedszkoli i oddzia\u0142\u00f3w przedszkolnych w szko\u0142ach podstawowych prowadzonych przez m.st. Warszaw\u0119,<\/li>\n<li>niepublicznych przedszkoli <a name=\"_Hlk219975134\"><\/a>wy\u0142onionych w drodze otwartego konkursu ofert na realizacj\u0119 zadania publicznego w zakresie wychowania przedszkolnego.<\/li>\n<\/ol>\n<ol start=\"2\">\n<li>Zapisy na dy\u017cur prowadzone s\u0105 w elektronicznym systemie zapis\u00f3w.<\/li>\n<li>We wszystkich jednostkach obowi\u0105zuj\u0105 te same zasady, terminy i kryteria zapis\u00f3w.<\/li>\n<li>We wniosku o przyj\u0119cie dziecka na dy\u017cur wakacyjny, w ka\u017cdym z turnus\u00f3w, rodzice\/opiekunowie prawni mog\u0105 wybra\u0107 nieograniczon\u0105 liczb\u0119 plac\u00f3wek.<\/li>\n<\/ol>\n<ol start=\"2\">\n<li>Zapisy w systemie elektronicznym<\/li>\n<\/ol>\n<ol>\n<li><strong>Je\u015bli jeste\u015b rodzicem dziecka, kt\u00f3re ju\u017c ucz\u0119szcza do przedszkola\/oddzia\u0142u przedszkolnego&nbsp;w szkole i jednocze\u015bnie uczestniczy w rekrutacji<\/strong> na rok 2026\/2027 do przedszkoli, oddzia\u0142\u00f3w przedszkolnych lub klas pierwszych szk\u00f3\u0142 podstawowych korzystaj z utworzonego przez siebie loginu i has\u0142a do systemu rekrutacyjnego.<\/li>\n<li><strong>Je\u015bli jeste\u015b rodzicem dzieci, kt\u00f3re nie bior\u0105<\/strong> udzia\u0142u w rekrutacji korzystaj z zak\u0142adki <strong>&#8222;Zarejestruj si\u0119&#8221;.<\/strong><\/li>\n<li><strong>Rejestrowanie zapisu dziecka w systemie elektronicznym:<\/strong><\/li>\n<\/ol>\n<ul>\n<li>uzupe\u0142niaj dane dziecka,<\/li>\n<li>wska\u017c:<\/li>\n<\/ul>\n<ul>\n<li>turnusy w kolejno\u015bci chronologicznej od turnusu najwcze\u015bniejszego,<\/li>\n<li>przedszkola lub oddzia\u0142y przedszkolne w ka\u017cdym z wybranych turnus\u00f3w<br \/>\nw kolejno\u015bci od najbardziej preferowanego,<\/li>\n<li>zaznacz stosowne o\u015bwiadczenia dotycz\u0105ce pracy rodzic\u00f3w\/opiekun\u00f3w prawnych w terminie dy\u017curu (dot. tylko zapisu do innych przedszkoli\/oddzia\u0142\u00f3w przedszkolnych w szkole ni\u017c macierzyste),<\/li>\n<\/ul>\n<ul>\n<li>zapisz wniosek w systemie i podpisz profilem zaufanym\/e-dowodem\/podpisem kwalifikowanym \u2013 przy tej formie podpisu nie musisz dostarcza\u0107 wersji papierowej wniosku. <strong>Wniosek podpisa\u0107 elektronicznie mo\u017ce tylko jeden z rodzic\u00f3w\/opiekun\u00f3w prawnych, lub<\/strong><\/li>\n<li>pobierz i zapisz wniosek (w formie elektronicznej \u2013 w formacie PDF), a po wydrukowaniu i podpisaniu z\u0142\u00f3\u017c wniosek w przedszkolu lub szkole wskazanej na pierwszej pozycji w pierwszym z wybranych turnus\u00f3w tzw. dy\u017curuj\u0105cym przedszkolu lub szkole pierwszego wyboru. <strong>Wniosek podpisa\u0107 tradycyjnie mo\u017ce tylko jeden&nbsp;z rodzic\u00f3w\/opiekun\u00f3w prawnych.<\/strong><\/li>\n<\/ul>\n<p>&nbsp;<\/p>\n<ol start=\"4\">\n<li><strong>Tradycyjna forma zapisu dziecka:<\/strong><\/li>\n<\/ol>\n<ul>\n<li>pobierz wniosek w&nbsp;przedszkolu lub szkole,<\/li>\n<li>wype\u0142nij go odr\u0119cznie i po podpisaniu z\u0142\u00f3\u017c w dy\u017curuj\u0105cym przedszkolu lub szkole pierwszego wyboru,<\/li>\n<li>informacje zawarte we wniosku wprowadzi do systemu elektronicznego przedszkole lub szko\u0142a.<\/li>\n<\/ul>\n<p>&nbsp;<\/p>\n<ol start=\"3\">\n<li>Przyj\u0119cie dziecka do przedszkola lub oddzia\u0142u przedszkolnego zapewniaj\u0105cego opiek\u0119 wakacyjn\u0105<\/li>\n<\/ol>\n<ol>\n<li><strong>Kolejno\u015b\u0107 przyj\u0119\u0107 ustala dyrektor przedszkola lub szko\u0142y.<\/strong><\/li>\n<li><strong>Pierwsze\u0144stwo<\/strong> w przyj\u0119ciu maj\u0105 dzieci ucz\u0119szczaj\u0105ce do danego przedszkola lub oddzia\u0142u przedszkolnego, a nast\u0119pnie dzieci z innych przedszkoli i oddzia\u0142\u00f3w przedszkolnych&nbsp;w dzielnicy. Na pozosta\u0142e wolne miejsca przyjmowane s\u0105 dzieci z przedszkoli i oddzia\u0142\u00f3w przedszkolnych<br \/>\nz innych dzielnic. Je\u017celi o przyj\u0119cie na dy\u017cur ubiega si\u0119 wi\u0119cej dzieci ni\u017c przedszkole ma wolnych miejsc w pierwszej kolejno\u015bci do przyj\u0119cia kwalifikowane s\u0105 dzieci rodzic\u00f3w\/opiekun\u00f3w prawnych pracuj\u0105cych.<\/li>\n<li>Przy ustalaniu kolejno\u015bci przyj\u0119\u0107 dyrektor bierze r\u00f3wnie\u017c pod uwag\u0119:<\/li>\n<\/ol>\n<ul>\n<li>wnioski dotycz\u0105ce rodze\u0144stw,<\/li>\n<li>miejsce przedszkola lub szko\u0142y na li\u015bcie preferencji (w porz\u0105dku od najbardziej<br \/>\ndo najmniej preferowanego).<\/li>\n<\/ul>\n<ol start=\"4\">\n<li>Informacja o zakwalifikowaniu dziecka znajdziesz w elektronicznym systemie zapis\u00f3w &nbsp;oraz przedszkolu lub szkole, do kt\u00f3rej ubiega\u0142e\u015b si\u0119 o przyj\u0119cie na dy\u017cur. Informacja<br \/>\no zakwalifikowaniu zostanie r\u00f3wnie\u017c przes\u0142ana rodzicom\/prawnym opiekunom na adresy&nbsp;e-mail, o ile wskazali taki we wniosku.<\/li>\n<li>Dziecko zostanie przyj\u0119te, je\u015bli:<\/li>\n<\/ol>\n<ul>\n<li>wniesiesz op\u0142at\u0119 za \u017cywienie (w terminie 14 dni od dnia opublikowania informacji<br \/>\no zakwalifikowaniu) na rachunek wskazany przez dyrektora przedszkola lub szko\u0142y,<br \/>\ndo kt\u00f3rej dziecko jest zakwalifikowane<strong> i do\u0142\u0105czysz w systemie potwierdzenie dokonania op\u0142aty na dany tydzie\u0144 turnusu\/turnus\u00f3w lub<\/strong><\/li>\n<\/ul>\n<ul>\n<li>dostarczysz do plac\u00f3wki orgaznizuj\u0105cej opiek\u0119 wakacyjn\u0105 (w terminie 14 dni od dnia opublikowania informacji o zakwalifikowaniu) za\u015bwiadczenie o zwolnieniu z op\u0142at&nbsp;za \u017cywienie w macierzystym przedszkolu lub szko\u0142y i wyst\u0105pisz o zwolnienie z op\u0142aty&nbsp;za \u017cywienie w czasie dy\u017curu wakacyjnego <strong>lub<\/strong><br \/>\n&nbsp;<\/li>\n<li>dostarczysz do jednostki orgaznizuj\u0105cej opiek\u0119 wakacyjn\u0105 (w terminie 14 dni od dnia opublikowania informacji o zakwalifikowaniu) za\u015bwiadczenie o finansowaniu posi\u0142k\u00f3w przez OPS.<\/li>\n<\/ul>\n<ol start=\"6\">\n<li><strong>Je\u015bli nie dokonasz op\u0142aty<\/strong> lub nie dostarczysz za\u015bwiadczenia we wskazanym terminie wtedy zrezygnujesz z miejsca w przedszkolu lub oddziale przedszkolnym w szkole, organizuj\u0105cym opiek\u0119 wakacyjn\u0105.<\/li>\n<li>Zapisy uzupe\u0142niaj\u0105ce odb\u0119d\u0105 si\u0119 w elektronicznym systemie zapis\u00f3w zgodnie<br \/>\nz harmonogramem.<\/li>\n<\/ol>\n<p><strong>Zapisy b\u0119d\u0105 prowadzone na wolne miejsca w poszczeg\u00f3lnych tygodniach danego turnusu. Dzieci b\u0119d\u0105 kwalifikowane do przyj\u0119cia na ka\u017cdy tydzie\u0144 oddzielnie.<\/strong><\/p>\n<ol start=\"8\">\n<li>Po zako\u0144czeniu zapis\u00f3w uzupe\u0142niaj\u0105cych prowadzonych w systemie elektronicznym opublikujemy wykaz wolnych miejsc w dy\u017curuj\u0105cych przedszkolach i szko\u0142ach \u2013 zapisy na pozosta\u0142e wolne miejsca prowadzone s\u0105 bezpo\u015brednio przez dyrektor\u00f3w.<\/li>\n<li>Je\u015bli jeste\u015b rodzicem\/prawnym opiekunem mo\u017cesz zg\u0142asza\u0107 si\u0119 bezpo\u015brednio do dy\u017curuj\u0105cej jednostki, kt\u00f3ra dysponuje wolnymi miejscami.<\/li>\n<\/ol>\n","protected":false},"excerpt":{"rendered":"<p>Przedszkole i oddzia\u0142 przedszkolny w szkole, jako jednostka nieferyjna, funkcjonuje przez ca\u0142y rok,&nbsp;z wyj\u0105tkiem przerw ustalonych przez organ prowadz\u0105cy[1]. Wakacyjne przerwy w dzia\u0142alno\u015bci przedszkola lub oddzia\u0142u przedszkolnego w szkole zwi\u0105zane s\u0105 z prowadzonymi pracami remontowo &#8211; modernizacyjnymi oraz umo\u017cliwiaj\u0105 nauczycielom oraz pracownikom plac\u00f3wki skorzystanie z urlopu wypoczynkowego. W czasie przerwy [&hellip;]<\/p>\n","protected":false},"author":1,"featured_media":0,"parent":0,"menu_order":0,"comment_status":"closed","ping_status":"closed","template":"","meta":{"ngg_post_thumbnail":0,"footnotes":""},"class_list":["post-3619","page","type-page","status-publish","hentry"],"_links":{"self":[{"href":"https:\/\/uszatek.waw.pl\/index.php?rest_route=\/wp\/v2\/pages\/3619","targetHints":{"allow":["GET"]}}],"collection":[{"href":"https:\/\/uszatek.waw.pl\/index.php?rest_route=\/wp\/v2\/pages"}],"about":[{"href":"https:\/\/uszatek.waw.pl\/index.php?rest_route=\/wp\/v2\/types\/page"}],"author":[{"embeddable":true,"href":"https:\/\/uszatek.waw.pl\/index.php?rest_route=\/wp\/v2\/users\/1"}],"replies":[{"embeddable":true,"href":"https:\/\/uszatek.waw.pl\/index.php?rest_route=%2Fwp%2Fv2%2Fcomments&post=3619"}],"version-history":[{"count":1,"href":"https:\/\/uszatek.waw.pl\/index.php?rest_route=\/wp\/v2\/pages\/3619\/revisions"}],"predecessor-version":[{"id":3620,"href":"https:\/\/uszatek.waw.pl\/index.php?rest_route=\/wp\/v2\/pages\/3619\/revisions\/3620"}],"wp:attachment":[{"href":"https:\/\/uszatek.waw.pl\/index.php?rest_route=%2Fwp%2Fv2%2Fmedia&parent=3619"}],"curies":[{"name":"wp","href":"https:\/\/api.w.org\/{rel}","templated":true}]}}