{"id":3143,"date":"2025-01-29T07:47:27","date_gmt":"2025-01-29T07:47:27","guid":{"rendered":"https:\/\/uszatek.waw.pl\/?page_id=3143"},"modified":"2025-01-29T07:47:27","modified_gmt":"2025-01-29T07:47:27","slug":"kryteria-rekrutacji","status":"publish","type":"page","link":"https:\/\/uszatek.waw.pl\/?page_id=3143","title":{"rendered":"Kryteria rekrutacji"},"content":{"rendered":"<p>W post\u0119powaniu rekrutacyjnym do&nbsp;przedszkoli i oddzia\u0142\u00f3w przedszkolnych w&nbsp;szko\u0142ach podstawowych na rok szkolny 2025\/2026 obowi\u0105zuj\u0105:<\/p>\n<ul>\n<li>kryteria okre\u015blone w prawie o\u015bwiatowym, tzw. kryteria ustawowe<a href=\"https:\/\/edukacja.um.warszawa.pl\/kryteria-rekrutacji#_ftn1\">[1]<\/a><\/li>\n<\/ul>\n<p>oraz<\/p>\n<ul>\n<li>kryteria okre\u015blone w uchwale Rady m.st. Warszawy, &nbsp;tzw. kryteria samorz\u0105dowe <a href=\"https:\/\/edukacja.um.warszawa.pl\/kryteria-rekrutacji#_ftn2\">[2]<\/a>.<\/li>\n<\/ul>\n<p>Je\u015bli liczba kandydat\u00f3w b\u0119dzie wi\u0119ksza ni\u017c liczba wolnych miejsc, w pierwszej kolejno\u015bci komisja rekrutacyjna bierze pod uwag\u0119 kryteria ustawowe (pierwszy etap), a nast\u0119pnie kryteria samorz\u0105dowe (drugi etap).<\/p>\n<p>Ka\u017cde kryterium ma okre\u015blon\u0105 liczb\u0119 punkt\u00f3w.<\/p>\n<p>Je\u015bli dziecko spe\u0142nia dane kryterium, potwierd\u017a to \u2013 do\u0142\u0105cz do wniosku wymienione dokumenty.<\/p>\n<ol>\n<li>Kryteria ustawowe<br \/>\n\u2013&nbsp;brane s\u0105 pod uwag\u0119 na pierwszym etapie rekrutacji<\/li>\n<\/ol>\n<p>Kryteria te maj\u0105 jednakow\u0105 warto\u015b\u0107<a href=\"https:\/\/edukacja.um.warszawa.pl\/kryteria-rekrutacji#_ftn3\">[3]<\/a> \u2013 na potrzeby rekrutacji ka\u017cdemu nadano warto\u015b\u0107&nbsp;<strong>260&nbsp;pkt.<\/strong><\/p>\n<ol>\n<li>Rodzina dziecka jest wielodzietna<a href=\"https:\/\/edukacja.um.warszawa.pl\/kryteria-rekrutacji#_ftn4\">[4]<\/a><\/li>\n<li>Dziecko jest niepe\u0142nosprawne<\/li>\n<li>Dziecko ma niepe\u0142nosprawnego jednego z rodzic\u00f3w<\/li>\n<li>Dziecko ma niepe\u0142nosprawnych oboje rodzic\u00f3w<\/li>\n<li>Dziecko ma niepe\u0142nosprawne rodze\u0144stwo<\/li>\n<li>Dziecko wychowywane jest przez samotnego rodzica<a href=\"https:\/\/edukacja.um.warszawa.pl\/kryteria-rekrutacji#_ftn5\">[5]<\/a><\/li>\n<li>Dziecko obj\u0119te jest piecz\u0105 zast\u0119pcz\u0105<\/li>\n<\/ol>\n<ol>\n<li>Kryteria samorz\u0105dowe<br \/>\n\u2013&nbsp;brane s\u0105 pod uwag\u0119 na drugim etapie rekrutacji<\/li>\n<\/ol>\n<p>Kryteria maj\u0105 r\u00f3\u017cn\u0105 warto\u015b\u0107, kt\u00f3r\u0105 podajemy przy nazwie ka\u017cdego z nich.<\/p>\n<ol>\n<li><strong>Obowi\u0105zek przedszkolny \u2013 130 pkt<\/strong><strong>: <\/strong>\n<ul>\n<li>dziecko sze\u015bcioletnie obj\u0119te obowi\u0105zkowym rocznym przygotowaniem przedszkolnym, kt\u00f3re ubiega si\u0119 o przyj\u0119cie do przedszkola lub oddzia\u0142u przedszkolnego w szkole podstawowej, kt\u00f3ra po\u0142o\u017cona jest w odleg\u0142o\u015bci do 3 km od miejsca zamieszkania,<\/li>\n<li>dziecko pi\u0119cioletnie, kt\u00f3re ubiega si\u0119 o przyj\u0119cie do przedszkola lub oddzia\u0142u przedszkolnego w szkole podstawowej, kt\u00f3ra po\u0142o\u017cona jest w odleg\u0142o\u015bci do 3 km od miejsca zamieszkania,<\/li>\n<li>dziecko z odroczonym obowi\u0105zkiem szkolnym, kt\u00f3re ubiega si\u0119 o przyj\u0119cie do przedszkola lub oddzia\u0142u przedszkolnego w szkole podstawowej, kt\u00f3ra po\u0142o\u017cona jest w odleg\u0142o\u015bci do<br \/>\n3 km od miejsca zamieszkania.&nbsp;<\/li>\n<\/ul>\n<\/li>\n<li><strong>P\u0142acenie podatku w Warszawie \u2013 64 pkt<\/strong><strong>: <\/strong>\n<ul>\n<li>dziecko, kt\u00f3rego rodzic lub opiekun prawny (albo rodzice lub opiekunowie prawni) mieszkaj\u0105 w Warszawie&nbsp;i rozliczaj\u0105 podatek dochodowy od os\u00f3b fizycznych&nbsp;w urz\u0119dzie skarbowym na jej terenie.<\/li>\n<\/ul>\n<\/li>\n<li><strong>Szczepienia ochronne \u2013 32 pkt<\/strong><strong>: <\/strong>\n<ul>\n<li>dziecko, kt\u00f3re przesz\u0142o obowi\u0105zkowe szczepienia ochronne<a href=\"https:\/\/edukacja.um.warszawa.pl\/kryteria-rekrutacji#_ftn6\">[6]<\/a>,<\/li>\n<li>dziecko, kt\u00f3re nie mo\u017ce zosta\u0107 zaszczepione ze wzgl\u0119d\u00f3w zdrowotnych, co potwierdzi\u0142 lekarz.<\/li>\n<\/ul>\n<\/li>\n<li><strong>Zatrudnienie rodzic\u00f3w lub rodzica samotnie wychowuj\u0105cego dziecko \u2013 24 pkt<\/strong><strong>: <\/strong>\n<ul>\n<li>dziecko, kt\u00f3rego oboje rodzice lub opiekunowie prawni &nbsp;pracuj\u0105 (r\u00f3wnie\u017c na podstawie umowy cywilnoprawnej), ucz\u0105 si\u0119 w trybie dziennym, prowadz\u0105 gospodarstwo rolne lub dzia\u0142alno\u015b\u0107 gospodarcz\u0105.<\/li>\n<\/ul>\n<\/li>\n<\/ol>\n<p><strong>&nbsp;[!] <\/strong>Kryterium dotyczy r\u00f3wnie\u017c rodzica lub opiekuna prawnego, je\u015bli samotnie wychowuje dziecko.<\/p>\n<ol>\n<li><strong>Rodze\u0144stwo \u2013 8 pkt<\/strong><strong>: <\/strong>\n<ul>\n<li>dziecko, kt\u00f3rego rodze\u0144stwo w roku szkolnym 2025\/2026 b\u0119dzie rozpoczyna\u0142o lub kontynuowa\u0142o edukacj\u0119 w przedszkolu lub szkole podstawowej wskazanej na pierwszej pozycji we wniosku o przyj\u0119cie.<\/li>\n<\/ul>\n<\/li>\n<li><strong>Doch\u00f3d na osob\u0119<\/strong><strong>: <\/strong>\n<ul>\n<li>je\u015bli doch\u00f3d na osob\u0119 w rodzinie dziecka jest r\u00f3wny lub mniejszy stawce z art. 5 pkt. 1 ustawy o \u015bwiadczeniach rodzinnych (674 z\u0142<a href=\"https:\/\/edukacja.um.warszawa.pl\/kryteria-rekrutacji#_ftn7\" name=\"_ftnref7\">[7]<\/a>) \u2013<strong> 1 pkt<\/strong><\/li>\n<li>je\u015bli doch\u00f3d na osob\u0119 w rodzinie dziecka jest wy\u017cszy ni\u017c stawka z art. 5 pkt. 1 ustawy<br \/>\no \u015bwiadczeniach rodzinnych (674 z\u0142<a href=\"https:\/\/edukacja.um.warszawa.pl\/kryteria-rekrutacji#_ftn8\" name=\"_ftnref8\">[8]<\/a>):<\/li>\n<\/ul>\n<\/li>\n<\/ol>\n<p>&nbsp;&nbsp;&nbsp;&nbsp;&nbsp;&nbsp;&nbsp;&nbsp;&nbsp;&nbsp;&nbsp;&nbsp;&nbsp;&nbsp;&nbsp;&nbsp;&nbsp;&nbsp;&nbsp;&nbsp;&nbsp;&nbsp;&nbsp;&nbsp;&nbsp;&nbsp;&nbsp;&nbsp;&nbsp;&nbsp;&nbsp;&nbsp;&nbsp;&nbsp;&nbsp;&nbsp;&nbsp;&nbsp;&nbsp;&nbsp;&nbsp;&nbsp;&nbsp;&nbsp;&nbsp;&nbsp;&nbsp;&nbsp;&nbsp;&nbsp;&nbsp;&nbsp;&nbsp;&nbsp;&nbsp;&nbsp;&nbsp;&nbsp;&nbsp;&nbsp;&nbsp;&nbsp;&nbsp;&nbsp;&nbsp;&nbsp;&nbsp;&nbsp;&nbsp; 674 z\u0142<\/p>\n<p>&nbsp;&nbsp;&nbsp;&nbsp;&nbsp;&nbsp;&nbsp;&nbsp;&nbsp;&nbsp;&nbsp;&nbsp; liczba punkt\u00f3w = &#8212;&#8212;&#8212;&#8212;&#8212;&#8212;&#8212;&#8212;&#8212;&#8212;&#8212;&#8212;&#8212;&#8212;&#8212;&#8212;&#8212;&#8212;<\/p>\n<p>&nbsp;&nbsp;&nbsp;&nbsp;&nbsp;&nbsp;&nbsp;&nbsp;&nbsp;&nbsp;&nbsp;&nbsp;&nbsp;&nbsp;&nbsp;&nbsp;&nbsp;&nbsp;&nbsp;&nbsp;&nbsp;&nbsp;&nbsp;&nbsp;&nbsp;&nbsp;&nbsp;&nbsp;&nbsp;&nbsp;&nbsp;&nbsp;&nbsp;&nbsp;&nbsp;&nbsp;&nbsp;&nbsp;&nbsp;&nbsp;&nbsp;&nbsp;&nbsp;&nbsp;&nbsp; doch\u00f3d na osob\u0119 w rodzinie dziecka<\/p>\n<p><strong>liczba punkt\u00f3w = liczbie, kt\u00f3ra wynika z podzia\u0142u 674 z\u0142 przez doch\u00f3d na osob\u0119 w rodzinie dziecka<\/strong><\/p>\n<ol>\n<li>Kryteria samorz\u0105dowe do przedszkoli, kt\u00f3re specjalizuj\u0105&nbsp;si\u0119 w \u017cywieniu dzieci z indywidualn\u0105 diet\u0105 \u2013&nbsp;brane s\u0105 pod uwag\u0119 na drugim etapie post\u0119powania rekrutacyjnego<\/li>\n<\/ol>\n<ol>\n<li><strong>Obowi\u0105zek przedszkolny \u2013 130 pkt<\/strong><strong>: <\/strong>\n<ul>\n<li>dziecko sze\u015bcioletnie obj\u0119te obowi\u0105zkowym rocznym przygotowaniem przedszkolnym, kt\u00f3re ubiega si\u0119 o przyj\u0119cie do przedszkola lub oddzia\u0142u przedszkolnego w szkole podstawowej, kt\u00f3ra po\u0142o\u017cona jest w odleg\u0142o\u015bci do 3 km od miejsca zamieszkania,<\/li>\n<li>dziecko pi\u0119cioletnie, kt\u00f3re ubiega si\u0119 o przyj\u0119cie do przedszkola lub oddzia\u0142u przedszkolnego w szkole podstawowej, kt\u00f3ra po\u0142o\u017cona jest w odleg\u0142o\u015bci do 3 km od miejsca zamieszkania,<\/li>\n<li>dziecko z odroczonym obowi\u0105zkiem szkolnym, kt\u00f3re ubiega si\u0119 o przyj\u0119cie do przedszkola lub oddzia\u0142u przedszkolnego w szkole podstawowej, kt\u00f3ra po\u0142o\u017cona jest w odleg\u0142o\u015bci do<br \/>\n3 km od miejsca zamieszkania.&nbsp;<\/li>\n<\/ul>\n<\/li>\n<li><strong>P\u0142acenie podatku w Warszawie \u2013 64 pkt<\/strong><strong>: <\/strong>\n<ul>\n<li>dziecko, kt\u00f3rego rodzic lub opiekun prawny (albo rodzice lub opiekunowie prawni) mieszkaj\u0105 w Warszawie&nbsp;i rozliczaj\u0105 podatek dochodowy od os\u00f3b fizycznych&nbsp;w urz\u0119dzie skarbowym na jej terenie.<\/li>\n<\/ul>\n<\/li>\n<li><strong>Specjalna dieta \u2013 32 pkt<\/strong><strong>: <\/strong>\n<ul>\n<li>dziecko, u kt\u00f3rego lekarz stwierdzi\u0142 alergi\u0119 pokarmow\u0105 o szerokim zakresie eliminacyjnym produkt\u00f3w spo\u017cywczych (nie uwzgl\u0119dniamy nietolerancji samej laktozy),<\/li>\n<li>dziecko, u kt\u00f3rego lekarz stwierdzi\u0142 chorob\u0119, kt\u00f3ra wymaga stosowania indywidualnej diety.<\/li>\n<\/ul>\n<\/li>\n<li><strong>Zatrudnienie rodzic\u00f3w lub rodzica samotnie wychowuj\u0105cego dziecko \u2013 24 pkt<\/strong><strong>: <\/strong>\n<ul>\n<li>dziecko, kt\u00f3rego oboje rodzice lub opiekunowie prawni &nbsp;pracuj\u0105 (r\u00f3wnie\u017c na podstawie umowy cywilnoprawnej), ucz\u0105 si\u0119 w trybie dziennym, prowadz\u0105 gospodarstwo rolne lub dzia\u0142alno\u015b\u0107 gospodarcz\u0105.<\/li>\n<\/ul>\n<\/li>\n<\/ol>\n<p><strong>[!] <\/strong>Kryterium dotyczy r\u00f3wnie\u017c do rodzica lub opiekuna prawnego, je\u015bli samotnie wychowuje dziecko.<\/p>\n<ol>\n<li><strong>Rodze\u0144stwo \u2013 8 pkt<\/strong><strong>: <\/strong>\n<ul>\n<li>dziecko, kt\u00f3rego rodze\u0144stwo w roku szkolnym 2025\/2026 b\u0119dzie rozpoczyna\u0142o lub kontynuowa\u0142o edukacj\u0119 w przedszkolu lub szkole podstawowej wskazanej na pierwszej pozycji we wniosku o przyj\u0119cie.<\/li>\n<\/ul>\n<\/li>\n<li><strong>Doch\u00f3d na osob\u0119<\/strong><strong>: <\/strong>\n<ul>\n<li>je\u015bli doch\u00f3d na osob\u0119 w rodzinie dziecka jest r\u00f3wny lub mniejszy stawce z art. 5 pkt. 1 ustawy o \u015bwiadczeniach rodzinnych (674 z\u0142<a href=\"https:\/\/edukacja.um.warszawa.pl\/kryteria-rekrutacji#_ftn9\">[9]<\/a>) \u2013<strong> 1 pkt<\/strong><\/li>\n<li>je\u015bli doch\u00f3d na osob\u0119 w rodzinie dziecka jest wy\u017cszy ni\u017c stawka z art. 5 pkt. 1 ustawy o \u015bwiadczeniach rodzinnych (674 z\u0142<a href=\"https:\/\/edukacja.um.warszawa.pl\/kryteria-rekrutacji#_ftn10\">[10]<\/a>):<\/li>\n<\/ul>\n<\/li>\n<\/ol>\n<p>&nbsp;&nbsp;&nbsp;&nbsp;&nbsp;&nbsp;&nbsp;&nbsp;&nbsp;&nbsp;&nbsp;&nbsp;&nbsp;&nbsp;&nbsp;&nbsp;&nbsp;&nbsp;&nbsp;&nbsp;&nbsp;&nbsp;&nbsp;&nbsp;&nbsp;&nbsp;&nbsp;&nbsp;&nbsp;&nbsp;&nbsp;&nbsp;&nbsp;&nbsp;&nbsp;&nbsp;&nbsp;&nbsp;&nbsp;&nbsp;&nbsp;&nbsp;&nbsp;&nbsp;&nbsp;&nbsp;&nbsp;&nbsp;&nbsp;&nbsp;&nbsp;&nbsp;&nbsp;&nbsp;&nbsp;&nbsp;&nbsp;&nbsp;&nbsp;&nbsp;&nbsp;&nbsp;&nbsp;&nbsp;&nbsp;&nbsp;&nbsp;&nbsp; 674 z\u0142<\/p>\n<p>&nbsp;&nbsp;&nbsp; &nbsp;<strong>&nbsp;&nbsp;&nbsp;&nbsp;&nbsp;&nbsp;&nbsp;liczba punkt\u00f3w<\/strong> =&nbsp; &nbsp; &#8212;&#8212;&#8212;&#8212;&#8212;&#8212;&#8212;&#8212;&#8212;&#8212;&#8212;&#8212;&#8212;&#8212;&#8212;&#8212;&#8212;&#8212;&#8212;<\/p>\n<p>&nbsp;&nbsp;&nbsp;&nbsp;&nbsp;&nbsp;&nbsp;&nbsp;&nbsp;&nbsp;&nbsp;&nbsp;&nbsp;&nbsp;&nbsp;&nbsp;&nbsp;&nbsp;&nbsp;&nbsp;&nbsp;&nbsp;&nbsp;&nbsp;&nbsp;&nbsp;&nbsp;&nbsp;&nbsp;&nbsp;&nbsp;&nbsp;&nbsp;&nbsp;&nbsp;&nbsp;&nbsp;&nbsp;&nbsp;&nbsp;&nbsp; &nbsp;&nbsp;&nbsp;&nbsp;&nbsp;&nbsp;&nbsp;doch\u00f3d na osob\u0119 w rodzinie dziecka<\/p>\n<p><strong>liczba punkt\u00f3w = liczbie, kt\u00f3ra wynika z podzia\u0142u 674 z\u0142 przez doch\u00f3d na osob\u0119 w rodzinie dziecka<\/strong><\/p>\n<ol>\n<li>Jakie dokumenty s\u0105 niezb\u0119dne, aby potwierdzi\u0107 spe\u0142nianie kryterium:<\/li>\n<\/ol>\n<ol>\n<li><strong>Dokumenty, kt\u00f3re potwierdzaj\u0105 spe\u0142nianie kryteri\u00f3w ustawowych:<\/strong><\/li>\n<\/ol>\n<ol>\n<li>O\u015bwiadczenie rodzica lub opiekuna prawnego o wielodzietno\u015bci rodziny dziecka.<\/li>\n<li>Orzeczenie o:\n<ol>\n<li>potrzebie kszta\u0142cenia specjalnego, wydane ze wzgl\u0119du na niepe\u0142nosprawno\u015b\u0107,<\/li>\n<li>niepe\u0142nosprawno\u015bci lub o stopniu niepe\u0142nosprawno\u015bci lub orzeczenie r\u00f3wnowa\u017cne<a href=\"https:\/\/edukacja.um.warszawa.pl\/kryteria-rekrutacji#_ftn11\">[11]<\/a>.<\/li>\n<\/ol>\n<\/li>\n<li>Prawomocny wyroku s\u0105du rodzinnego orzekaj\u0105cy rozw\u00f3d lub separacj\u0119 lub akt zgonu oraz o\u015bwiadczenie o samotnym wychowywaniu dziecka oraz niewychowywaniu \u017cadnego dziecka wsp\u00f3lnie z jego rodzicem.<\/li>\n<li>Dokument, kt\u00f3ry po\u015bwiadcza obj\u0119cie dziecka piecz\u0105 zast\u0119pcz\u0105<a href=\"https:\/\/edukacja.um.warszawa.pl\/kryteria-rekrutacji#_ftn12\">[12]<\/a>.<\/li>\n<\/ol>\n<p>Dokumenty sk\u0142ada si\u0119:<\/p>\n<ul>\n<li>w oryginale,<\/li>\n<li>notarialnie po\u015bwiadczon\u0105 kopi\u0119,<\/li>\n<li>urz\u0119dowo po\u015bwiadczony odpis lub wyci\u0105g z dokumentu,<\/li>\n<li>kopi\u0119 po\u015bwiadczon\u0105 za zgodno\u015b\u0107 z orygina\u0142em przez rodzica lub opiekuna prawnego.<\/li>\n<\/ul>\n<p><strong>[!] <\/strong>O\u015bwiadczenia sk\u0142adaj\u0105 Pa\u0144stwo pod rygorem odpowiedzialno\u015bci karnej za sk\u0142adanie fa\u0142szywych o\u015bwiadcze\u0144. W o\u015bwiadczeniu musz\u0105 Pa\u0144stwo zawrze\u0107 klauzul\u0119 nast\u0119puj\u0105cej tre\u015bci: \u201eJestem \u015bwiadomy odpowiedzialno\u015bci karnej za z\u0142o\u017cenie fa\u0142szywego o\u015bwiadczenia\u201d.<\/p>\n<ol>\n<li><strong>Dokumenty, kt\u00f3re potwierdzaj\u0105 spe\u0142nianie kryteri\u00f3w samorz\u0105dowych:<\/strong><\/li>\n<\/ol>\n<ol>\n<li><strong>Obowi\u0105zek przedszkolny<\/strong><strong>:<\/strong><\/li>\n<\/ol>\n<p>O\u015bwiadczenie, \u017ce dziecko 5-letnie, dziecko 6-letnie lub dziecko z odroczonym obowi\u0105zkiem szkolnym mieszka w odleg\u0142o\u015bci do 3 km od przedszkola lub szko\u0142y podstawowej z&nbsp;oddzia\u0142ami przedszkolnymi, do kt\u00f3rej chce by\u0107 przyj\u0119te.<\/p>\n<ol>\n<li><strong>P\u0142acenie podatku w Warszawie:<\/strong>\n<ol>\n<li>kopia pierwszej strony zeznania podatkowego, z adnotacj\u0105 urz\u0119du skarbowego o przyj\u0119ciu zeznania,<\/li>\n<li>za\u015bwiadczenie z urz\u0119du skarbowego, kt\u00f3re potwierdza z\u0142o\u017cenie zeznania o dochodzie,<\/li>\n<li>urz\u0119dowe po\u015bwiadczenie odbioru, wydane przez elektroniczn\u0105 skrzynk\u0119 podawcz\u0105 systemu teleinformatycznego administracji podatkowej (UPO),<\/li>\n<li>kopia spersonalizowanej warszawskiej karty zbli\u017ceniowej lub innych kart wprowadzonych lub zaakceptowanych przez Zarz\u0105du Transportu Miejskiego w Warszawie &#8211; z wgranym uprawnieniem Karty Warszawiaka lub Karty M\u0142odego Warszawiaka (tzw. e-hologram), kt\u00f3re uprawniaj\u0105 do przejazd\u00f3w \u015brodkami lokalnego transportu zbiorowego ze zni\u017ck\u0105.<\/li>\n<\/ol>\n<\/li>\n<li><strong>Szczepienia ochronne:<\/strong>\n<ol>\n<li>o\u015bwiadczenie o wykonaniu u dziecka obowi\u0105zkowych szczepie\u0144 ochronnych,<\/li>\n<li>o\u015bwiadczenie o niewykonaniu obowi\u0105zkowych szczepie\u0144 ochronnych ze wzgl\u0119d\u00f3w zdrowotnych stwierdzonych przez lekarza.<\/li>\n<\/ol>\n<\/li>\n<li><strong>Specjalna dieta:<\/strong>\n<ol>\n<li>za\u015bwiadczenie lekarza specjalisty o stwierdzonej u dziecka alergii pokarmowej o szerokim zakresie eliminacyjnym produkt\u00f3w spo\u017cywczych,<\/li>\n<li>za\u015bwiadczenie lekarza specjalisty o stwierdzonej u dziecka chorobie wymagaj\u0105cej indywidualnej diety.<\/li>\n<\/ol>\n<\/li>\n<li><strong>Zatrudnienie rodzic\u00f3w lub rodzica samotnie wychowuj\u0105cego dziecko:<\/strong>\n<ol>\n<li>za\u015bwiadczenie pracodawcy o zatrudnieniu albo o wykonywaniu pracy na podstawie umowy cywilnoprawnej,<\/li>\n<li>za\u015bwiadczenie szko\u0142y lub uczelni, kt\u00f3re potwierdza nauk\u0119 rodzica lub rodzic\u00f3w w trybie dziennym,<\/li>\n<li>wydruk ze strony internetowej Centralnej Ewidencji i Informacji o Dzia\u0142alno\u015bci Gospodarczej albo informacja z Krajowego Rejestru S\u0105dowego,<\/li>\n<li>o\u015bwiadczenie o prowadzeniu gospodarstwa rolnego.<\/li>\n<\/ol>\n<\/li>\n<li><strong>Doch\u00f3d na osob\u0119:<\/strong><\/li>\n<\/ol>\n<p>O\u015bwiadczenie o wysoko\u015bci dochodu na osob\u0119 w rodzinie, liczbie os\u00f3b w rodzinie oraz wysoko\u015bci dochodu w rodzinie, kt\u00f3re s\u0105 podstaw\u0105 obliczenia wysoko\u015bci dochodu na osob\u0119 w rodzinie kandydata.<\/p>\n<ol>\n<li><strong>Rodze\u0144stwo:<\/strong><\/li>\n<\/ol>\n<p>Fakt, \u017ce dziecko ubiega si\u0119 o miejsce w plac\u00f3wce, gdzie jego rodze\u0144stwo b\u0119dzie rozpoczyna\u0142o lub kontynuowa\u0142o edukacj\u0119 w roku szkolnym 2025\/2026 potwierdza dyrektor przedszkola lub szko\u0142y podstawowej na wniosku o przyj\u0119cie dziecka.<\/p>\n<p>Dotyczy to tylko plac\u00f3wki, do kt\u00f3rej dziecko ubiega si\u0119 w pierwszej kolejno\u015bci (wskazanej na pierwszej pozycji we wniosku o przyj\u0119cie)<\/p>\n<p>Kopie dokument\u00f3w wskazanych w pkt. 2&nbsp;po\u015bwiadcza za zgodno\u015b\u0107 z orygina\u0142em rodzic lub opiekun prawny dziecka.<\/p>\n<p><strong>[!]<\/strong> O\u015bwiadczenia sk\u0142adaj\u0105 Pa\u0144stwo pod rygorem odpowiedzialno\u015bci karnej za sk\u0142adanie fa\u0142szywych o\u015bwiadcze\u0144. W o\u015bwiadczeniu musz\u0105 Pa\u0144stwo zawrze\u0107 klauzul\u0119 nast\u0119puj\u0105cej tre\u015bci: \u201eJestem \u015bwiadomy odpowiedzialno\u015bci karnej za z\u0142o\u017cenie fa\u0142szywego o\u015bwiadczenia\u201d.<\/p>\n<p><strong>Wa\u017cne informacje dodatkowe:<\/strong><\/p>\n<ul>\n<li>Rodzina wielodzietna to taka, kt\u00f3ra wychowuje troje i wi\u0119cej dzieci.<\/li>\n<li>Samotne wychowywanie dziecka oznacza, \u017ce dziecko wychowuje: panna, kawaler, wdowa, wdowiec, osoba w separacji orzeczonej prawomocnym wyrokiem s\u0105du, osoba rozwiedziona, chyba \u017ce wychowuje ona wsp\u00f3lnie co&nbsp;najmniej jedno dziecko z&nbsp;jego rodzicem<a href=\"https:\/\/edukacja.um.warszawa.pl\/kryteria-rekrutacji#_ftn13\">[13]<\/a>.<\/li>\n<\/ul>\n<p><a href=\"https:\/\/edukacja.um.warszawa.pl\/kryteria-rekrutacji#_ftnref1\" name=\"_ftn1\">[1]<\/a> Art. 131 ust. 2 ustawy z dnia 14 grudnia 2016 r. Prawo o\u015bwiatowe (Dz. U. z 2024 r. poz. 737 ze zm.)<\/p>\n<p><a href=\"https:\/\/edukacja.um.warszawa.pl\/kryteria-rekrutacji#_ftnref2\" name=\"_ftn2\">[2]<\/a> Uchwa\u0142a nr XLI\/1061\/2017 Rady m.st. Warszawy z dnia 9 lutego 2017 r. ze zm.<\/p>\n<p><a href=\"https:\/\/edukacja.um.warszawa.pl\/kryteria-rekrutacji#_ftnref3\" name=\"_ftn3\">[3]<\/a> art. 131 ust. 3 ustawy Prawo o\u015bwiatowe<\/p>\n<p><a href=\"https:\/\/edukacja.um.warszawa.pl\/kryteria-rekrutacji#_ftnref4\" name=\"_ftn4\">[4]<\/a> art. 4 pkt 42 ustawy Prawo o\u015bwiatowe<\/p>\n<p><a href=\"https:\/\/edukacja.um.warszawa.pl\/kryteria-rekrutacji#_ftnref5\" name=\"_ftn5\">[5]<\/a> art. 4 pkt 43 ustawy Prawo o\u015bwiatowe<\/p>\n<p><a href=\"https:\/\/edukacja.um.warszawa.pl\/kryteria-rekrutacji#_ftnref6\" name=\"_ftn6\">[6]<\/a> Zgodnie z rozporz\u0105dzeniem Ministra Zdrowia z dnia 27 wrze\u015bnia 2023 r. w sprawie obowi\u0105zkowych szczepie\u0144 ochronnych (Dz.U. z 2023 r. poz. 2077)<\/p>\n<p><a href=\"https:\/\/edukacja.um.warszawa.pl\/kryteria-rekrutacji#_ftnref7\" name=\"_ftn7\"><sup>[7]<\/sup><\/a> Art. 5 pkt 1 ustawy z dnia 28 listopada 2003 r. o \u015bwiadczeniach rodzinnych (Dz.U. z 2024 r. poz. 323) \u2013 wielko\u015b\u0107 podana zgodnie z \u00a7 1 pkt 1 Rozporz\u0105dzenie Rady Ministr\u00f3w z dnia 13 sierpnia 2024 r. w&nbsp;sprawie wysoko\u015bci dochodu rodziny albo dochodu osoby ucz\u0105cej si\u0119 stanowi\u0105cych podstaw\u0119 ubiegania si\u0119 o zasi\u0142ek rodzinny i specjalny zasi\u0142ek opieku\u0144czy, wysoko\u015bci \u015bwiadcze\u0144 rodzinnych oraz wysoko\u015bci zasi\u0142ku dla opiekuna (Dz. U. z 2024 r. poz. 1238)<\/p>\n<p><a href=\"https:\/\/edukacja.um.warszawa.pl\/kryteria-rekrutacji#_ftnref8\" name=\"_ftn8\"><sup>[8]<\/sup><\/a> Art. 5 pkt 1 ustawy z dnia 28 listopada 2003 r. o \u015bwiadczeniach rodzinnych (Dz.U. z 2024 r. poz. 323) \u2013 wielko\u015b\u0107 podana zgodnie z \u00a7 1 pkt 1 Rozporz\u0105dzenie Rady Ministr\u00f3w z dnia 13 sierpnia 2024 r. w&nbsp;sprawie wysoko\u015bci dochodu rodziny albo dochodu osoby ucz\u0105cej si\u0119 stanowi\u0105cych podstaw\u0119 ubiegania si\u0119 o zasi\u0142ek rodzinny i specjalny zasi\u0142ek opieku\u0144czy, wysoko\u015bci \u015bwiadcze\u0144 rodzinnych oraz wysoko\u015bci zasi\u0142ku dla opiekuna (Dz. U. z 2024 r. poz. 1238)<\/p>\n<p><a href=\"https:\/\/edukacja.um.warszawa.pl\/kryteria-rekrutacji#_ftnref9\" name=\"_ftn9\"><sup>[9]<\/sup><\/a> Art. 5 pkt 1 ustawy z dnia 28 listopada 2003 r. o \u015bwiadczeniach rodzinnych (Dz. U. z 2024 r. poz. 323) \u2013 wielko\u015b\u0107 podana zgodnie z \u00a7 1 pkt 1 Rozporz\u0105dzenie Rady Ministr\u00f3w z dnia 13 sierpnia 2021 r. w&nbsp;sprawie wysoko\u015bci dochodu rodziny albo dochodu osoby ucz\u0105cej si\u0119 stanowi\u0105cych podstaw\u0119 ubiegania si\u0119 o zasi\u0142ek rodzinny i specjalny zasi\u0142ek opieku\u0144czy, wysoko\u015bci \u015bwiadcze\u0144 rodzinnych oraz wysoko\u015bci zasi\u0142ku dla opiekuna (Dz. U. z 2021 r. poz. 1481)<\/p>\n<p><a href=\"https:\/\/edukacja.um.warszawa.pl\/kryteria-rekrutacji#_ftnref10\" name=\"_ftn10\"><sup>[10]<\/sup><\/a> Art. 5 pkt 1 ustawy z dnia 28 listopada 2003 r. o \u015bwiadczeniach rodzinnych (Dz. U. z 2024 r. poz. 323) \u2013 wielko\u015b\u0107 podana zgodnie z \u00a7 1 pkt 1 Rozporz\u0105dzenie Rady Ministr\u00f3w z dnia 13 sierpnia 2024 r. w&nbsp;sprawie wysoko\u015bci dochodu rodziny albo dochodu osoby ucz\u0105cej si\u0119 stanowi\u0105cych podstaw\u0119 ubiegania si\u0119 o zasi\u0142ek rodzinny i specjalny zasi\u0142ek opieku\u0144czy, wysoko\u015bci \u015bwiadcze\u0144 rodzinnych oraz wysoko\u015bci zasi\u0142ku dla opiekuna (Dz. U. z 2024 r. poz. 1238)<\/p>\n<p><a href=\"https:\/\/edukacja.um.warszawa.pl\/kryteria-rekrutacji#_ftnref11\" name=\"_ftn11\">[11]<\/a> W rozumieniu przepis\u00f3w ustawy z dnia 27 sierpnia 1997 r. o rehabilitacji zawodowej i spo\u0142ecznej oraz zatrudnianiu os\u00f3b niepe\u0142nosprawnych (Dz. U. z 2024 r. poz. 44)<\/p>\n<p><a href=\"https:\/\/edukacja.um.warszawa.pl\/kryteria-rekrutacji#_ftnref12\" name=\"_ftn12\">[12]<\/a> Zgodnie z ustaw\u0105 z dnia 9 czerwca 2011 r. o wspieraniu rodziny i systemie pieczy zast\u0119pczej<br \/>\n(Dz. U. z 2024 r. poz. 177)<\/p>\n<p><a href=\"https:\/\/edukacja.um.warszawa.pl\/kryteria-rekrutacji#_ftnref13\" name=\"_ftn13\">[13]<\/a> Art. 4 ustawy z dnia 14 grudnia 2016 r. Prawo o\u015bwiatowe (Dz.&nbsp;U.&nbsp;z&nbsp;2024 r. poz. 737)<\/p>\n","protected":false},"excerpt":{"rendered":"<p>W post\u0119powaniu rekrutacyjnym do&nbsp;przedszkoli i oddzia\u0142\u00f3w przedszkolnych w&nbsp;szko\u0142ach podstawowych na rok szkolny 2025\/2026 obowi\u0105zuj\u0105: kryteria okre\u015blone w prawie o\u015bwiatowym, tzw. kryteria ustawowe[1] oraz kryteria okre\u015blone w uchwale Rady m.st. Warszawy, &nbsp;tzw. kryteria samorz\u0105dowe [2]. Je\u015bli liczba kandydat\u00f3w b\u0119dzie wi\u0119ksza ni\u017c liczba wolnych miejsc, w pierwszej kolejno\u015bci komisja rekrutacyjna bierze pod [&hellip;]<\/p>\n","protected":false},"author":1,"featured_media":0,"parent":0,"menu_order":0,"comment_status":"closed","ping_status":"closed","template":"","meta":{"ngg_post_thumbnail":0,"footnotes":""},"class_list":["post-3143","page","type-page","status-publish","hentry"],"_links":{"self":[{"href":"https:\/\/uszatek.waw.pl\/index.php?rest_route=\/wp\/v2\/pages\/3143","targetHints":{"allow":["GET"]}}],"collection":[{"href":"https:\/\/uszatek.waw.pl\/index.php?rest_route=\/wp\/v2\/pages"}],"about":[{"href":"https:\/\/uszatek.waw.pl\/index.php?rest_route=\/wp\/v2\/types\/page"}],"author":[{"embeddable":true,"href":"https:\/\/uszatek.waw.pl\/index.php?rest_route=\/wp\/v2\/users\/1"}],"replies":[{"embeddable":true,"href":"https:\/\/uszatek.waw.pl\/index.php?rest_route=%2Fwp%2Fv2%2Fcomments&post=3143"}],"version-history":[{"count":1,"href":"https:\/\/uszatek.waw.pl\/index.php?rest_route=\/wp\/v2\/pages\/3143\/revisions"}],"predecessor-version":[{"id":3144,"href":"https:\/\/uszatek.waw.pl\/index.php?rest_route=\/wp\/v2\/pages\/3143\/revisions\/3144"}],"wp:attachment":[{"href":"https:\/\/uszatek.waw.pl\/index.php?rest_route=%2Fwp%2Fv2%2Fmedia&parent=3143"}],"curies":[{"name":"wp","href":"https:\/\/api.w.org\/{rel}","templated":true}]}}