{"id":3139,"date":"2025-01-29T07:45:55","date_gmt":"2025-01-29T07:45:55","guid":{"rendered":"https:\/\/uszatek.waw.pl\/?page_id=3139"},"modified":"2025-01-29T07:45:55","modified_gmt":"2025-01-29T07:45:55","slug":"zasady-rekrutacji-2","status":"publish","type":"page","link":"https:\/\/uszatek.waw.pl\/?page_id=3139","title":{"rendered":"Zasady rekrutacji"},"content":{"rendered":"<h1>Zasady rekrutacji do przedszkoli i oddzia\u0142\u00f3w przedszkolnych w szko\u0142ach podstawowych prowadzonych przez m.st. Warszaw\u0119 na rok szkolny 2025\/2026<\/h1>\n<p>28.01.2025<\/p>\n<p><strong>Informacje og\u00f3lne<\/strong><\/p>\n<ol>\n<li>Post\u0119powanie prowadzone jest w elektronicznym systemie elektronicznym.<\/li>\n<li>Post\u0119powaniem rekrutacyjnym obejmujemy dzieci: &nbsp;<\/li>\n<\/ol>\n<ol>\n<li>urodzone w latach 2022-2019 (czyli 3-, 4-, 5- i 6-letnie) <sup><a href=\"https:\/\/edukacja.um.warszawa.pl\/zasady-rekrutacji#_ftn2\">[2]<\/a><\/sup><\/li>\n<li>dzieci z odroczonym obowi\u0105zkiem szkolnym,&nbsp;kt\u00f3re mieszkaj\u0105 w Warszawie.<\/li>\n<\/ol>\n<ol>\n<li>Dzieci urodzonych w 2023 r. nie uwzgl\u0119dniamy w rekrutacji. Rodzice<sup><a href=\"https:\/\/edukacja.um.warszawa.pl\/zasady-rekrutacji#_ftn3\">[3]<\/a><\/sup> mog\u0105 ubiega\u0107<br \/>\nsi\u0119 o przyj\u0119cie dziecka dopiero, kiedy uko\u0144czy ono 2,5 roku. Decyzj\u0119&nbsp;o przyj\u0119ciu podejmuje dyrektor przedszkola lub szko\u0142y<sup><a href=\"https:\/\/edukacja.um.warszawa.pl\/zasady-rekrutacji#_ftn4\">[4]<\/a><\/sup>.<\/li>\n<li>Rekrutacj\u0119 prowadzi komisja, kt\u00f3r\u0105 powo\u0142uje dyrektor przedszkola lub szko\u0142y.<\/li>\n<li>Dzieci przydzielane s\u0105 do poszczeg\u00f3lnych oddzia\u0142\u00f3w po zako\u0144czeniu rekrutacji.<\/li>\n<li>Rodzice dzieci, kt\u00f3re mieszkaj\u0105 poza Warszaw\u0105, mog\u0105 ubiega\u0107 si\u0119 o przyj\u0119cie dziecka do przedszkola lub szko\u0142y w rekrutacji uzupe\u0142niaj\u0105cej.<\/li>\n<\/ol>\n<ul>\n<li><strong>Dzieci sze\u015bcioletnie<\/strong> (urodzone w 2019 r.)&nbsp;&nbsp;\u2013 musz\u0105 odby\u0107 roczne przygotowanie przedszkolne w przedszkolu, oddziale przedszkolnym w szkole podstawowej lub innej formie wychowania przedszkolnego.&nbsp;Na wniosek rodzic\u00f3w dziecko sze\u015bcioletnie mo\u017ce rozpocz\u0105\u0107 nauk\u0119 w&nbsp;pierwszej klasie.<\/li>\n<\/ul>\n<ul>\n<li><strong>Dzieci, kt\u00f3re maj\u0105 odroczony obowi\u0105zek szkolny<\/strong>&nbsp;\u2013 nadal odbywaj\u0105 przygotowanie przedszkolne w przedszkolu, oddziale przedszkolnym w szkole podstawowej lub innej formie wychowania przedszkolnego.<br \/>\n&nbsp;<\/li>\n<li><strong>Dzieci pi\u0119cioletnie&nbsp;<\/strong>(urodzone w 2020 r.),&nbsp;<strong>dzieci czteroletnie&nbsp;<\/strong>(urodzone w 2021 r.) oraz&nbsp;<strong>dzieci trzyletnie<\/strong>&nbsp;(urodzone od stycznia do grudnia 2022 r.) \u2013 mog\u0105 korzysta\u0107 z wychowania przedszkolnego. Aby zapisa\u0107 dziecko do przedszkola lub oddzia\u0142u przedszkolnego w szkole nale\u017cy wzi\u0105\u0107 udzia\u0142 w rekrutacji.&nbsp;Je\u015bli dziecko nie zostanie przej\u0119te w&nbsp;post\u0119powaniu rekrutacyjnym do \u017cadnego z przedszkoli lub oddzia\u0142\u00f3w przedszkolnych wskazanych przez rodzic\u00f3w we wniosku, burmistrz dzielnicy skieruje je do innego przedszkola lub oddzia\u0142u przedszkolnego w szkole podstawowej.<br \/>\n&nbsp;<\/li>\n<li><strong>Dzieci, kt\u00f3re ju\u017c ucz\u0119szczaj\u0105 do przedszkoli i oddzia\u0142\u00f3w przedszkolnych w szko\u0142ach podstawowych<\/strong><\/li>\n<\/ul>\n<p>Je\u015bli rodzice<sup><a href=\"https:\/\/edukacja.um.warszawa.pl\/zasady-rekrutacji#_ftn5\">[5]<\/a><\/sup> chc\u0105, aby ich dziecko dalej ucz\u0119szcza\u0142o do tej samej plac\u00f3wki<sup><a href=\"https:\/\/edukacja.um.warszawa.pl\/zasady-rekrutacji#_ftn6\">[6]<\/a><\/sup>, sk\u0142adaj\u0105 deklaracj\u0119 o kontynuowaniu wychowania przedszkolnego.<\/p>\n<p><strong>[!] Deklaracj\u0119 trzeba z\u0142o\u017cy\u0107 na 7 dni przed rozpocz\u0119ciem rekrutacji <\/strong>\u2013 terminy okre\u015blone s\u0105 w&nbsp;harmonogramie.&nbsp;Je\u015bli rodzice nie z\u0142o\u017c\u0105 deklaracji, oznacza\u0107 to b\u0119dzie, \u017ce rezygnuj\u0105<br \/>\nz miejsca dla dziecka w aktualnym przedszkolu lub oddziale przedszkolnym w szkole podstawowej.<\/p>\n<p><strong>Zasady rekrutacji<\/strong><\/p>\n<p>Wniosek o przyj\u0119cie dziecka z\u0142\u00f3\u017c w terminie, kt\u00f3ry podajemy w harmonogramie. Na kolejno\u015b\u0107 przyj\u0119\u0107 nie maj\u0105 wp\u0142ywu data i godzina, w jakich:<\/p>\n<ul>\n<li>wprowadzisz dane dziecka do systemu,<\/li>\n<li>wydrukujesz wniosek,<\/li>\n<li>z\u0142o\u017cysz wniosek w przedszkolu lub szkole,<\/li>\n<li>prze\u015blesz w systemie wniosek podpisany profilem zaufanym,<\/li>\n<li>szko\u0142a zatwierdzi wniosek<\/li>\n<\/ul>\n<p><strong>[!] <\/strong>Je\u015bli z\u0142o\u017cysz wniosek po terminie okre\u015blonym w harmonogramie, dziecko nie zostanie uwzgl\u0119dnione w&nbsp;rekrutacji.<\/p>\n<p><strong>Z\u0142o\u017cenie wniosku<\/strong><\/p>\n<ol>\n<li>Mo\u017cesz ubiega\u0107 si\u0119 o przyj\u0119cie dziecka do nieograniczonej liczby plac\u00f3wek przedszkolnych<sup><a href=\"https:\/\/edukacja.um.warszawa.pl\/zasady-rekrutacji#_ftn7\">[7]<\/a><\/sup>.<\/li>\n<li>We wniosku o przyj\u0119cie wska\u017c wybrane przedszkola lub szko\u0142y (grupy rekrutacyjne). Ustaw je w&nbsp;preferowanej kolejno\u015bci. Plac\u00f3wka wskazana jako pierwsza to przedszkole lub szko\u0142a pierwszego wyboru.<\/li>\n<li>Do wniosku o przyj\u0119cie do\u0142\u0105cz dokumenty i o\u015bwiadczenia, kt\u00f3re potwierdzaj\u0105, \u017ce spe\u0142niasz kryteria. W ka\u017cdym o\u015bwiadczeniu umie\u015b\u0107 klauzul\u0119:&nbsp;\u201eJestem \u015bwiadomy odpowiedzialno\u015bci karnej za z\u0142o\u017cenie fa\u0142szywego o\u015bwiadczenia\u201d.<\/li>\n<\/ol>\n<p>&nbsp;<\/p>\n<ol>\n<li>Wniosek mo\u017cesz wype\u0142ni\u0107 na trzy sposoby:<\/li>\n<\/ol>\n<ul>\n<li>Wype\u0142nij wniosek w elektronicznym systemie i podpisz profilem zaufanym. W tym celu:<\/li>\n<\/ul>\n<p>&nbsp;<\/p>\n<ol>\n<li>wype\u0142nij wniosek,<\/li>\n<li>do\u0142\u0105cz skany lub zdj\u0119cia dokument\u00f3w lub o\u015bwiadcze\u0144, kt\u00f3re potwierdzaj\u0105, \u017ce&nbsp;spe\u0142niasz&nbsp;kryteria rekrutacyjne,<\/li>\n<li>podpisz wniosek profilem zaufanym.<\/li>\n<\/ol>\n<p>&nbsp;<\/p>\n<ul>\n<li>Wype\u0142nij wniosek w elektronicznym systemie i zanie\u015b do plac\u00f3wki pierwszego wyboru. W&nbsp;tym celu:<\/li>\n<\/ul>\n<ol>\n<li>wype\u0142nij wniosek w systemie,<\/li>\n<li>wydrukuj wype\u0142niony wniosek,<\/li>\n<li>podpisz wniosek,<\/li>\n<li>zanie\u015b wniosek oraz dokumenty i&nbsp;o\u015bwiadczenia, kt\u00f3re potwierdzaj\u0105, \u017ce spe\u0142niasz kryteria rekrutacyjne, w przedszkolu lub szkole pierwszego wyboru.<\/li>\n<\/ol>\n<ul>\n<li>Wype\u0142nij odr\u0119cznie papierowy wniosek lub zg\u0142oszenie i zanie\u015b do plac\u00f3wki pierwszego wyboru. W tym celu:<\/li>\n<\/ul>\n<ol>\n<li>wydrukuj wniosek i wype\u0142nij go,<\/li>\n<li>podpisz wniosek,<\/li>\n<li>zanie\u015b wniosek oraz dokumenty i o\u015bwiadczenia, kt\u00f3re potwierdzaj\u0105, \u017ce spe\u0142niasz kryteria rekrutacyjne, w przedszkolu lub szkole pierwszego wyboru,<\/li>\n<li>informacje z wniosku wprowadzi do systemu pracownik przedszkola lub szko\u0142y.<\/li>\n<\/ol>\n<p><strong>[!] <\/strong>Oboje rodzic\u00f3w musi podpisa\u0107 wniosek, aby potwierdzi\u0107 podane w nim informacje.<\/p>\n<p><strong>[!]<\/strong> Je\u015bli&nbsp;kt\u00f3re\u015b z rodzic\u00f3w nie mo\u017ce podpisa\u0107 wniosku, do\u0142\u0105cz o\u015bwiadczenie wyja\u015bniaj\u0105ce, dlaczego tylko jeden z rodzic\u00f3w go podpisuje oraz \u017ce oboje rodzic\u00f3w zgodnie podj\u0119\u0142o decyzj\u0119 o&nbsp;udziale dziecka w&nbsp;rekrutacji i uzgodnili dane zawarte we wniosku<a href=\"https:\/\/edukacja.um.warszawa.pl\/zasady-rekrutacji#_ftn8\">[8]<\/a>.<\/p>\n<ol>\n<li>Podpisy z\u0142o\u017cone na wniosku s\u0105 potwierdzeniem zgodno\u015bci podanych informacji ze&nbsp;stanem faktycznym<\/li>\n<li><strong>[!]<\/strong> Je\u015bli dziecko nie ma numeru PESEL:<\/li>\n<\/ol>\n<ol>\n<li>zg\u0142o\u015b si\u0119 do przedszkola lub szko\u0142y pierwszego wyboru i popro\u015b o wydanie numeru indentyfikacyjnego do systemu rekrutacyjnego,<\/li>\n<li>nast\u0119pnie post\u0119puj jak w pkt 4.<\/li>\n<\/ol>\n<p><strong>Post\u0119powanie rekrutacyjne<\/strong><\/p>\n<ol>\n<li>Wniosek o przyj\u0119cie dziecka rozpatruje komisja rekrutacyjna, kt\u00f3r\u0105 powo\u0142uje dyrektor przedszkola lub szko\u0142y.<\/li>\n<li>Je\u015bli komisja negatywnie zweryfikuje informacj\u0119 zawart\u0105 w o\u015bwiadczeniu lub stwierdzi brak dokumentu, kt\u00f3ry potwierdza kryterium, nie uwzgl\u0119dnia tego kryterium w rekrutacji.<\/li>\n<li>Przewodnicz\u0105cy komisji rekrutacyjnej mo\u017ce:\n<ol>\n<li>wyst\u0105pi\u0107 do rodzic\u00f3w o przedstawienie dokument\u00f3w, potwierdzaj\u0105cych informacje zawarte w o\u015bwiadczeniach (wyznacza przy tym termin przedstawienia dokument\u00f3w),<\/li>\n<li>zwr\u00f3ci\u0107 si\u0119 do burmistrza dzielnicy, na terenie kt\u00f3rej zamieszkuje dziecko, o&nbsp;potwierdzenie informacji z o\u015bwiadczenia.<\/li>\n<\/ol>\n<\/li>\n<\/ol>\n<p><strong>[!]<\/strong> Aby potwierdzi\u0107 o\u015bwiadczenie burmistrz dzielnicy mo\u017ce:<\/p>\n<ol>\n<li>\n<ul>\n<li>skorzysta\u0107 z informacji, do kt\u00f3rych ma dost\u0119p z urz\u0119du,<\/li>\n<li>wyst\u0105pi\u0107 o nie do instytucji publicznych,<\/li>\n<li>zweryfikowa\u0107 o\u015bwiadczenie o samotnym wychowywaniu dziecka na podstawie wywiadu \u015brodowiskowego<a href=\"https:\/\/edukacja.um.warszawa.pl\/zasady-rekrutacji#_ftn9\">[9]<\/a>.<br \/>\n&nbsp;<\/li>\n<\/ul>\n<\/li>\n<li>Je\u015bli weryfikacja wyka\u017ce, \u017ce informacje z o\u015bwiadczenia nie s\u0105 prawdziwe lub nie z\u0142o\u017cysz dokument\u00f3w, kt\u00f3re potwierdzaj\u0105, \u017ce spe\u0142niasz dane kryterium, komisja rekrutacyjna nie uwzgl\u0119dni tego kryterium w rekrutacji.<\/li>\n<li>Komisja ustala kolejno\u015b\u0107 przyj\u0119\u0107 na podstawie kryteri\u00f3w, kt\u00f3re spe\u0142nia kandydat:\n<ol>\n<li>je\u015bli kandydat\u00f3w jest wi\u0119cej ni\u017c wolnych miejsc na pierwszym etapie post\u0119powania rekrutacyjnego bierze pod uwag\u0119 kryteria ustawowe:\n<ol>\n<li>wielodzietno\u015b\u0107 rodziny dziecka;<\/li>\n<li>niepe\u0142nosprawno\u015b\u0107 dziecka;<\/li>\n<li>niepe\u0142nosprawno\u015b\u0107 jednego z rodzic\u00f3w dziecka;<\/li>\n<li>niepe\u0142nosprawno\u015b\u0107 obojga rodzic\u00f3w dziecka;<\/li>\n<li>niepe\u0142nosprawno\u015b\u0107 rodze\u0144stwa dziecka;<\/li>\n<li>samotne wychowywanie dziecka w rodzinie;<\/li>\n<li>obj\u0119cie dziecka piecz\u0105 zast\u0119pcz\u0105.<\/li>\n<\/ol>\n<\/li>\n<li>je\u015bli po pierwszym etapie post\u0119powania rekrutacyjnego:\n<ul>\n<li>dzieci uzyskaj\u0105 r\u00f3wnorz\u0119dne wyniki,<\/li>\n<li>przedszkole lub szko\u0142a nadal maj\u0105 wolne miejsca,<\/li>\n<\/ul>\n<\/li>\n<\/ol>\n<\/li>\n<\/ol>\n<p>na drugim etapie komisja bierze pod uwag\u0119 tzw. kryteria samorz\u0105dowe z uchwa\u0142y Rady Warszawy.<\/p>\n<p><strong>Wyniki post\u0119powania rekrutacyjnego<\/strong><\/p>\n<ol>\n<li>Komisja rekrutacyjna podaje wyniki rekrutacji w formie listy dzieci zakwalifikowanych i&nbsp;niezakwalifikowanych do przyj\u0119cia.<\/li>\n<\/ol>\n<p><strong>[!]<\/strong> Czy Twoje dziecko zosta\u0142o zakwalifikowane do przyj\u0119cia mo\u017cesz sprawdzi\u0107 w systemie rekrutacyjnym \u2013 na koncie dziecka.<\/p>\n<ol>\n<li>Je\u015bli Twoje dziecko zosta\u0142o zakwalifikowane do przyj\u0119cia, potwierd\u017a wol\u0119 zapisu dziecka:\n<ul>\n<li>pisemnie \u2013 w przedszkolu lub szkole, do kt\u00f3rej zosta\u0142o zakwalifikowane,<br \/>\nlub<\/li>\n<li>elektronicznie \u2013 w systemie rekrutacyjnym.<\/li>\n<\/ul>\n<\/li>\n<li>Komisja rekrutacyjna przyjmuje dziecko do szko\u0142y, je\u017celi zosta\u0142o zakwalifikowane do przyj\u0119cia i rodzice potwierdzili wol\u0119 zapisu. &nbsp;<\/li>\n<li>Na koniec rekrutacji komisja podaje do publicznej wiadomo\u015bci list\u0119 dzieci przyj\u0119tych i&nbsp;nieprzyj\u0119tych do przedszkola lub szko\u0142y.<\/li>\n<\/ol>\n<p><strong>Procedura odwo\u0142awcza<\/strong><\/p>\n<p>Rodzice dzieci, kt\u00f3re nie zosta\u0142y przyj\u0119te mog\u0105:<\/p>\n<ol>\n<li>Wnioskowa\u0107 do komisji rekrutacyjnej o sporz\u0105dzenie uzasadnienia odmowy przyj\u0119cia dziecka do szko\u0142y.<br \/>\n<strong>[!] <\/strong>Rodzice maj\u0105 na to 3 dni od dnia podania do publicznej wiadomo\u015bci listy dzieci przyj\u0119tych i&nbsp;nieprzyj\u0119tych.<\/li>\n<li>Po otrzymaniu uzasadnienia wnie\u015b\u0107 do dyrektora szko\u0142y odwo\u0142anie od rozstrzygni\u0119cia komisji rekrutacyjnej<br \/>\n<strong>[!]&nbsp;<\/strong>Rodzice maj\u0105 na to 3 dni od dnia otrzymania uzasadnienia.<\/li>\n<li>Na rozstrzygni\u0119cie dyrektora przedszkola\/szko\u0142y s\u0142u\u017cy skarga do s\u0105du administracyjnego.<\/li>\n<\/ol>\n<p>Rodzice mog\u0105 sk\u0142ada\u0107 wniosek o wydanie uzasadnienia odmowy przyj\u0119cia dziecka oraz odwo\u0142anie<br \/>\nod rozstrzygni\u0119cia komisji rekrutacyjnej r\u00f3wnie\u017c za po\u015brednictwem systemu elektronicznego. Loguj\u0105 si\u0119 w tym celu na konto dziecka.<\/p>\n<p><strong>Rekrutacja dzieci z orzeczeniem o potrzebie kszta\u0142cenia specjalnego wydanym ze wzgl\u0119du na niepe\u0142nosprawno\u015b\u0107<\/strong><\/p>\n<p>Je\u015bli Twoje dziecko ma orzeczenie o potrzebie kszta\u0142cenia specjalnego, wydane ze wzgl\u0119du na niepe\u0142nosprawno\u015b\u0107, mo\u017cesz ubiega\u0107 si\u0119 o przyj\u0119cie go do oddzia\u0142\u00f3w:<\/p>\n<ul>\n<li>og\u00f3lnodost\u0119pnych,<\/li>\n<\/ul>\n<ul>\n<li>integracyjnych.<\/li>\n<\/ul>\n<p>Aby dziecko wzi\u0119\u0142o udzia\u0142 w rekrutacji:<\/p>\n<ol>\n<li>Do wniosku do\u0142\u0105cz kopi\u0119 orzeczenia o potrzebie kszta\u0142cenia specjalnego, wydanego na okres wychowania przedszkolnego.<\/li>\n<li>Kopi\u0119 orzeczenia, po\u015bwiadczon\u0105 przez Ciebie za zgodno\u015b\u0107 z orygina\u0142em:\n<ol>\n<li>z\u0142\u00f3\u017c we wszystkich przedszkolach lub szko\u0142ach, w kt\u00f3rych wybierasz oddzia\u0142 integracyjny<\/li>\n<\/ol>\n<\/li>\n<\/ol>\n<p>lub<\/p>\n<ol>\n<li>\n<ol>\n<li>pod\u0142\u0105cz w systemie (je\u015bli podpisujesz wniosek profilem zaufanym).<br \/>\n&nbsp;<\/li>\n<\/ol>\n<\/li>\n<li>Uk\u0142adaj\u0105c list\u0119 wybranych przedszkoli lub szk\u00f3\u0142, do kt\u00f3rych chcesz zapisa\u0107 dziecko, najlepiej je\u017celi wska\u017cesz we wniosku:\n<ol>\n<li>na pocz\u0105tku oddzia\u0142y integracyjne&nbsp;dla dzieci z orzeczeniem o potrzebie kszta\u0142cenia specjalnego, a nast\u0119pnie oddzia\u0142y og\u00f3lnodost\u0119pne,<\/li>\n<\/ol>\n<\/li>\n<\/ol>\n<p>lub<\/p>\n<ol>\n<li>\n<ol>\n<li>na pocz\u0105tku oddzia\u0142y og\u00f3lnodost\u0119pne, a nast\u0119pnie oddzia\u0142y integracyjne dla dzieci<br \/>\nz orzeczeniem o potrzebie kszta\u0142cenia specjalnego.<br \/>\n&nbsp;<\/li>\n<\/ol>\n<\/li>\n<li>Dziecko z orzeczeniem o potrzebie kszta\u0142cenia specjalnego nie ma naliczanych punkt\u00f3w<br \/>\nza kryteria w oddzia\u0142ach integracyjnych (miejsca przeznaczone dla dzieci<br \/>\nz niepe\u0142nosprawno\u015bci\u0105).<\/li>\n<li>O przyj\u0119ciu dziecka z orzeczeniem o potrzebie kszta\u0142cenia specjalnego do oddzia\u0142u integracyjnego decyduje dyrektor przedszkola lub szko\u0142y.<\/li>\n<li>Post\u0119powanie rekrutacyjne dzieci z orzeczeniem o potrzebie kszta\u0142cenia specjalnego<br \/>\ndo oddzia\u0142\u00f3w og\u00f3lnodost\u0119pnych prowadzi komisja rekrutacyjna przedszkola lub szko\u0142y wed\u0142ug powy\u017cej opisanych zasad.<\/li>\n<\/ol>\n<p><a href=\"https:\/\/edukacja.um.warszawa.pl\/zasady-rekrutacji#_ftnref1\" name=\"_ftn1\">[1]<\/a> Zasady prowadzenia post\u0119powania rekrutacyjnego zosta\u0142y<strong> przygotowane w oparciu o zapisy ustawy Prawo o\u015bwiatowe <\/strong>z dnia 14 grudnia 2016 (Dz. U. z 2024 r., poz. 737) zwanej dalej \u201eustaw\u0105\u201d<\/p>\n<p><a href=\"https:\/\/edukacja.um.warszawa.pl\/zasady-rekrutacji#_ftnref2\" name=\"_ftn2\">[2]<\/a> art. 31 ust. 1 ustawy z dnia 14 grudnia 2016 r. Prawo o\u015bwiatowe (Dz. U. z 2024 r., poz. 737)<\/p>\n<p><a href=\"https:\/\/edukacja.um.warszawa.pl\/zasady-rekrutacji#_ftnref3\" name=\"_ftn3\">[3]<\/a> Przez rodzic\u00f3w rozumie si\u0119 r\u00f3wnie\u017c opiekun\u00f3w prawnych<\/p>\n<p><a href=\"https:\/\/edukacja.um.warszawa.pl\/zasady-rekrutacji#_ftnref4\" name=\"_ftn4\">[4]<\/a> W szczeg\u00f3lnie uzasadnionych przypadkach wychowaniem przedszkolnym mo\u017ce tak\u017ce zosta\u0107 obj\u0119te dziecko, kt\u00f3re uko\u0144czy\u0142o 2,5 roku (art. 31 ust. 3 ustawy Prawo o\u015bwiatowe)<\/p>\n<p><a href=\"https:\/\/edukacja.um.warszawa.pl\/zasady-rekrutacji#_ftnref5\" name=\"_ftn5\">[5]<\/a> Przez rodzic\u00f3w rozumie si\u0119 r\u00f3wnie\u017c opiekun\u00f3w prawnych<\/p>\n<p><a href=\"https:\/\/edukacja.um.warszawa.pl\/zasady-rekrutacji#_ftnref6\" name=\"_ftn6\">[6]<\/a> art. 153 ust. 2 ustawy<\/p>\n<p><a href=\"https:\/\/edukacja.um.warszawa.pl\/zasady-rekrutacji#_ftnref7\" name=\"_ftn7\">[7]<\/a> Uchwa\u0142a nr XLI\/1062\/2017 Rady m.st. Warszawy z dnia 9 lutego 2017 r. w sprawie sk\u0142adania wniosk\u00f3w o przyj\u0119cie do publicznych przedszkoli, oddzia\u0142\u00f3w przedszkolnych w szko\u0142ach podstawowych oraz szk\u00f3\u0142 podstawowych prowadzonych przez m.st. Warszaw\u0119<\/p>\n<p><a href=\"https:\/\/edukacja.um.warszawa.pl\/zasady-rekrutacji#_ftnref8\" name=\"_ftn8\">[8]<\/a> Ustawa z dnia 25 lutego 1964 r. Kodeks rodzinny i opieku\u0144czy&nbsp;(Dz. U. z 2023 r., poz. 2809)<br \/>\nart. 97 \u00a7&nbsp;1. \u201eJe\u017celi w\u0142adza rodzicielska przys\u0142uguje obojgu rodzicom, ka\u017cde z nich jest obowi\u0105zane i uprawnione do jej wykonywania<\/p>\n<ul>\n<li>2.&nbsp;Jednak\u017ce o istotnych sprawach dziecka rodzice rozstrzygaj\u0105 wsp\u00f3lnie; w braku porozumienia mi\u0119dzy nimi rozstrzyga s\u0105d opieku\u0144czy\u201d.<\/li>\n<\/ul>\n<p><a href=\"https:\/\/edukacja.um.warszawa.pl\/zasady-rekrutacji#_ftnref9\" name=\"_ftn9\">[9]<\/a> Do wywiadu stosujemy przepisy o rodzinnym wywiadzie \u015brodowiskowym, przeprowadzanym dla ustalenia prawa do \u015bwiadczenia wychowawczego, o kt\u00f3rym mowa w&nbsp;ustawie z dnia 11 lutego 2016 r. o pomocy pa\u0144stwa w wychowaniu dzieci (Dz. U. z 2024 r. poz. 1576)<\/p>\n","protected":false},"excerpt":{"rendered":"<p>Zasady rekrutacji do przedszkoli i oddzia\u0142\u00f3w przedszkolnych w szko\u0142ach podstawowych prowadzonych przez m.st. Warszaw\u0119 na rok szkolny 2025\/2026 28.01.2025 Informacje og\u00f3lne Post\u0119powanie prowadzone jest w elektronicznym systemie elektronicznym. Post\u0119powaniem rekrutacyjnym obejmujemy dzieci: &nbsp; urodzone w latach 2022-2019 (czyli 3-, 4-, 5- i 6-letnie) [2] dzieci z odroczonym obowi\u0105zkiem szkolnym,&nbsp;kt\u00f3re mieszkaj\u0105 [&hellip;]<\/p>\n","protected":false},"author":1,"featured_media":0,"parent":0,"menu_order":0,"comment_status":"closed","ping_status":"closed","template":"","meta":{"ngg_post_thumbnail":0,"footnotes":""},"class_list":["post-3139","page","type-page","status-publish","hentry"],"_links":{"self":[{"href":"https:\/\/uszatek.waw.pl\/index.php?rest_route=\/wp\/v2\/pages\/3139","targetHints":{"allow":["GET"]}}],"collection":[{"href":"https:\/\/uszatek.waw.pl\/index.php?rest_route=\/wp\/v2\/pages"}],"about":[{"href":"https:\/\/uszatek.waw.pl\/index.php?rest_route=\/wp\/v2\/types\/page"}],"author":[{"embeddable":true,"href":"https:\/\/uszatek.waw.pl\/index.php?rest_route=\/wp\/v2\/users\/1"}],"replies":[{"embeddable":true,"href":"https:\/\/uszatek.waw.pl\/index.php?rest_route=%2Fwp%2Fv2%2Fcomments&post=3139"}],"version-history":[{"count":1,"href":"https:\/\/uszatek.waw.pl\/index.php?rest_route=\/wp\/v2\/pages\/3139\/revisions"}],"predecessor-version":[{"id":3140,"href":"https:\/\/uszatek.waw.pl\/index.php?rest_route=\/wp\/v2\/pages\/3139\/revisions\/3140"}],"wp:attachment":[{"href":"https:\/\/uszatek.waw.pl\/index.php?rest_route=%2Fwp%2Fv2%2Fmedia&parent=3139"}],"curies":[{"name":"wp","href":"https:\/\/api.w.org\/{rel}","templated":true}]}}