{"id":3137,"date":"2025-01-29T07:44:06","date_gmt":"2025-01-29T07:44:06","guid":{"rendered":"https:\/\/uszatek.waw.pl\/?page_id=3137"},"modified":"2025-04-25T09:27:51","modified_gmt":"2025-04-25T09:27:51","slug":"aktualnosci","status":"publish","type":"page","link":"https:\/\/uszatek.waw.pl\/?page_id=3137","title":{"rendered":"Aktualno\u015bci"},"content":{"rendered":"<h4>Rekrutacja do przedszkoli i oddzia\u0142\u00f3w przedszkolnych w szko\u0142ach podstawowych rozpocznie si\u0119 <strong>4 marca br. o godz. 13:00 <\/strong>i prowadzona b\u0119dzie za pomoc\u0105 elektronicznego systemu rekrutacji <a href=\"https:\/\/rekrutacje-warszawa.pzo.edu.pl\/formico-public\/\">https:\/\/rekrutacje-warszawa.pzo.edu.pl\/formico-public\/<\/a><\/h4>\n","protected":false},"excerpt":{"rendered":"<p>Rekrutacja do przedszkoli i oddzia\u0142\u00f3w przedszkolnych w szko\u0142ach podstawowych rozpocznie si\u0119 4 marca br. o godz. 13:00 i prowadzona b\u0119dzie za pomoc\u0105 elektronicznego systemu rekrutacji https:\/\/rekrutacje-warszawa.pzo.edu.pl\/formico-public\/<\/p>\n","protected":false},"author":1,"featured_media":0,"parent":0,"menu_order":0,"comment_status":"closed","ping_status":"closed","template":"","meta":{"ngg_post_thumbnail":0,"footnotes":""},"class_list":["post-3137","page","type-page","status-publish","hentry"],"_links":{"self":[{"href":"https:\/\/uszatek.waw.pl\/index.php?rest_route=\/wp\/v2\/pages\/3137","targetHints":{"allow":["GET"]}}],"collection":[{"href":"https:\/\/uszatek.waw.pl\/index.php?rest_route=\/wp\/v2\/pages"}],"about":[{"href":"https:\/\/uszatek.waw.pl\/index.php?rest_route=\/wp\/v2\/types\/page"}],"author":[{"embeddable":true,"href":"https:\/\/uszatek.waw.pl\/index.php?rest_route=\/wp\/v2\/users\/1"}],"replies":[{"embeddable":true,"href":"https:\/\/uszatek.waw.pl\/index.php?rest_route=%2Fwp%2Fv2%2Fcomments&post=3137"}],"version-history":[{"count":2,"href":"https:\/\/uszatek.waw.pl\/index.php?rest_route=\/wp\/v2\/pages\/3137\/revisions"}],"predecessor-version":[{"id":3270,"href":"https:\/\/uszatek.waw.pl\/index.php?rest_route=\/wp\/v2\/pages\/3137\/revisions\/3270"}],"wp:attachment":[{"href":"https:\/\/uszatek.waw.pl\/index.php?rest_route=%2Fwp%2Fv2%2Fmedia&parent=3137"}],"curies":[{"name":"wp","href":"https:\/\/api.w.org\/{rel}","templated":true}]}}