{"id":2931,"date":"2024-05-28T11:45:17","date_gmt":"2024-05-28T11:45:17","guid":{"rendered":"https:\/\/uszatek.waw.pl\/?page_id=2931"},"modified":"2024-05-28T11:45:17","modified_gmt":"2024-05-28T11:45:17","slug":"standardy-ochrony-maloletnich","status":"publish","type":"page","link":"https:\/\/uszatek.waw.pl\/?page_id=2931","title":{"rendered":"Standardy Ochrony Ma\u0142oletnich"},"content":{"rendered":"<h4>Zapraszamy do zapoznania si\u0119 ze Standardami Ochrony Dzieci Przedszkolu nr 272 im. &#8222;Misia Uszatka&#8221; kt\u00f3re s\u0105 dost\u0119pne <a href=\"https:\/\/uszatek.waw.pl\/wp-content\/uploads\/2024\/05\/Standardy_ochrony_p272.pdf\" target=\"_blank\" rel=\"noopener\">TUTAJ <\/a><\/h4>\n<p>&nbsp;<\/p>\n","protected":false},"excerpt":{"rendered":"<p>Zapraszamy do zapoznania si\u0119 ze Standardami Ochrony Dzieci Przedszkolu nr 272 im. &#8222;Misia Uszatka&#8221; kt\u00f3re s\u0105 dost\u0119pne TUTAJ &nbsp;<\/p>\n","protected":false},"author":1,"featured_media":0,"parent":0,"menu_order":0,"comment_status":"closed","ping_status":"closed","template":"","meta":{"ngg_post_thumbnail":0,"footnotes":""},"class_list":["post-2931","page","type-page","status-publish","hentry"],"_links":{"self":[{"href":"https:\/\/uszatek.waw.pl\/index.php?rest_route=\/wp\/v2\/pages\/2931","targetHints":{"allow":["GET"]}}],"collection":[{"href":"https:\/\/uszatek.waw.pl\/index.php?rest_route=\/wp\/v2\/pages"}],"about":[{"href":"https:\/\/uszatek.waw.pl\/index.php?rest_route=\/wp\/v2\/types\/page"}],"author":[{"embeddable":true,"href":"https:\/\/uszatek.waw.pl\/index.php?rest_route=\/wp\/v2\/users\/1"}],"replies":[{"embeddable":true,"href":"https:\/\/uszatek.waw.pl\/index.php?rest_route=%2Fwp%2Fv2%2Fcomments&post=2931"}],"version-history":[{"count":1,"href":"https:\/\/uszatek.waw.pl\/index.php?rest_route=\/wp\/v2\/pages\/2931\/revisions"}],"predecessor-version":[{"id":2933,"href":"https:\/\/uszatek.waw.pl\/index.php?rest_route=\/wp\/v2\/pages\/2931\/revisions\/2933"}],"wp:attachment":[{"href":"https:\/\/uszatek.waw.pl\/index.php?rest_route=%2Fwp%2Fv2%2Fmedia&parent=2931"}],"curies":[{"name":"wp","href":"https:\/\/api.w.org\/{rel}","templated":true}]}}