{"id":2834,"date":"2024-03-06T10:29:21","date_gmt":"2024-03-06T10:29:21","guid":{"rendered":"https:\/\/uszatek.waw.pl\/?page_id=2834"},"modified":"2024-03-06T10:29:21","modified_gmt":"2024-03-06T10:29:21","slug":"kampania-dzieci-w-wirtualnej-sieci","status":"publish","type":"page","link":"https:\/\/uszatek.waw.pl\/?page_id=2834","title":{"rendered":"Kampania &#8222;Dzieci w wirtualnej sieci&#8221;"},"content":{"rendered":"<p>Z wielu bada\u0144 wiemy, jak du\u017ce spustoszenie w psychice i rozwoju emocjonalnym dzieci powoduje nieograniczony dost\u0119p do Internetu i \u015bwiata wirtualnego za po\u015brednictwem smartfon\u00f3w, tablet\u00f3w i komputer\u00f3w, kt\u00f3re s\u0105 tak popularnym prezentem. Rodzice i krewni s\u0105 cz\u0119sto nie\u015bwiadomi tych zagro\u017ce\u0144. Urz\u0105dzenia te, wprowadzone w \u015bwiat dziecka bez zasad i wsparcia ze strony doros\u0142ych \u2013 otwieraj\u0105 dzieciom dost\u0119p do \u015bwiata pe\u0142nego chamstwa, hazardu, gier komputerowych, pornografii, przemocy i kolejnych uzale\u017cnie\u0144 dewastuj\u0105cych nieodwracalnie psychik\u0119 i m\u00f3zg m\u0142odego cz\u0142owieka.<\/p>\n<p><strong>Broszura \u201eDzieci w wirtualnej sieci\u201d, adresowana do rodzic\u00f3w dzieci w wieku 7-9 lat,<\/strong> ukazuje wspomniane zagro\u017cenia oraz <strong>wyposa\u017ca rodzic\u00f3w w niezb\u0119dn\u0105 wiedz\u0119<\/strong> i <strong>rozwi\u0105zania pomocne w wychowaniu<\/strong> oraz <strong>uczenia<\/strong> <strong>w\u0142a\u015bciwego korzystania<\/strong> z urz\u0105dze\u0144 elektronicznych.<\/p>\n<p>Jest ona szczeg\u00f3lnie aktualna w czasie gdy dzieci maj\u0105 za sob\u0105 dwa lata nauki przez Internet. By\u0142 to niestety r\u00f3wnie\u017c czas, gdy dzieci \u2013 bez kontroli rodzic\u00f3w \u2013 mia\u0142y dost\u0119p do szkodliwych tre\u015bci znajduj\u0105cych si\u0119 w sieci. W konsekwencji, dzieci poprzez zetkni\u0119cie si\u0119 z destrukcyjnymi tre\u015bciami p\u0142yn\u0105cymi z wirtualnego \u015bwiata maj\u0105 p\u00f3\u017aniej olbrzymie trudno\u015bci w relacjach z rodzicami czy r\u00f3wie\u015bnikami, a tak\u017ce do\u015bwiadczaj\u0105 problem\u00f3w z rozwojem osobowym.<\/p>\n<p><strong><span style=\"color: #ff0000;\">Broszura do pobrania znajduje si\u0119 <\/span><\/strong><a href=\"https:\/\/uszatek.waw.pl\/wp-content\/uploads\/2024\/03\/Dzieci-w-wirtualnej-sieci_wydanie-III_3_internet3.pdf\" target=\"_blank\" rel=\"noopener\"><strong><span style=\"color: #ff0000;\">TUTAJ<\/span><\/strong><\/a><\/p>\n<p>Zapraszamy r\u00f3wnie\u017c do zapoznania si\u0119 z filmem edukacyjnym &#8222;Dzieci w wirtualnej sieci&#8221; <a href=\"https:\/\/www.youtube.com\/watch?v=Iwio33qUm8U\">https:\/\/www.youtube.com\/watch?v=Iwio33qUm8U&nbsp;<\/a><\/p>\n","protected":false},"excerpt":{"rendered":"<p>Z wielu bada\u0144 wiemy, jak du\u017ce spustoszenie w psychice i rozwoju emocjonalnym dzieci powoduje nieograniczony dost\u0119p do Internetu i \u015bwiata wirtualnego za po\u015brednictwem smartfon\u00f3w, tablet\u00f3w i komputer\u00f3w, kt\u00f3re s\u0105 tak popularnym prezentem. Rodzice i krewni s\u0105 cz\u0119sto nie\u015bwiadomi tych zagro\u017ce\u0144. Urz\u0105dzenia te, wprowadzone w \u015bwiat dziecka bez zasad i wsparcia [&hellip;]<\/p>\n","protected":false},"author":1,"featured_media":0,"parent":0,"menu_order":0,"comment_status":"closed","ping_status":"closed","template":"","meta":{"ngg_post_thumbnail":0,"footnotes":""},"class_list":["post-2834","page","type-page","status-publish","hentry"],"_links":{"self":[{"href":"https:\/\/uszatek.waw.pl\/index.php?rest_route=\/wp\/v2\/pages\/2834","targetHints":{"allow":["GET"]}}],"collection":[{"href":"https:\/\/uszatek.waw.pl\/index.php?rest_route=\/wp\/v2\/pages"}],"about":[{"href":"https:\/\/uszatek.waw.pl\/index.php?rest_route=\/wp\/v2\/types\/page"}],"author":[{"embeddable":true,"href":"https:\/\/uszatek.waw.pl\/index.php?rest_route=\/wp\/v2\/users\/1"}],"replies":[{"embeddable":true,"href":"https:\/\/uszatek.waw.pl\/index.php?rest_route=%2Fwp%2Fv2%2Fcomments&post=2834"}],"version-history":[{"count":1,"href":"https:\/\/uszatek.waw.pl\/index.php?rest_route=\/wp\/v2\/pages\/2834\/revisions"}],"predecessor-version":[{"id":2836,"href":"https:\/\/uszatek.waw.pl\/index.php?rest_route=\/wp\/v2\/pages\/2834\/revisions\/2836"}],"wp:attachment":[{"href":"https:\/\/uszatek.waw.pl\/index.php?rest_route=%2Fwp%2Fv2%2Fmedia&parent=2834"}],"curies":[{"name":"wp","href":"https:\/\/api.w.org\/{rel}","templated":true}]}}