{"id":2821,"date":"2024-03-06T09:49:42","date_gmt":"2024-03-06T09:49:42","guid":{"rendered":"https:\/\/uszatek.waw.pl\/?page_id=2821"},"modified":"2024-03-06T09:49:42","modified_gmt":"2024-03-06T09:49:42","slug":"innowacja-pedagogiczna-w-zdrowym-ciele-zdrowy-duch","status":"publish","type":"page","link":"https:\/\/uszatek.waw.pl\/?page_id=2821","title":{"rendered":"Innowacja pedagogiczna &#8222;W zdrowym ciele, zdrowy duch&#8221;"},"content":{"rendered":"<p>Innowacja pedagogiczna \u201eW zdrowym ciele zdrowy duch, dzielnie \u0107wiczy ma\u0142y zuch\u201d w Przedszkolu nr 272 im. \u201eMisia Uszatka\u201d<\/p>\n<p>W roku szkolnym 2023\/2024 dzieci z Przedszkola nr 272 realizuj\u0105 innowacj\u0119 pedagogiczn\u0105 \u201eW zdrowym ciele zdrowy duch, dzielnie \u0107wiczy ma\u0142y zuch\u201d, kt\u00f3ra powsta\u0142a w oparciu o Metod\u0119 Ruchu Rozwijaj\u0105cego Weroniki Sherborne oraz zdiagnozowane potrzeby dzieci w naszym przedszkolu. <img fetchpriority=\"high\" decoding=\"async\" class=\"size-medium wp-image-2822 alignleft\" src=\"https:\/\/uszatek.waw.pl\/wp-content\/uploads\/2024\/03\/IMG_4237-300x225.jpg\" alt=\"\" width=\"300\" height=\"225\" srcset=\"https:\/\/uszatek.waw.pl\/wp-content\/uploads\/2024\/03\/IMG_4237-300x225.jpg 300w, https:\/\/uszatek.waw.pl\/wp-content\/uploads\/2024\/03\/IMG_4237-1024x768.jpg 1024w, https:\/\/uszatek.waw.pl\/wp-content\/uploads\/2024\/03\/IMG_4237-768x576.jpg 768w, https:\/\/uszatek.waw.pl\/wp-content\/uploads\/2024\/03\/IMG_4237-1536x1152.jpg 1536w, https:\/\/uszatek.waw.pl\/wp-content\/uploads\/2024\/03\/IMG_4237-2048x1536.jpg 2048w\" sizes=\"(max-width: 300px) 100vw, 300px\" \/>Rozpocz\u0119\u0142y\u015bmy nasz\u0105 aktywno\u015b\u0107 podczas pikniku sportowo-rekreacyjnego w dniu 6 wrze\u015bnia w ogrodzie przedszkolnym. Inauguracja odby\u0142a si\u0119 przy udziale zaproszonych go\u015bci Burmistrz\u00f3w Dzielnicy Bielany, Rady Dzielnicy oraz zaprzyja\u017anionych mieszka\u0144c\u00f3w pobliskiego osiedla. Do zabawy zaprasza\u0142 zesp\u00f3\u0142 EM-FUN, kt\u00f3ry zaproponowa\u0142 sportow\u0105 r\u00f3\u017cnorodn\u0105 aktywno\u015b\u0107 dzieci i rodzic\u00f3w. Wszystkich zgromadzonych powita\u0142 gimnastyczn\u0105 piosenk\u0105 zesp\u00f3\u0142 grupy VI z Przedszkola nr 272.<\/p>\n<p>Innowacyjno\u015b\u0107 prowadzonych zaj\u0119\u0107 polega na tym, \u017ce mo\u017cna je wykonywa\u0107 w ka\u017cdych warunkach, sprz\u0119t gimnastyczny nie jest wymagany, a uczestnikami mog\u0105 by\u0107 osoby w ka\u017cdym wieku, kt\u00f3re do dyspozycji maj\u0105 tylko w\u0142asne cia\u0142o. \u0106wicz\u0105cy musz\u0105 wykaza\u0107 si\u0119 opieku\u0144czo\u015bci\u0105, umiej\u0119tno\u015bci\u0105 wsp\u00f3\u0142dzia\u0142ania oraz reagowania na potrzeby i mo\u017cliwo\u015bci innych. \u0106wiczenia s\u0105 bardzo proste i ka\u017cdy jest w stanie wzi\u0105\u0107 udzia\u0142 w zaj\u0119ciach.<\/p>\n<p>Dzi\u0119ki zabawom ruchowym opartym na Metodzie Ruchu Rozwijaj\u0105cego dzieci ucz\u0105 si\u0119 poznawania przestrzeni oraz funkcjonowania w niej; czuj\u0105 si\u0119 swobodnie i nie obawiaj\u0105 si\u0119 otoczenia; staj\u0105 si\u0119 mniej zahamowane, empatyczne i bardziej otwarte na sytuacje problemowe; poznaj\u0105 swoje cia\u0142o i ucz\u0105 si\u0119 kontrolowa\u0107 jego ruchy; \u0142atwiej nawi\u0105zuj\u0105 kontakty.<\/p>\n<p>Bardzo wa\u017cnym walorem metody Weroniki Sherborne jest r\u00f3wnie\u017c to, i\u017c w atmosferze radosnej zabawy umo\u017cliwia ona dzieciom zaspokojenie ich potrzeb psychicznych oraz zapewnia wzrost i rozw\u00f3j potrzeb spo\u0142ecznych\/poznawczych.<\/p>\n<p>W naszej codziennej pracy prowadzimy tak\u017ce gimnastyk\u0119 korekcyjn\u0105 dla wszystkich dzieci w przedszkolu oraz uczestniczymy w cyklicznych rozgrywkach sportowych z przedszkolakami z naszej dzielnicy.<\/p>\n<p>&nbsp;<\/p>\n","protected":false},"excerpt":{"rendered":"<p>Innowacja pedagogiczna \u201eW zdrowym ciele zdrowy duch, dzielnie \u0107wiczy ma\u0142y zuch\u201d w Przedszkolu nr 272 im. \u201eMisia Uszatka\u201d W roku szkolnym 2023\/2024 dzieci z Przedszkola nr 272 realizuj\u0105 innowacj\u0119 pedagogiczn\u0105 \u201eW zdrowym ciele zdrowy duch, dzielnie \u0107wiczy ma\u0142y zuch\u201d, kt\u00f3ra powsta\u0142a w oparciu o Metod\u0119 Ruchu Rozwijaj\u0105cego Weroniki Sherborne oraz [&hellip;]<\/p>\n","protected":false},"author":1,"featured_media":0,"parent":0,"menu_order":0,"comment_status":"closed","ping_status":"closed","template":"","meta":{"ngg_post_thumbnail":0,"footnotes":""},"class_list":["post-2821","page","type-page","status-publish","hentry"],"_links":{"self":[{"href":"https:\/\/uszatek.waw.pl\/index.php?rest_route=\/wp\/v2\/pages\/2821","targetHints":{"allow":["GET"]}}],"collection":[{"href":"https:\/\/uszatek.waw.pl\/index.php?rest_route=\/wp\/v2\/pages"}],"about":[{"href":"https:\/\/uszatek.waw.pl\/index.php?rest_route=\/wp\/v2\/types\/page"}],"author":[{"embeddable":true,"href":"https:\/\/uszatek.waw.pl\/index.php?rest_route=\/wp\/v2\/users\/1"}],"replies":[{"embeddable":true,"href":"https:\/\/uszatek.waw.pl\/index.php?rest_route=%2Fwp%2Fv2%2Fcomments&post=2821"}],"version-history":[{"count":4,"href":"https:\/\/uszatek.waw.pl\/index.php?rest_route=\/wp\/v2\/pages\/2821\/revisions"}],"predecessor-version":[{"id":2826,"href":"https:\/\/uszatek.waw.pl\/index.php?rest_route=\/wp\/v2\/pages\/2821\/revisions\/2826"}],"wp:attachment":[{"href":"https:\/\/uszatek.waw.pl\/index.php?rest_route=%2Fwp%2Fv2%2Fmedia&parent=2821"}],"curies":[{"name":"wp","href":"https:\/\/api.w.org\/{rel}","templated":true}]}}