{"id":2766,"date":"2024-01-24T09:32:41","date_gmt":"2024-01-24T09:32:41","guid":{"rendered":"https:\/\/uszatek.waw.pl\/?page_id=2766"},"modified":"2024-01-24T09:34:13","modified_gmt":"2024-01-24T09:34:13","slug":"tlumacz-on-line-pjm","status":"publish","type":"page","link":"https:\/\/uszatek.waw.pl\/?page_id=2766","title":{"rendered":"T\u0142umacz on-line PJM"},"content":{"rendered":"<h4>T\u0142umacz&nbsp; jest dost\u0119pny&nbsp; od poniedzia\u0142ku do pi\u0105tku od 7.00 do 20.00<\/h4>\n<h4>Przedszkole jest czynne w godzinach 7.00 &#8211; 17.30<\/h4>\n<h4>Sekretariat czynny&nbsp; 8.00 &#8211; 15.00<\/h4>\n<h4>Kontakt do t\u0142umacza on-line <a href=\"https:\/\/tlumacz.migam.org\/warszawa-przedszkole-nr-272-im-misia-uszatka-gajcego-9\" target=\"_blank\" rel=\"noopener\">TUTAJ<\/a><\/h4>\n<p><a href=\"https:\/\/tlumacz.migam.org\/warszawa-przedszkole-nr-272-im-misia-uszatka-gajcego-9\"><img fetchpriority=\"high\" decoding=\"async\" class=\"alignnone size-medium wp-image-2767\" src=\"https:\/\/uszatek.waw.pl\/wp-content\/uploads\/2024\/01\/Screenshot_50-300x263.png\" alt=\"\" width=\"300\" height=\"263\" srcset=\"https:\/\/uszatek.waw.pl\/wp-content\/uploads\/2024\/01\/Screenshot_50-300x263.png 300w, https:\/\/uszatek.waw.pl\/wp-content\/uploads\/2024\/01\/Screenshot_50.png 340w\" sizes=\"(max-width: 300px) 100vw, 300px\" \/><\/a><\/p>\n","protected":false},"excerpt":{"rendered":"<p>T\u0142umacz&nbsp; jest dost\u0119pny&nbsp; od poniedzia\u0142ku do pi\u0105tku od 7.00 do 20.00 Przedszkole jest czynne w godzinach 7.00 &#8211; 17.30 Sekretariat czynny&nbsp; 8.00 &#8211; 15.00 Kontakt do t\u0142umacza on-line TUTAJ<\/p>\n","protected":false},"author":1,"featured_media":0,"parent":0,"menu_order":0,"comment_status":"closed","ping_status":"closed","template":"","meta":{"ngg_post_thumbnail":0,"footnotes":""},"class_list":["post-2766","page","type-page","status-publish","hentry"],"_links":{"self":[{"href":"https:\/\/uszatek.waw.pl\/index.php?rest_route=\/wp\/v2\/pages\/2766","targetHints":{"allow":["GET"]}}],"collection":[{"href":"https:\/\/uszatek.waw.pl\/index.php?rest_route=\/wp\/v2\/pages"}],"about":[{"href":"https:\/\/uszatek.waw.pl\/index.php?rest_route=\/wp\/v2\/types\/page"}],"author":[{"embeddable":true,"href":"https:\/\/uszatek.waw.pl\/index.php?rest_route=\/wp\/v2\/users\/1"}],"replies":[{"embeddable":true,"href":"https:\/\/uszatek.waw.pl\/index.php?rest_route=%2Fwp%2Fv2%2Fcomments&post=2766"}],"version-history":[{"count":4,"href":"https:\/\/uszatek.waw.pl\/index.php?rest_route=\/wp\/v2\/pages\/2766\/revisions"}],"predecessor-version":[{"id":2771,"href":"https:\/\/uszatek.waw.pl\/index.php?rest_route=\/wp\/v2\/pages\/2766\/revisions\/2771"}],"wp:attachment":[{"href":"https:\/\/uszatek.waw.pl\/index.php?rest_route=%2Fwp%2Fv2%2Fmedia&parent=2766"}],"curies":[{"name":"wp","href":"https:\/\/api.w.org\/{rel}","templated":true}]}}