{"id":2669,"date":"2023-11-02T10:02:27","date_gmt":"2023-11-02T10:02:27","guid":{"rendered":"https:\/\/uszatek.waw.pl\/?page_id=2669"},"modified":"2023-11-02T10:12:26","modified_gmt":"2023-11-02T10:12:26","slug":"wazne-telefony","status":"publish","type":"page","link":"https:\/\/uszatek.waw.pl\/?page_id=2669","title":{"rendered":"Wa\u017cne telefony"},"content":{"rendered":"<p><strong>Infolinie wsparcia psychicznego dla dzieci i m\u0142odzie\u017cy:<\/strong><\/p>\n<ul>\n<li><strong>Telefon Zaufania dla Dzieci i M\u0142odzie\u017cy prowadzony przez Fundacj\u0119 Dajemy Dzieciom Si\u0142\u0119<\/strong>&nbsp; Tel. 116 111<strong>&nbsp;&nbsp;<\/strong>(czynny ca\u0142\u0105 dob\u0119)<\/li>\n<li><strong>Telefon dla rodzic\u00f3w i profesjonalist\u00f3w w sprawie bezpiecze\u0144stwa dzieci prowadzony przez Fundacj\u0119 Dajemy Dzieciom Si\u0142\u0119<\/strong>&nbsp; Tel.800 100 100 czynny od poniedzia\u0142ku do pi\u0105tku w godzinach 12:00-15:00<br \/>\nRozk\u0142ad dy\u017cur\u00f3w na stronie internetowej: <a href=\"https:\/\/800100100.pl\/\">https:\/\/800100100.pl)<\/a><\/li>\n<li>&nbsp;<strong>Dzieci\u0119cy Telefon Zaufania Rzecznika Praw Dziecka:<\/strong>Tel.: 800 121 212 (czynny ca\u0142\u0105 dob\u0119)&nbsp;&nbsp; <a href=\"https:\/\/brpd.gov.pl\/2019\/03\/11\/telefon-zaufania-z-informacja-o-edukacji-szkolnej\/\">https:\/\/brpd.gov.pl\/2019\/03\/11\/telefon-zaufania-z-informacja-o-edukacji-szkolnej\/<\/a><\/li>\n<\/ul>\n<p><strong>Wsparcie w przypadku specyficznych problem\u00f3w psychicznych ze zdrowiem<\/strong><\/p>\n<ul>\n<li><strong>Og\u00f3lnopolskie Pogotowie dla Ofiar Przemocy w Rodzinie &#8222;Niebieska Linia&#8221;&nbsp;<\/strong> Konsultacje w sprawie przemocy\u202fw rodzinie (dla ofiar i \u015bwiadk\u00f3w), tel.: 800 120 002&nbsp;&nbsp; &nbsp;<a href=\"http:\/\/www.niebieskalinia.info\/\">https:\/\/brpd.gov.pl\/2019\/03\/11\/telefon-zaufania-z-informacja-o-edukacji-szkolnej\/<\/a>&nbsp; &nbsp; &nbsp; &nbsp; &nbsp;&nbsp;&nbsp; &nbsp; &nbsp; &nbsp; &nbsp; &nbsp;&nbsp;<\/li>\n<li><strong>Og\u00f3lnopolski Telefon Zaufania Narkotyki:<\/strong> &nbsp; Telefon zaufania dla os\u00f3b uzale\u017cnionych od narkotyk\u00f3w prowadzony przez Krajowe Biuro&nbsp;do Spraw&nbsp; &nbsp;Przeciwdzia\u0142ania Narkomanii tel.: 800\u202f199\u202f990 (czynny codziennie w godzinach 16:00 &#8211; 21:00)&nbsp;&nbsp;<a href=\"https:\/\/www.kbpn.gov.pl\/portal?id=8276205\">https:\/\/www.kbpn.gov.pl\/portal?id=8276205<\/a>&nbsp; &nbsp; &nbsp; &nbsp; &nbsp; &nbsp; &nbsp; &nbsp; &nbsp; &nbsp; &nbsp; &nbsp; &nbsp; &nbsp; &nbsp; &nbsp; &nbsp; &nbsp; &nbsp; &nbsp; &nbsp; &nbsp; &nbsp; &nbsp; &nbsp; &nbsp; &nbsp; &nbsp; &nbsp; &nbsp; &nbsp; &nbsp; &nbsp; &nbsp; &nbsp; &nbsp; &nbsp; &nbsp; &nbsp; &nbsp; &nbsp; &nbsp; &nbsp; &nbsp; &nbsp; &nbsp; &nbsp; &nbsp; &nbsp; &nbsp; &nbsp; &nbsp; &nbsp; &nbsp; &nbsp; &nbsp; &nbsp; &nbsp; &nbsp; &nbsp; &nbsp; &nbsp; &nbsp; &nbsp;&nbsp;<\/li>\n<li><strong>Telefon Zaufania Uzale\u017cnienia Behawioralne:<\/strong>&nbsp; Telefon zaufania dla os\u00f3b z uzale\u017cnieniami behawioralnymi przy Instytucie Psychologii Zdrowia PTP&nbsp; tel.: 801\u202f889\u202f880 (czynny codziennie w godzinach 17:00-22:00)&nbsp; <a href=\"http:\/\/www.psychologia.edu.pl\/component\/content\/article\/1-latest-news\/1303-telefon-zaufania-801-889-880.html\">http:\/\/www.psychologia.edu.pl\/component\/content\/article\/1-latest-news\/1303-telefon-zaufania-801-889-880.html<\/a>&nbsp; &nbsp; &nbsp; &nbsp; &nbsp; &nbsp; &nbsp; &nbsp; &nbsp; &nbsp; &nbsp; &nbsp; &nbsp; &nbsp; &nbsp; &nbsp; &nbsp; &nbsp; &nbsp; &nbsp; &nbsp; &nbsp; &nbsp;&nbsp;<\/li>\n<li><strong>Telefoniczna Poradnia Pomocy Pal\u0105cym: <\/strong>Telefon zaufania dla os\u00f3b pal\u0105cych prowadzony przez&nbsp;Narodowy Instytut Onkologii&nbsp;w ramach Narodowego Programu Zdrowia&nbsp;&nbsp;tel.:<strong>&nbsp;<\/strong>801 108 108&nbsp;lub (22) 211 80 15&nbsp; (czynny od poniedzia\u0142ku do pi\u0105tku w godz. 11:00-19:00)&nbsp; &nbsp; <a href=\"http:\/\/jakrzucicpalenie.pl\/\">http:\/\/jakrzucicpalenie.pl\/<\/a>&nbsp; &nbsp; &nbsp; &nbsp; &nbsp; &nbsp; &nbsp; &nbsp; &nbsp; &nbsp; &nbsp; &nbsp; &nbsp; &nbsp; &nbsp; &nbsp; &nbsp; &nbsp; &nbsp; &nbsp; &nbsp; &nbsp; &nbsp; &nbsp; &nbsp; &nbsp; &nbsp; &nbsp; &nbsp; &nbsp; &nbsp; &nbsp; &nbsp; &nbsp; &nbsp; &nbsp; &nbsp; &nbsp; &nbsp; &nbsp; &nbsp; &nbsp; &nbsp; &nbsp; &nbsp; &nbsp; &nbsp; &nbsp; &nbsp; &nbsp; &nbsp; &nbsp; &nbsp; &nbsp; &nbsp; &nbsp; &nbsp; &nbsp; &nbsp; &nbsp; &nbsp; &nbsp; &nbsp; &nbsp; &nbsp; &nbsp; &nbsp; &nbsp; &nbsp; &nbsp; &nbsp; &nbsp; &nbsp; &nbsp; &nbsp; &nbsp; &nbsp; &nbsp; &nbsp; &nbsp;<\/li>\n<li><strong>O\u015brodki Interwencji Kryzysowej:<\/strong>&nbsp; Numery telefon\u00f3w dost\u0119pne s\u0105 na stronach o\u015brodk\u00f3w: <a href=\"http:\/\/www.oik.org.pl\/\">http:\/\/www.oik.org.pl\/<\/a> &nbsp;&nbsp; &nbsp; &nbsp; &nbsp; &nbsp; &nbsp; &nbsp; &nbsp; &nbsp; &nbsp; &nbsp; &nbsp; &nbsp; &nbsp; &nbsp; &nbsp; &nbsp; &nbsp; &nbsp; &nbsp; &nbsp; &nbsp; &nbsp; &nbsp;<\/li>\n<li><strong>Telefon wsparcia kryzysowego Asystent\u00f3w Zdrowienia:<\/strong> &nbsp; Dla os\u00f3b dotkni\u0119tych kryzysem psychicznym, ich rodzin i przyjaci\u00f3\u0142 tel.:<strong>&nbsp;<\/strong>698 761\u202f774<strong>&nbsp;<\/strong>(czynny w pon. w godz. 10:00 \u2013 19:00)&nbsp; &nbsp; &nbsp; &nbsp; &nbsp; &nbsp; &nbsp; &nbsp; &nbsp; &nbsp; &nbsp; &nbsp; &nbsp; &nbsp; &nbsp; &nbsp; &nbsp; &nbsp; &nbsp; &nbsp; &nbsp; &nbsp; &nbsp; &nbsp; &nbsp; &nbsp; &nbsp; &nbsp; &nbsp; &nbsp; &nbsp; &nbsp; &nbsp; &nbsp; &nbsp; &nbsp; &nbsp; &nbsp; &nbsp; &nbsp; &nbsp; &nbsp; &nbsp; &nbsp; &nbsp; &nbsp; &nbsp; &nbsp; &nbsp; &nbsp; &nbsp; &nbsp; &nbsp; &nbsp; &nbsp; &nbsp; &nbsp; &nbsp; &nbsp; &nbsp; &nbsp;<\/li>\n<li><strong>Pogotowie psychologiczne:<\/strong> Oferuje bezp\u0142atne konsultacje psychologiczne <a title=\"https:\/\/pogotowiepsychologiczne.com.pl\/\" href=\"https:\/\/pogotowiepsychologiczne.com.pl\/\">https:\/\/pogotowiepsychologiczne.com.pl\/<\/a><\/li>\n<\/ul>\n<p>&nbsp; &nbsp; &nbsp; &nbsp; &nbsp; &nbsp;&nbsp;<\/p>\n","protected":false},"excerpt":{"rendered":"<p>Infolinie wsparcia psychicznego dla dzieci i m\u0142odzie\u017cy: Telefon Zaufania dla Dzieci i M\u0142odzie\u017cy prowadzony przez Fundacj\u0119 Dajemy Dzieciom Si\u0142\u0119&nbsp; Tel. 116 111&nbsp;&nbsp;(czynny ca\u0142\u0105 dob\u0119) Telefon dla rodzic\u00f3w i profesjonalist\u00f3w w sprawie bezpiecze\u0144stwa dzieci prowadzony przez Fundacj\u0119 Dajemy Dzieciom Si\u0142\u0119&nbsp; Tel.800 100 100 czynny od poniedzia\u0142ku do pi\u0105tku w godzinach 12:00-15:00 [&hellip;]<\/p>\n","protected":false},"author":1,"featured_media":0,"parent":0,"menu_order":0,"comment_status":"closed","ping_status":"closed","template":"","meta":{"ngg_post_thumbnail":0,"footnotes":""},"class_list":["post-2669","page","type-page","status-publish","hentry"],"_links":{"self":[{"href":"https:\/\/uszatek.waw.pl\/index.php?rest_route=\/wp\/v2\/pages\/2669","targetHints":{"allow":["GET"]}}],"collection":[{"href":"https:\/\/uszatek.waw.pl\/index.php?rest_route=\/wp\/v2\/pages"}],"about":[{"href":"https:\/\/uszatek.waw.pl\/index.php?rest_route=\/wp\/v2\/types\/page"}],"author":[{"embeddable":true,"href":"https:\/\/uszatek.waw.pl\/index.php?rest_route=\/wp\/v2\/users\/1"}],"replies":[{"embeddable":true,"href":"https:\/\/uszatek.waw.pl\/index.php?rest_route=%2Fwp%2Fv2%2Fcomments&post=2669"}],"version-history":[{"count":2,"href":"https:\/\/uszatek.waw.pl\/index.php?rest_route=\/wp\/v2\/pages\/2669\/revisions"}],"predecessor-version":[{"id":2673,"href":"https:\/\/uszatek.waw.pl\/index.php?rest_route=\/wp\/v2\/pages\/2669\/revisions\/2673"}],"wp:attachment":[{"href":"https:\/\/uszatek.waw.pl\/index.php?rest_route=%2Fwp%2Fv2%2Fmedia&parent=2669"}],"curies":[{"name":"wp","href":"https:\/\/api.w.org\/{rel}","templated":true}]}}