{"id":2665,"date":"2023-11-02T09:21:44","date_gmt":"2023-11-02T09:21:44","guid":{"rendered":"https:\/\/uszatek.waw.pl\/?page_id=2665"},"modified":"2023-11-02T09:21:44","modified_gmt":"2023-11-02T09:21:44","slug":"instytucje-pomocowe-2","status":"publish","type":"page","link":"https:\/\/uszatek.waw.pl\/?page_id=2665","title":{"rendered":"Instytucje pomocowe"},"content":{"rendered":"<ol>\n<li><strong>O\u015brodek Pomocy Spo\u0142ecznej <\/strong><\/li>\n<\/ol>\n<p><a href=\"https:\/\/www.opsbielany.waw.pl\/\">https:\/\/www.opsbielany.waw.pl\/<\/a><\/p>\n<p>Jednostka organizacyjna pomocy spo\u0142ecznej w gminie, wykonuj\u0105ca zadania w zakresie pomocy spo\u0142ecznej (w\u0142asne oraz zlecone z zakresu administracji rz\u0105dowej). Zatrudnia pracownik\u00f3w socjalnych proporcjonalnie do liczby ludno\u015bci gminy w stosunku jeden pracownik socjalny na 2 tys. mieszka\u0144c\u00f3w, nie mniej jednak ni\u017c trzech pracownik\u00f3w.<\/p>\n<p>Zadania:<\/p>\n<p>\u2013 przyznawanie i wyp\u0142acanie zasi\u0142k\u00f3w sta\u0142ych<\/p>\n<p>\u2013 op\u0142acanie sk\u0142adek na ubezpieczenie zdrowotne<\/p>\n<p>\u2013 przyznawanie i wyp\u0142acanie zasi\u0142k\u00f3w okresowych<\/p>\n<p>\u2013 op\u0142acanie sk\u0142adek na ubezpieczenia emerytalne i rentowe za osob\u0119, kt\u00f3ra zrezygnuje z zatrudnienia w zwi\u0105zku z konieczno\u015bci\u0105 sprawowania bezpo\u015bredniej, osobistej opieki nad d\u0142ugotrwale ci\u0119\u017cko chorym cz\u0142onkiem rodziny oraz wsp\u00f3lnie niezamieszkuj\u0105cymi matk\u0105, ojcem lub rodze\u0144stwem;<\/p>\n<p>\u2013 praca socjalna;<\/p>\n<p>\u2013 organizowanie i \u015bwiadczenie us\u0142ug opieku\u0144czych, w tym specjalistycznych w miejscu zamieszkania<\/p>\n<p>\u2013 prowadzenie i zapewnienie miejsc w plac\u00f3wkach opieku\u0144czo-wychowawczych;<\/p>\n<p>\u2013 tworzenie gminnego systemu profilaktyki i opieki nad dzieckiem i rodzin\u0105;<\/p>\n<ol start=\"2\">\n<li><strong> Powiatowe Centrum Pomocy Rodzinie <\/strong><\/li>\n<\/ol>\n<p><a href=\"https:\/\/wcpr.pl\/\">https:\/\/wcpr.pl\/<\/a><\/p>\n<p>Jednostka organizacyjna pomocy spo\u0142ecznej w powiecie, wykonuj\u0105ca zadania z zakresu pomocy spo\u0142ecznej (w\u0142asne oraz zlecone z zakresu administracji rz\u0105dowej).<\/p>\n<p>Zadania powiatowych centr\u00f3w pomocy rodzinie w miastach na prawach powiatu realizuj\u0105 miejskie o\u015brodki pomocy spo\u0142ecznej\/miejskie o\u015brodki pomocy rodzinie.<\/p>\n<p>Zadania:<\/p>\n<p>\u2013 prowadzenie specjalistycznego poradnictwa<\/p>\n<p>\u2013 organizowanie opieki w rodzinach zast\u0119pczych, udzielanie pomocy pieni\u0119\u017cnej na cz\u0119\u015bciowe pokrycie koszt\u00f3w utrzymania umieszczonych w nich dzieci oraz wyp\u0142acanie wynagrodzenia z tytu\u0142u pozostawania w gotowo\u015bci przyj\u0119cia dziecka albo \u015bwiadczonej opieki i wychowania niespokrewnionym z dzieckiem zawodowym rodzinom zast\u0119pczym<\/p>\n<p>\u2013 pokrywanie koszt\u00f3w utrzymania dzieci z terenu powiatu, umieszczonych w plac\u00f3wkach opieku\u0144czo-wychowawczych i w rodzinach zast\u0119pczych, r\u00f3wnie\u017c na terenie innego powiatu<\/p>\n<p>\u2013 realizacja zada\u0144 wynikaj\u0105cych z rz\u0105dowych program\u00f3w pomocy spo\u0142ecznej, maj\u0105cych na celu ochron\u0119 poziomu \u017cycia os\u00f3b, rodzin i grup spo\u0142ecznych oraz rozw\u00f3j specjalistycznego wsparcia<\/p>\n<p>\u2013 przyznawanie pomocy pieni\u0119\u017cnej na usamodzielnienie oraz na kontynuowanie nauki osobom opuszczaj\u0105cym plac\u00f3wki opieku\u0144czo-wychowawcze typu rodzinnego i socjalizacyjnego, domy pomocy spo\u0142ecznej dla dzieci i m\u0142odzie\u017cy niepe\u0142nosprawnych intelektualnie, domy dla matek z ma\u0142oletnimi dzie\u0107mi i kobiet w ci\u0105\u017cy, rodziny zast\u0119pcze oraz schroniska dla nieletnich, zak\u0142ady poprawcze, specjalne o\u015brodki szkolno-wychowawcze lub m\u0142odzie\u017cowe o\u015brodki wychowawcze<\/p>\n<p>\u2013 udzielanie informacji o prawach i uprawnieniach<\/p>\n<p>\u2013 szkolenie i doskonalenie zawodowe kadr pomocy spo\u0142ecznej z terenu powiatu<\/p>\n<ol start=\"3\">\n<li><strong> Plac\u00f3wki opieku\u0144czo-wychowawcze<\/strong><\/li>\n<li>a) \u015bwietlice \u015brodowiskowe, terapeutyczne, socjoterapeutyczne<\/li>\n<\/ol>\n<p>Plac\u00f3wki opieku\u0144czo-wychowawcze wsparcia dziennego. Dzia\u0142ania \u015bwietlic najcz\u0119\u015bciej ukierunkowane s\u0105 na dzieci i m\u0142odzie\u017c wywodz\u0105ce si\u0119 z rodzin patologicznych lub maj\u0105cych trudn\u0105 sytuacj\u0119 materialn\u0105.<\/p>\n<p>Zadania:<\/p>\n<p>\u2013 \u0142agodzenie niedostatku wychowawczego w rodzinie;<\/p>\n<p>\u2013 udzielanie wsparcia i pomoc rodzinie w wychowaniu;<\/p>\n<p>\u2013 eliminowanie zaburze\u0144 zachowania;<\/p>\n<p>\u2013 wyr\u00f3wnywanie zaleg\u0142o\u015bci w nauce;<\/p>\n<p>\u2013 korygowanie dysfunkcji rozwojowych;<\/p>\n<p>\u2013 kszta\u0142towanie prawid\u0142owych nawyk\u00f3w i umiej\u0119tno\u015bci;<\/p>\n<p>\u2013 promocja zdrowego stylu \u017cycia w\u015br\u00f3d uczni\u00f3w i ich rodzic\u00f3w;<\/p>\n<p>\u2013 stymulowanie rozwoju zainteresowa\u0144 i uzdolnie\u0144 uczni\u00f3w;<\/p>\n<p>\u2013 przeciwdzia\u0142anie zagro\u017ceniom niedostosowania spo\u0142ecznego.<\/p>\n<p>\u2013 wsparcie psychologiczne i materialne podopiecznych oraz ich rodzin<\/p>\n<p><strong>Plac\u00f3wki opieku\u0144czo-wychowawcze wsparcia dziennego.<\/strong><\/p>\n<p>Plac\u00f3wki wsparcia dziennego dziel\u0105 si\u0119 na dwa typy:<\/p>\n<p><strong>\u2013 opieku\u0144cze<\/strong>, prowadzone w formie&nbsp;k\u00f3\u0142&nbsp;zainteresowa\u0144, \u015bwietlic,&nbsp;klub\u00f3w, ognisk wychowawczych,<\/p>\n<p>kt\u00f3re&nbsp;pomagaj\u0105 dzieciom w pokonywaniu trudno\u015bci&nbsp;szkolnych i organizowaniu czasu wolnego;<\/p>\n<p><strong>\u2013 specjalistyczne<\/strong>, w&nbsp;kt\u00f3rych&nbsp;jest realizowany&nbsp;program psychokorekcyjny lub psychoprofilaktyczny, w&nbsp;tym terapia pedagogiczna, psychologiczna,rehabilitacja, resocjalizacja;<\/p>\n<p>W&nbsp;plac\u00f3wce&nbsp;wsparcia dziennego prowadzone s\u0105&nbsp;nast\u0119puj\u0105ce formy pracy:<\/p>\n<p>* pomoc w kryzysach szkolnych, rodzinnych,&nbsp;r\u00f3wie\u015bniczych&nbsp;i osobistych;<\/p>\n<p>* zaj\u0119cia socjoterapeutyczne;<\/p>\n<p>* zaj\u0119cia korekcyjne, zaj\u0119cia kompensacyjne, zaj\u0119cia&nbsp;logopedyczne;<\/p>\n<p>* indywidualne programy korekcyjne;<\/p>\n<p>* pomoc w nauce;<\/p>\n<p>* pomoc socjalna;<\/p>\n<p>W wykonaniu swoich zada\u0144&nbsp;plac\u00f3wka&nbsp;wsparcia&nbsp;dziennego o zasi\u0119gu gminnym wsp\u00f3\u0142pracuje&nbsp;z&nbsp;w\u0142a\u015bciwym o\u015brodkiem pomocy spo\u0142ecznej, a&nbsp;plac\u00f3wka&nbsp;o zasi\u0119gu ponadgminnym \u2013 z centrum pomocy.&nbsp;Plac\u00f3wka&nbsp;wsparcia dziennego w celu wspierania funkcji&nbsp;opieku\u0144czej rodziny&nbsp;wsp\u00f3\u0142pracuje&nbsp;z innymi podmiotami,m.in..: z pracodawcami, mediami, organizacjami&nbsp;pozarz\u0105dowymi i \u015brodowiskami naukowymi.&nbsp;Dzia\u0142aj\u0105 one w najbli\u017cszym \u015brodowisku lokalnym&nbsp;dziecka. Do zada\u0144 tej&nbsp;plac\u00f3wki&nbsp;nale\u017c\u0105:<\/p>\n<ul>\n<li>wspieranie rodziny w sprawowaniu jej funkcji opieku\u0144czych;<\/li>\n<li>zapewnienie pomocy rodzinie i dzieciom sprawiaj\u0105cym problemy&nbsp;wychowawcze, zagro\u017conym demoralizacj\u0105, przest\u0119pczo\u015bci\u0105 lub&nbsp;uzale\u017cnieniem;<\/li>\n<li>wsp\u00f3\u0142praca&nbsp;ze szkol\u0105;<\/li>\n<\/ul>\n<p>wsp\u00f3\u0142praca&nbsp;z o\u015brodkiem pomocy spo\u0142ecznej oraz innymi&nbsp;instytucjami w rozwi\u0105zywaniu&nbsp;problem\u00f3w&nbsp;wychowawczych;<\/p>\n<ul>\n<li>zapewnienie opieki i wychowania;<\/li>\n<\/ul>\n<p>* do\u017cywianie;<\/p>\n<p>* organizacja czasu wolnego;<\/p>\n<p>* umo\u017cliwienie rozwoju zainteresowa\u0144;<\/p>\n<p>* organizowanie zabaw i zaj\u0119\u0107 sportowych;<\/p>\n<p>* sta\u0142a praca z rodzin\u0105 dziecka;<\/p>\n<p>* sta\u0142a&nbsp;wsp\u00f3\u0142praca z&nbsp;o\u015brodkiem pomocy spo\u0142ecznej,&nbsp;szkol\u0105, i s\u0105dem opieku\u0144czym i innymi podmiotami&nbsp;dzia\u0142aj\u0105cymi w \u015brodowisku lokalnym;<\/p>\n<ul>\n<li><strong>\u015awietlice \u015brodowiskowe<\/strong>\u2013 s\u0105&nbsp;plac\u00f3wkami&nbsp;przeznaczonymi&nbsp;szczeg\u00f3lnie&nbsp;dla&nbsp;uczni\u00f3w&nbsp;z zaburzeniami&nbsp;zachowania i dysfunkcjonalnym \u015brodowiskiem rodzinnym. Obejmuj\u0105 one&nbsp;uczni\u00f3w&nbsp;szk\u00f3\u0142&nbsp;podstawowych i&nbsp;ponad podstawowych.<\/li>\n<li>Wychowank\u00f3w&nbsp;do \u015bwietlic przyjmuje si\u0119 na pro\u015bb\u0119&nbsp;rodzic\u00f3w&nbsp;lub wniosek szko\u0142y, pogotowia opieku\u0144czego,&nbsp;s\u0105du, a tak\u017ce&nbsp;os\u00f3b&nbsp;prawnych i fizycznych,kt\u00f3re&nbsp;uznaj\u0105&nbsp;potrzeb\u0119 udzielania pomocy przez tak\u0105&nbsp;plac\u00f3wk\u0119.<\/li>\n<li>Warunkiem przyj\u0119cia jest bardzo cz\u0119sto opinia poradni&nbsp;psychologiczno-pedagogicznej lub pogotowia&nbsp;opieku\u0144czego.<\/li>\n<\/ul>\n<p>\u015awietlice \u015brodowiskowe sprawuj\u0105 wobec dzieci i&nbsp;m\u0142odzie\u017cy do nich ucz\u0119szczaj\u0105cych opiek\u0105&nbsp;wychowawcz\u0105, tworz\u0105 warunki do nauki, rozwijania zainteresowa\u0144 i uzdolnie\u0144,&nbsp;wyr\u00f3wnuj\u0105&nbsp;braki&nbsp;wychowawcze rodziny i eliminuj\u0105 zaburzenia&nbsp;zachowania.<\/p>\n<ul>\n<li><strong>Cel&nbsp;g\u0142\u00f3wnym<\/strong>dzia\u0142alno\u015bci \u015bwietlic \u015brodowiskowych jest:&nbsp;Podj\u0119cie wobec dzieci i m\u0142odzie\u017cy z rodzin dysfunkcyjnych i znajduj\u0105cych si\u0119 w trudnej sytuacji&nbsp;socjalnej dzia\u0142alno\u015bci z zakresu przeciw dzia\u0142ania&nbsp;patologi\u0105 spo\u0142ecznym.<\/li>\n<\/ul>\n<p><strong>G\u0142\u00f3wnym<\/strong>&nbsp;<strong>zadaniem \u015bwietlic \u015brodowiskowych<\/strong>&nbsp;jest wspieranie rodziny z sprawowaniu jej&nbsp;podstawowych funkcji, pomoc w rodzinie i&nbsp;dzieciom oraz wsp\u00f3\u0142praca&nbsp;ze szkol\u0105, o\u015brodkami&nbsp;pomocy spo\u0142ecznej i innymi instytucjami w rozwi\u0105zywaniu problem\u00f3w wychowawczych,&nbsp;poprzez dziania wychowawcze, opieku\u0144cze i&nbsp;edukacyjne realizowane w \u015bwietlicach.<\/p>\n<p><strong>1) Wsparcie rodzin dzieci w plac\u00f3wkach oraz<\/strong>&nbsp;<strong>dzia\u0142ania opieku\u0144czo-wychowawcze dla dzieci m\u0142odzie\u017cy tego wymagaj\u0105cych<\/strong><\/p>\n<p>Cele programu:<\/p>\n<p>\u25a0 zapewnienie dzieciom i m\u0142odzie\u017cy,&nbsp;szczeg\u00f3lno\u015bci&nbsp;ze&nbsp;\u015brodowisk najubo\u017cszych i zagro\u017conych zjawiskami patologicznymi, warunk\u00f3w do zr\u00f3wnowa\u017conego rozwoju i&nbsp;wyr\u00f3wnywania&nbsp;szans edukacyjnych, przez:<\/p>\n<p>\u2013 udost\u0119pnienie szerokiej oferty zaj\u0119\u0107 pozalekcyjnych:&nbsp;pomoc w nauce szkolnej w tym odrabianie lekcji,<\/p>\n<p>nadrabianie zaleg\u0142o\u015bci, organizacja&nbsp;konkurs\u00f3w&nbsp;wiedzy&nbsp;szkolnej<\/p>\n<p>\u2013 organizacja zaj\u0119\u0107 sportowych, tanecznych&nbsp;poprawiaj\u0105cych kondycj\u0119 i&nbsp;rozw\u00f3j&nbsp;fizyczny dzieci<\/p>\n<p>\u2013 zaj\u0119cia na \u015bwie\u017cym powietrzu: wycieczki, zabawy&nbsp;ruchowe, konkursy i turnieje<\/p>\n<p>\u2013 organizacja olimpiad sportowych<\/p>\n<p>\u2013 organizacja sekcji sportowych,&nbsp;rajd\u00f3w&nbsp;rowerowych<\/p>\n<p>\u2013 racjonalne do\u017cywianie dzieci w formie podwieczorku i&nbsp;kolacji<\/p>\n<p>\u25a0 wyposa\u017cenie dzieci i m\u0142odzie\u017cy w wiedz\u0119, umiej\u0119tno\u015bci i&nbsp;postawy umo\u017cliwiaj\u0105ce w doros\u0142ym \u017cyciu nie popadanie&nbsp;w uzale\u017cnienia, przest\u0119pczo\u015b\u0107 i u\u017cywanie przemocy, zapobieganie patologicznym formom zachowania&nbsp;poprzez:<\/p>\n<p>\u2013 prowadzenie&nbsp;program\u00f3w&nbsp;przeciwdzia\u0142ania przemocy,&nbsp;uzale\u017cnieniom, przest\u0119pczo\u015bci,<\/p>\n<p>\u2013 udzielania wparcia spo\u0142ecznego dzieciom,<\/p>\n<p>\u2013 budowanie atmosfery bezpiecze\u0144stwa,<\/p>\n<p>\u2013 budowanie poczucia w\u0142asnej warto\u015bci<\/p>\n<p>\u2013 zagospodarowanie czasu wolnego,<\/p>\n<p>\u2013 nauka budowania i podtrzymywania wi\u0119zi spo\u0142ecznych,&nbsp;budowania pozytywnych relacji z otoczeniem,<\/p>\n<p>\u25a0 udzielanie rodzinom pomocy psychologicznej i&nbsp;pedagogicznej, a w&nbsp;szczeg\u00f3lno\u015bci&nbsp;ochrony przed&nbsp;przemoc\u0105 w rodzinie:<\/p>\n<p>\u2013 diagnoza rodzin,<\/p>\n<p>\u2013 organizacja spotka\u0144 z psychologiem,<\/p>\n<p>\u2013 prowadzenie socjoterapii dla&nbsp;wychowank\u00f3w&nbsp;i rodzin,<\/p>\n<p>\u2013 pomoc rodzinom w kontakcie ze specjalistycznymi&nbsp;instytucjami,<\/p>\n<p>\u2013 wczasy terapeutyczne\/wychowawcze dla&nbsp;rodzin, jako&nbsp;kontynuacja pracy terapeutycznej\/ wychowawczej,<\/p>\n<p>\u2013&nbsp;wsp\u00f3\u0142praca&nbsp;z instytucjami \u015bwiadcz\u0105cymi pomoc rodzinom&nbsp;najubo\u017cszym i dysfunkcyjnym (O\u015brodki Pomocy&nbsp;Spo\u0142ecznej, Poradnie Rodzinne, s\u0105dy, szko\u0142y i inne),<\/p>\n<ol>\n<li>b) dom dziecka<\/li>\n<\/ol>\n<p>Ca\u0142odobowa plac\u00f3wka opieku\u0144czo-wychowawcza (publiczna b\u0105d\u017a niepubliczna) typu socjalizacyjnego. Do dom\u00f3w dziecka kierowane s\u0105 dzieci i m\u0142odzie\u017c, kt\u00f3rych potrzeby stale lub okresowo nie mog\u0105 by\u0107 zaspokajane w domu rodzinnym.<\/p>\n<p>Zadania:<\/p>\n<p>\u2013 zapewnienie dziecku opieki ca\u0142odobowej i wychowanie oraz zaspokajanie jego niezb\u0119dnych potrzeb<\/p>\n<p>\u2013 zaj\u0119cia wychowawcze, korekcyjne, kompensacyjne, logopedyczne, terapeutyczne, rekompensuj\u0105ce braki w wychowaniu w rodzinie i przygotowuj\u0105ce do \u017cycia spo\u0142ecznego, a dla dzieci niepe\u0142nosprawnych \u2013 rehabilitacja i zaj\u0119cia specjalistyczne<\/p>\n<p>\u2013 kszta\u0142cenie, wyr\u00f3wnywanie op\u00f3\u017anie\u0144 rozwojowych i szkolnych<\/p>\n<p>\u2013 dzia\u0142ania w celu powrotu dziecka do rodziny naturalnej, znalezienia rodziny przysposabiaj\u0105cej lub umieszczenia w rodzinnych formach opieki zast\u0119pczej<\/p>\n<p>\u2013 praca z rodzin\u0105 dziecka<\/p>\n<p>\u2013 odpowiednie formy opieki w \u015brodowisku, grupy usamodzielniaj\u0105ce oraz kontakt z rodzinami zaprzyja\u017anionymi<\/p>\n<ol>\n<li>c) o\u015brodek adopcyjno-opieku\u0144czy<\/li>\n<\/ol>\n<p>Plac\u00f3wka (publiczna b\u0105d\u017a niepubliczna), kt\u00f3ra zajmuje si\u0119 przeprowadzaniem procesu adopcji dzieci; przygotowuje i weryfikuje kandydat\u00f3w na rodzic\u00f3w adopcyjnych, po\u015bredniczy w kontaktach pomi\u0119dzy kandydatami na rodzic\u00f3w przysposabiaj\u0105cych a przeznaczonymi do adopcji.<\/p>\n<ol start=\"4\">\n<li><strong> Poradnie psychologiczno \u2013 pedagogiczne (pa\u0144stwowe i prywatne)<\/strong><\/li>\n<\/ol>\n<p>Zadania:<\/p>\n<p>\u2013 wspomaganie w rozwoju dzieci i m\u0142odzie\u017cy, efektywno\u015bci uczenia si\u0119, nabywania oraz rozwijania umiej\u0119tno\u015bci rozwi\u0105zywania konflikt\u00f3w i problem\u00f3w i umiej\u0119tno\u015b\u0107 z zakresu komunikacji spo\u0142ecznej,<\/p>\n<p>\u2013 profilaktyka uzale\u017cnie\u0144 i innych problem\u00f3w dzieci i m\u0142odzie\u017cy,<\/p>\n<p>-u pomocy psychologiczno-pedagogicznej dzieciom i m\u0142odzie\u017cy z grup ryzyka,<\/p>\n<p>\u2013 wspomaganie wychowawczej funkcji rodziny,<\/p>\n<p>\u2013 pomoc rodzicom oraz nauczycielom w diagnozowaniu i rozwijaniu mo\u017cliwo\u015bci oraz mocnych stron uczni\u00f3w,<\/p>\n<p>\u2013 wspomaganie rozwoju dziecka w wieku od urodzenia do 7 r. \u017cycia, udzielanie pomocy m\u0142odzie\u017cy w rozwi\u0105zaniu problem\u00f3w okresu dojrzewania,<\/p>\n<p>\u2013 udzielanie pomocy dzieciom i m\u0142odzie\u017cy niepe\u0142nosprawnej lub z dysfunkcjami rozwojowymi oraz ich rodzicom<\/p>\n<ol start=\"5\">\n<li><strong> Organizacje pozarz\u0105dowe (fundacje, stowarzyszenia, organizacje ko\u015bcielne)<\/strong><\/li>\n<\/ol>\n<p>Organizacja pozarz\u0105dowa jest to organizacja niezwi\u0105zana z \u017cadn\u0105 w\u0142adz\u0105 pa\u0144stwow\u0105 i niekorzystaj\u0105ca z rz\u0105dowej pomocy finansowej. Jej cz\u0142onkami s\u0105 zrzeszenia narodowe, stowarzyszenia o charakterze pozarz\u0105dowym oraz osoby fizyczne lub prawne z r\u00f3\u017cnych pa\u0144stw. Dzia\u0142alno\u015b\u0107 jej opiera si\u0119 na statutach, kt\u00f3re nie maj\u0105 charakteru um\u00f3w mi\u0119dzynarodowych. Organizacja pozarz\u0105dowa nie jest nastawiona na osi\u0105ganie zysku, ale na zaspokajanie jakich\u015b potrzeb.<\/p>\n<p>To nie znaczy jednak, \u017ce organizacja nie mo\u017ce prowadzi\u0107 dzia\u0142alno\u015bci gospodarczej. Mo\u017ce, tyle tylko, \u017ce dochody nie s\u0105 dzielone pomi\u0119dzy osoby pracuj\u0105ce czy ochotnik\u00f3w, ale s\u0105 przeznaczane na dalsz\u0105 dzia\u0142alno\u015b\u0107.<\/p>\n<ol start=\"6\">\n<li><strong> Kurator s\u0105dowy <\/strong><\/li>\n<\/ol>\n<p><a href=\"https:\/\/warszawa-zoliborz.sr.gov.pl\/kuratorzy,m,mg,205,208\">https:\/\/warszawa-zoliborz.sr.gov.pl\/kuratorzy,m,mg,205,208<\/a><\/p>\n<p>Funkcjonariusz publiczny, pe\u0142ni\u0105cy swoje obowi\u0105zki w jednym zespole kuratorskiej s\u0142u\u017cby s\u0105dowej, realizuj\u0105cy okre\u015blone przez prawo zadania o charakterze wychowawczo \u2013 resocjalizacyjnym, diagnostycznym, profilaktycznym i kontrolnym zwi\u0105zane z wykonywaniem orzecze\u0144 s\u0105du. Kuratorzy s\u0105dowi wykonuj\u0105 swoje zadania zar\u00f3wno w \u015brodowisku os\u00f3b kt\u00f3rych dotyczy post\u0119powanie czyli podopiecznych, w miejscu ich zamieszkania, jak i na terenie zak\u0142ad\u00f3w zamkni\u0119tych i plac\u00f3wek ich pobytu, w szczeg\u00f3lno\u015bci na terenie zak\u0142ad\u00f3w karnych, plac\u00f3wek opieku\u0144czo-wychowawczych oraz leczniczo-rehabilitacyjnych.<\/p>\n<ol start=\"7\">\n<li><strong> Dom Samotnej Matki <\/strong><\/li>\n<\/ol>\n<p>Instytucj\u0119 t\u0105 organizuj\u0105 organy administracji rz\u0105dowej i samorz\u0105dowej, wsp\u00f3\u0142pracuj\u0105c z organizacjami spo\u0142ecznymi. Osoby korzystaj\u0105ce z pomocy spo\u0142ecznej s\u0105 obowi\u0105zane do wsp\u00f3\u0142udzia\u0142u w rozwi\u0105zywaniu ich trudnej sytuacji \u017cyciowej. Plac\u00f3wka ta pomaga samotnym kobietom w ci\u0105\u017cy i z ma\u0142ymi dzie\u0107mi. Kobiety te cz\u0119sto pozbawione s\u0105 wsparcia ze strony najbli\u017cszej rodziny, niejednokrotnie pozbawione dachu nad g\u0142ow\u0105 i \u015brodk\u00f3w do \u017cycia. W tej trudnej sytuacji mog\u0105 one uzyska\u0107 pomoc zg\u0142aszaj\u0105c si\u0119 do Miejskich lub Gminnych O\u015brodk\u00f3w Pomocy Spo\u0142ecznej, kt\u00f3re skieruj\u0105 tak\u0105 osob\u0119 do najbli\u017cszej plac\u00f3wki opiekuj\u0105cej si\u0119 samotnymi matkami. Plac\u00f3wka taka gwarantuje czasowe zakwaterowanie oraz utrzymanie, a opiekunowie spo\u0142eczni pomog\u0105 znale\u017a\u0107 prac\u0119, mieszkanie i miejsce w \u017c\u0142obku lub przedszkolu dla dziecka. Zapewni\u0105 jej r\u00f3wnie\u017c opiek\u0119 medyczn\u0105 i psychologiczno \u2013 pedagogiczn\u0105.<\/p>\n<ol start=\"8\">\n<li><strong> O\u015brodki Wsparcia, Domy Pomocy Spo\u0142ecznej, \u015arodowiskowe Domy Samopomocy<\/strong><\/li>\n<\/ol>\n<p>(dzienne i ca\u0142odobowe, publiczne i niepubliczne)<\/p>\n<p>Dziel\u0105 si\u0119 na:<\/p>\n<ol>\n<li>a) dla os\u00f3b do\u015bwiadczaj\u0105cych przemocy w rodzinie<\/li>\n<\/ol>\n<p>Podejmuje dzia\u0142ania na rzecz przeciwdzia\u0142ania przemocy w rodzinie, m. in.:<\/p>\n<p>\u2013 poradnictwo medyczne, psychologiczne, prawne i socjalne;<\/p>\n<p>\u2013 wsparcie<\/p>\n<p>\u2013 ochrona przed dalszym krzywdzeniem, poprzez uniemo\u017cliwienie osobom stosuj\u0105cym przemoc korzystania ze wsp\u00f3lnie zajmowanego z innymi cz\u0142onkami rodziny mieszkania oraz zakazanie kontaktowania si\u0119 z osob\u0105 pokrzywdzon\u0105<\/p>\n<p>\u2013 zapewnienie, na \u017c\u0105danie osoby dotkni\u0119tej przemoc\u0105, bezpiecznego schronienia w specjalistycznym o\u015brodku<\/p>\n<ol>\n<li>b) dla os\u00f3b uzale\u017cnionych<\/li>\n<\/ol>\n<p>Zapewnia:<\/p>\n<p>\u2013 poradnictwo rodzinne<\/p>\n<p>\u2013 d\u0142ugoterminow\u0105 terapi\u0119 indywidualn\u0105 i grupow\u0105<\/p>\n<p>\u2013 prac\u0119 z dzie\u0107mi niedostosowanymi spo\u0142ecznie<\/p>\n<p>\u2013 diagnozowanie i opiniowanie poszczeg\u00f3lnych przypadk\u00f3w<\/p>\n<p>\u2013 diagnostyk\u0119 psychologiczn\u0105 dot. zespo\u0142\u00f3w uzale\u017cnie\u0144 alkoholowych i narkotycznych<\/p>\n<p>\u2013 psychoterapi\u0119 indywidualn\u0105<\/p>\n<p>\u2013 porady prawne<\/p>\n<ol>\n<li>c) dla os\u00f3b przewlekle psychicznie chorych<\/li>\n<li>d) dla os\u00f3b niepe\u0142nosprawnych<\/li>\n<li>e) dla os\u00f3b starszych<\/li>\n<li>f) dla os\u00f3b przewlekle somatycznie chorych<\/li>\n<\/ol>\n","protected":false},"excerpt":{"rendered":"<p>O\u015brodek Pomocy Spo\u0142ecznej https:\/\/www.opsbielany.waw.pl\/ Jednostka organizacyjna pomocy spo\u0142ecznej w gminie, wykonuj\u0105ca zadania w zakresie pomocy spo\u0142ecznej (w\u0142asne oraz zlecone z zakresu administracji rz\u0105dowej). Zatrudnia pracownik\u00f3w socjalnych proporcjonalnie do liczby ludno\u015bci gminy w stosunku jeden pracownik socjalny na 2 tys. mieszka\u0144c\u00f3w, nie mniej jednak ni\u017c trzech pracownik\u00f3w. Zadania: \u2013 przyznawanie i [&hellip;]<\/p>\n","protected":false},"author":1,"featured_media":0,"parent":0,"menu_order":0,"comment_status":"closed","ping_status":"closed","template":"","meta":{"ngg_post_thumbnail":0,"footnotes":""},"class_list":["post-2665","page","type-page","status-publish","hentry"],"_links":{"self":[{"href":"https:\/\/uszatek.waw.pl\/index.php?rest_route=\/wp\/v2\/pages\/2665","targetHints":{"allow":["GET"]}}],"collection":[{"href":"https:\/\/uszatek.waw.pl\/index.php?rest_route=\/wp\/v2\/pages"}],"about":[{"href":"https:\/\/uszatek.waw.pl\/index.php?rest_route=\/wp\/v2\/types\/page"}],"author":[{"embeddable":true,"href":"https:\/\/uszatek.waw.pl\/index.php?rest_route=\/wp\/v2\/users\/1"}],"replies":[{"embeddable":true,"href":"https:\/\/uszatek.waw.pl\/index.php?rest_route=%2Fwp%2Fv2%2Fcomments&post=2665"}],"version-history":[{"count":1,"href":"https:\/\/uszatek.waw.pl\/index.php?rest_route=\/wp\/v2\/pages\/2665\/revisions"}],"predecessor-version":[{"id":2666,"href":"https:\/\/uszatek.waw.pl\/index.php?rest_route=\/wp\/v2\/pages\/2665\/revisions\/2666"}],"wp:attachment":[{"href":"https:\/\/uszatek.waw.pl\/index.php?rest_route=%2Fwp%2Fv2%2Fmedia&parent=2665"}],"curies":[{"name":"wp","href":"https:\/\/api.w.org\/{rel}","templated":true}]}}