{"id":2273,"date":"2023-01-23T08:05:50","date_gmt":"2023-01-23T08:05:50","guid":{"rendered":"https:\/\/uszatek.waw.pl\/?page_id=2273"},"modified":"2025-01-29T07:41:27","modified_gmt":"2025-01-29T07:41:27","slug":"rekrutacja","status":"publish","type":"page","link":"https:\/\/uszatek.waw.pl\/?page_id=2273","title":{"rendered":"Spacer po przedszkolu"},"content":{"rendered":"<h4>Szanowni Pa\u0144stwo,<\/h4>\n<h4>serdecznie zapraszamy&nbsp; wszystkich z Pa\u0144stwa, kt\u00f3rzy chc\u0105 zapisa\u0107 dziecko do naszego przedszkola do wizyty w naszym przedszkolu .Aby\u015bmy mogli si\u0119 spotka\u0107 i swobodnie porozmawia\u0107 prosimy o um\u00f3wienie si\u0119 poprzez kontakt telefoniczny b\u0105d\u017a mailowy. Podczas spotkania opowiemy Pa\u0144stwu jak funkcjonuje nasze przedszkole, jakie programy realizujemy itp, odpowiemy na wszystkie pytania. Zapraszamy<\/h4>\n<h4><img fetchpriority=\"high\" decoding=\"async\" class=\"alignnone size-medium wp-image-2799\" src=\"https:\/\/uszatek.waw.pl\/wp-content\/uploads\/2024\/02\/z22968838AMPMis-Uszatek-300x200.jpg\" alt=\"\" width=\"300\" height=\"200\" srcset=\"https:\/\/uszatek.waw.pl\/wp-content\/uploads\/2024\/02\/z22968838AMPMis-Uszatek-300x200.jpg 300w, https:\/\/uszatek.waw.pl\/wp-content\/uploads\/2024\/02\/z22968838AMPMis-Uszatek-1024x683.jpg 1024w, https:\/\/uszatek.waw.pl\/wp-content\/uploads\/2024\/02\/z22968838AMPMis-Uszatek-768x512.jpg 768w, https:\/\/uszatek.waw.pl\/wp-content\/uploads\/2024\/02\/z22968838AMPMis-Uszatek.jpg 1200w\" sizes=\"(max-width: 300px) 100vw, 300px\" \/>Poni\u017cej znajduje si\u0119 film o naszym przedszkolu<\/h4>\n<h4>&nbsp;<a href=\"https:\/\/uszatek.waw.pl\/wp-content\/uploads\/2024\/01\/Prezentacja-przedszkole-272.pptx\" target=\"_blank\" rel=\"noopener\">TUTAJ<\/a><\/h4>\n<h4>&nbsp;<\/h4>\n<p>&nbsp;<\/p>\n<p>&nbsp;<\/p>\n<p>&nbsp;<\/p>\n<p>&nbsp;<\/p>\n<p>&nbsp;<\/p>\n<p>&nbsp;<\/p>\n","protected":false},"excerpt":{"rendered":"<p>Szanowni Pa\u0144stwo, serdecznie zapraszamy&nbsp; wszystkich z Pa\u0144stwa, kt\u00f3rzy chc\u0105 zapisa\u0107 dziecko do naszego przedszkola do wizyty w naszym przedszkolu .Aby\u015bmy mogli si\u0119 spotka\u0107 i swobodnie porozmawia\u0107 prosimy o um\u00f3wienie si\u0119 poprzez kontakt telefoniczny b\u0105d\u017a mailowy. Podczas spotkania opowiemy Pa\u0144stwu jak funkcjonuje nasze przedszkole, jakie programy realizujemy itp, odpowiemy na wszystkie [&hellip;]<\/p>\n","protected":false},"author":1,"featured_media":0,"parent":0,"menu_order":0,"comment_status":"closed","ping_status":"closed","template":"","meta":{"ngg_post_thumbnail":0,"footnotes":""},"class_list":["post-2273","page","type-page","status-publish","hentry"],"_links":{"self":[{"href":"https:\/\/uszatek.waw.pl\/index.php?rest_route=\/wp\/v2\/pages\/2273","targetHints":{"allow":["GET"]}}],"collection":[{"href":"https:\/\/uszatek.waw.pl\/index.php?rest_route=\/wp\/v2\/pages"}],"about":[{"href":"https:\/\/uszatek.waw.pl\/index.php?rest_route=\/wp\/v2\/types\/page"}],"author":[{"embeddable":true,"href":"https:\/\/uszatek.waw.pl\/index.php?rest_route=\/wp\/v2\/users\/1"}],"replies":[{"embeddable":true,"href":"https:\/\/uszatek.waw.pl\/index.php?rest_route=%2Fwp%2Fv2%2Fcomments&post=2273"}],"version-history":[{"count":10,"href":"https:\/\/uszatek.waw.pl\/index.php?rest_route=\/wp\/v2\/pages\/2273\/revisions"}],"predecessor-version":[{"id":3133,"href":"https:\/\/uszatek.waw.pl\/index.php?rest_route=\/wp\/v2\/pages\/2273\/revisions\/3133"}],"wp:attachment":[{"href":"https:\/\/uszatek.waw.pl\/index.php?rest_route=%2Fwp%2Fv2%2Fmedia&parent=2273"}],"curies":[{"name":"wp","href":"https:\/\/api.w.org\/{rel}","templated":true}]}}