{"id":2208,"date":"2022-12-08T08:05:22","date_gmt":"2022-12-08T08:05:22","guid":{"rendered":"https:\/\/uszatek.waw.pl\/?page_id=2208"},"modified":"2023-03-01T09:49:58","modified_gmt":"2023-03-01T09:49:58","slug":"grupa-i","status":"publish","type":"page","link":"https:\/\/uszatek.waw.pl\/?page_id=2208","title":{"rendered":"Grupa I"},"content":{"rendered":"\t\t<div data-elementor-type=\"wp-page\" data-elementor-id=\"2208\" class=\"elementor elementor-2208\" data-elementor-post-type=\"page\">\n\t\t\t\t\t\t<section class=\"elementor-section elementor-top-section elementor-element elementor-element-5193b2d7 elementor-section-boxed elementor-section-height-default elementor-section-height-default\" data-id=\"5193b2d7\" data-element_type=\"section\">\n\t\t\t\t\t\t<div class=\"elementor-container elementor-column-gap-default\">\n\t\t\t\t\t<div class=\"elementor-column elementor-col-100 elementor-top-column elementor-element elementor-element-139ef7b9\" data-id=\"139ef7b9\" data-element_type=\"column\">\n\t\t\t<div class=\"elementor-widget-wrap elementor-element-populated\">\n\t\t\t\t\t\t<div class=\"elementor-element elementor-element-8579833 elementor-widget elementor-widget-text-editor\" data-id=\"8579833\" data-element_type=\"widget\" data-widget_type=\"text-editor.default\">\n\t\t\t\t<div class=\"elementor-widget-container\">\n\t\t\t\t\t\t\t\t\t<h2 class=\"post-title entry-title\" style=\"text-align: center;\">GRUPA I<\/h2><div class=\"entry-content\"><h4 style=\"text-align: center;\">\u201eJe\u017cyki\u201d<\/h4><p style=\"text-align: center;\"><img fetchpriority=\"high\" decoding=\"async\" class=\"aligncenter size-medium wp-image-7415\" src=\"https:\/\/uszatek.waw.pl\/wp-content\/uploads\/2022\/11\/IMG_7026-300x229.jpg\" sizes=\"(max-width: 300px) 100vw, 300px\" srcset=\"https:\/\/uszatek.waw.pl\/wp-content\/uploads\/2022\/11\/IMG_7026-300x229.jpg 300w, https:\/\/uszatek.waw.pl\/wp-content\/uploads\/2022\/11\/IMG_7026-1024x783.jpg 1024w, https:\/\/uszatek.waw.pl\/wp-content\/uploads\/2022\/11\/IMG_7026-768x587.jpg 768w, https:\/\/uszatek.waw.pl\/wp-content\/uploads\/2022\/11\/IMG_7026-1536x1175.jpg 1536w, https:\/\/uszatek.waw.pl\/wp-content\/uploads\/2022\/11\/IMG_7026-2048x1566.jpg 2048w\" alt=\"\" width=\"300\" height=\"229\" \/><\/p><h4 style=\"text-align: center;\">\u201eGrzybki pod li\u015bciast\u0105 ko\u0142derk\u0105\u201d<\/h4><p style=\"text-align: center;\"><img decoding=\"async\" class=\"aligncenter size-medium wp-image-7397\" src=\"https:\/\/uszatek.waw.pl\/wp-content\/uploads\/2022\/10\/IMG_6914-300x223.jpg\" sizes=\"(max-width: 300px) 100vw, 300px\" srcset=\"https:\/\/uszatek.waw.pl\/wp-content\/uploads\/2022\/10\/IMG_6914-300x223.jpg 300w, https:\/\/uszatek.waw.pl\/wp-content\/uploads\/2022\/10\/IMG_6914-1024x761.jpg 1024w, https:\/\/uszatek.waw.pl\/wp-content\/uploads\/2022\/10\/IMG_6914-768x571.jpg 768w, https:\/\/uszatek.waw.pl\/wp-content\/uploads\/2022\/10\/IMG_6914-1536x1142.jpg 1536w, https:\/\/uszatek.waw.pl\/wp-content\/uploads\/2022\/10\/IMG_6914-2048x1523.jpg 2048w\" alt=\"\" width=\"300\" height=\"223\" \/><\/p><h4 style=\"text-align: center;\">\u201eWiewi\u00f3rki\u201d<\/h4><p style=\"text-align: center;\"><img decoding=\"async\" class=\"aligncenter size-medium wp-image-7378\" src=\"https:\/\/uszatek.waw.pl\/wp-content\/uploads\/2022\/10\/IMG_6834-300x202.jpg\" sizes=\"(max-width: 300px) 100vw, 300px\" srcset=\"https:\/\/uszatek.waw.pl\/wp-content\/uploads\/2022\/10\/IMG_6834-300x202.jpg 300w, https:\/\/uszatek.waw.pl\/wp-content\/uploads\/2022\/10\/IMG_6834-1024x691.jpg 1024w, https:\/\/uszatek.waw.pl\/wp-content\/uploads\/2022\/10\/IMG_6834-768x518.jpg 768w, https:\/\/uszatek.waw.pl\/wp-content\/uploads\/2022\/10\/IMG_6834-1536x1036.jpg 1536w, https:\/\/uszatek.waw.pl\/wp-content\/uploads\/2022\/10\/IMG_6834-2048x1382.jpg 2048w\" alt=\"\" width=\"300\" height=\"202\" \/><\/p><h4 style=\"text-align: center;\">\u201eDzie\u0144 Jab\u0142ka\u201d<\/h4><h4 style=\"text-align: center;\"><img loading=\"lazy\" decoding=\"async\" class=\"aligncenter size-medium wp-image-7350\" src=\"https:\/\/uszatek.waw.pl\/wp-content\/uploads\/2022\/10\/IMG_6628-300x178.jpg\" sizes=\"(max-width: 300px) 100vw, 300px\" srcset=\"https:\/\/uszatek.waw.pl\/wp-content\/uploads\/2022\/10\/IMG_6628-300x178.jpg 300w, https:\/\/uszatek.waw.pl\/wp-content\/uploads\/2022\/10\/IMG_6628-1024x609.jpg 1024w, https:\/\/uszatek.waw.pl\/wp-content\/uploads\/2022\/10\/IMG_6628-768x456.jpg 768w, https:\/\/uszatek.waw.pl\/wp-content\/uploads\/2022\/10\/IMG_6628-1536x913.jpg 1536w, https:\/\/uszatek.waw.pl\/wp-content\/uploads\/2022\/10\/IMG_6628-2048x1217.jpg 2048w\" alt=\"\" width=\"300\" height=\"178\" \/>\u201eDzie\u0144 Kropki\u201d<\/h4><p style=\"text-align: center;\"><img loading=\"lazy\" decoding=\"async\" class=\"aligncenter size-medium wp-image-7330\" src=\"https:\/\/uszatek.waw.pl\/wp-content\/uploads\/2022\/09\/IMG_20220926_122442__01-300x212.jpg\" sizes=\"(max-width: 300px) 100vw, 300px\" srcset=\"https:\/\/uszatek.waw.pl\/wp-content\/uploads\/2022\/09\/IMG_20220926_122442__01-300x212.jpg 300w, https:\/\/uszatek.waw.pl\/wp-content\/uploads\/2022\/09\/IMG_20220926_122442__01-1024x724.jpg 1024w, https:\/\/uszatek.waw.pl\/wp-content\/uploads\/2022\/09\/IMG_20220926_122442__01-768x543.jpg 768w, https:\/\/uszatek.waw.pl\/wp-content\/uploads\/2022\/09\/IMG_20220926_122442__01-1536x1085.jpg 1536w, https:\/\/uszatek.waw.pl\/wp-content\/uploads\/2022\/09\/IMG_20220926_122442__01-2048x1447.jpg 2048w\" alt=\"\" width=\"300\" height=\"212\" \/><\/p><h4 style=\"text-align: center;\">\u201eWitamy w Przedszkolu\u201d<\/h4><p><img loading=\"lazy\" decoding=\"async\" class=\"aligncenter size-medium wp-image-7320\" src=\"https:\/\/uszatek.waw.pl\/wp-content\/uploads\/2022\/09\/IMG_20220912_121835__01-300x112.jpg\" sizes=\"(max-width: 300px) 100vw, 300px\" srcset=\"https:\/\/uszatek.waw.pl\/wp-content\/uploads\/2022\/09\/IMG_20220912_121835__01-300x112.jpg 300w, https:\/\/uszatek.waw.pl\/wp-content\/uploads\/2022\/09\/IMG_20220912_121835__01-1024x384.jpg 1024w, https:\/\/uszatek.waw.pl\/wp-content\/uploads\/2022\/09\/IMG_20220912_121835__01-768x288.jpg 768w, https:\/\/uszatek.waw.pl\/wp-content\/uploads\/2022\/09\/IMG_20220912_121835__01-1536x576.jpg 1536w, https:\/\/uszatek.waw.pl\/wp-content\/uploads\/2022\/09\/IMG_20220912_121835__01-2048x768.jpg 2048w\" alt=\"\" width=\"300\" height=\"112\" \/><\/p><\/div>\t\t\t\t\t\t\t\t<\/div>\n\t\t\t\t<\/div>\n\t\t\t\t\t<\/div>\n\t\t<\/div>\n\t\t\t\t\t<\/div>\n\t\t<\/section>\n\t\t\t\t<\/div>\n\t\t","protected":false},"excerpt":{"rendered":"<p>GRUPA I \u201eJe\u017cyki\u201d \u201eGrzybki pod li\u015bciast\u0105 ko\u0142derk\u0105\u201d \u201eWiewi\u00f3rki\u201d \u201eDzie\u0144 Jab\u0142ka\u201d \u201eDzie\u0144 Kropki\u201d \u201eWitamy w Przedszkolu\u201d<\/p>\n","protected":false},"author":1,"featured_media":0,"parent":0,"menu_order":0,"comment_status":"closed","ping_status":"closed","template":"","meta":{"ngg_post_thumbnail":0,"footnotes":""},"class_list":["post-2208","page","type-page","status-publish","hentry"],"_links":{"self":[{"href":"https:\/\/uszatek.waw.pl\/index.php?rest_route=\/wp\/v2\/pages\/2208","targetHints":{"allow":["GET"]}}],"collection":[{"href":"https:\/\/uszatek.waw.pl\/index.php?rest_route=\/wp\/v2\/pages"}],"about":[{"href":"https:\/\/uszatek.waw.pl\/index.php?rest_route=\/wp\/v2\/types\/page"}],"author":[{"embeddable":true,"href":"https:\/\/uszatek.waw.pl\/index.php?rest_route=\/wp\/v2\/users\/1"}],"replies":[{"embeddable":true,"href":"https:\/\/uszatek.waw.pl\/index.php?rest_route=%2Fwp%2Fv2%2Fcomments&post=2208"}],"version-history":[{"count":8,"href":"https:\/\/uszatek.waw.pl\/index.php?rest_route=\/wp\/v2\/pages\/2208\/revisions"}],"predecessor-version":[{"id":2412,"href":"https:\/\/uszatek.waw.pl\/index.php?rest_route=\/wp\/v2\/pages\/2208\/revisions\/2412"}],"wp:attachment":[{"href":"https:\/\/uszatek.waw.pl\/index.php?rest_route=%2Fwp%2Fv2%2Fmedia&parent=2208"}],"curies":[{"name":"wp","href":"https:\/\/api.w.org\/{rel}","templated":true}]}}