{"id":2206,"date":"2022-12-08T08:04:55","date_gmt":"2022-12-08T08:04:55","guid":{"rendered":"https:\/\/uszatek.waw.pl\/?page_id=2206"},"modified":"2023-01-26T16:45:46","modified_gmt":"2023-01-26T16:45:46","slug":"rada-rodzicow","status":"publish","type":"page","link":"https:\/\/uszatek.waw.pl\/?page_id=2206","title":{"rendered":"Rada Rodzic\u00f3w"},"content":{"rendered":"\t\t<div data-elementor-type=\"wp-page\" data-elementor-id=\"2206\" class=\"elementor elementor-2206\" data-elementor-post-type=\"page\">\n\t\t\t\t\t\t<section class=\"elementor-section elementor-top-section elementor-element elementor-element-995d41e elementor-section-boxed elementor-section-height-default elementor-section-height-default\" data-id=\"995d41e\" data-element_type=\"section\">\n\t\t\t\t\t\t<div class=\"elementor-container elementor-column-gap-default\">\n\t\t\t\t\t<div class=\"elementor-column elementor-col-100 elementor-top-column elementor-element elementor-element-211af62\" data-id=\"211af62\" data-element_type=\"column\">\n\t\t\t<div class=\"elementor-widget-wrap elementor-element-populated\">\n\t\t\t\t\t\t<div class=\"elementor-element elementor-element-9c74b89 elementor-widget elementor-widget-text-editor\" data-id=\"9c74b89\" data-element_type=\"widget\" data-widget_type=\"text-editor.default\">\n\t\t\t\t<div class=\"elementor-widget-container\">\n\t\t\t\t\t\t\t\t\t<h2 class=\"post-title entry-title\">RADA RODZIC\u00d3W<\/h2><div class=\"entry-content\"><h5>Szanowni Rodzice i Opiekunowie!<\/h5><h5>Rada Rodzic\u00f3w przy Przedszkolu nr 272 im. Misia Uszatka reprezentuje rodzic\u00f3w oraz opiekun\u00f3w prawnych przedszkolak\u00f3w z naszej plac\u00f3wki. Wsp\u00f3\u0142pracujemy z Dyrekcj\u0105, Rad\u0105 Pedagogiczn\u0105 oraz innymi pracownikami przedszkola. Dzia\u0142amy na podstawie art.53 i 54 ustawy z dnia 7 wrze\u015bnia 1991r. o systemie o\u015bwiaty (Dz.U.Nr 95 poz 425 z p\u00f3\u017an.zm.). Jeste\u015bmy demokratycznie wybran\u0105 grup\u0105 przedstawicieli Rodzic\u00f3w i Opiekun\u00f3w ze wszystkich grup naszego przedszkola.<\/h5><h5>To w przedszkolu nasze dzieci sp\u0119dzaj\u0105 wi\u0119kszo\u015b\u0107 swojego czasu w tygodniu, dlatego naszym g\u0142\u00f3wnym celem jest uatrakcyjnienie tych chwil. Naszym podstawowym celem jest dzia\u0142anie na polepszenie funkcjonowania dzia\u0142alno\u015bci statutowej naszego przedszkola.\u00a0 Chcemy inicjowa\u0107 nowe formy aktywno\u015bci oraz organizowa\u0107 rodzic\u00f3w, by wspomaga\u0107 plac\u00f3wk\u0119 w jej zadaniach. Staramy si\u0119 by by\u0142o jeszcze bardziej przyja\u017anie, by nasze dzieci mia\u0142y jak najwi\u0119cej mo\u017cliwo\u015bci do zdobywania wiedzy oraz nowych umiej\u0119tno\u015bci.<\/h5><h5>Aby nasze zaanga\u017cowanie mia\u0142o wymierne skutki, poza samymi ch\u0119ciami niezb\u0119dne s\u0105 tak\u017ce \u015brodki finansowe. Podstawowym \u017ar\u00f3d\u0142em finansowania Rady Rodzic\u00f3w s\u0105 dobrowolne sk\u0142adki Rodzic\u00f3w.<br \/>Z pozyskanych funduszy wsp\u00f3\u0142finansujemy r\u00f3\u017cne uroczysto\u015bci szkolne, np. bale karnawa\u0142owe czy pasowanie na Przedszkolaka. Finansujemy wyprawki dla naszych absolwent\u00f3w. Ka\u017cde dziecko otrzymuje prezent na urodziny, Miko\u0142ajki czy Dzie\u0144 Dziecka. Aby m\u00f3c realizowa\u0107 r\u00f3\u017cne aktywno\u015bci, niezb\u0119dne s\u0105 odpowiednie fundusze, a te mo\u017cemy realizowa\u0107 dzi\u0119ki Pa\u0144stwa przychylno\u015bci. Pami\u0119tajmy, \u017ce ka\u017cda wp\u0142ata pozwala na realizacj\u0119 przedsi\u0119wzi\u0119\u0107 na rzecz naszych dzieci!<\/h5><h5>Nasz nr konta:\u00a0<strong>85 1090 1014 0000 0001 5014 2860<\/strong><\/h5><h5>Prosimy o kierowanie do nas wszelkich uwag, propozycji i inicjatyw, kt\u00f3re jako Rada Rodzic\u00f3w mo\u017cemy si\u0119 zaanga\u017cowa\u0107 oraz wesprze\u0107. Zapraszamy do aktywnej wsp\u00f3\u0142pracy z nami!<\/h5><h5>\u00a0<\/h5><h5>Nasz mail:\u00a0<a href=\"mailto:misuszatekprzedszkole272@gmail.com\">mailto:misuszatekprzedszkole272@gmail.com<\/a><\/h5><h5>Serdecznie zapraszamy na nasz\u0105 stron\u0119 na Facebooku:\u00a0<a href=\"https:\/\/www.facebook.com\/groups\/2259382657620989\">Uszatkowe Wie\u015bci<\/a><\/h5><h5>Pozdrawiamy i dzi\u0119kujemy za okazane dotychczas wsparcie!<\/h5><h5>Rada Rodzic\u00f3w<\/h5><\/div>\t\t\t\t\t\t\t\t<\/div>\n\t\t\t\t<\/div>\n\t\t\t\t\t<\/div>\n\t\t<\/div>\n\t\t\t\t\t<\/div>\n\t\t<\/section>\n\t\t\t\t<\/div>\n\t\t","protected":false},"excerpt":{"rendered":"<p>RADA RODZIC\u00d3W Szanowni Rodzice i Opiekunowie! Rada Rodzic\u00f3w przy Przedszkolu nr 272 im. Misia Uszatka reprezentuje rodzic\u00f3w oraz opiekun\u00f3w prawnych przedszkolak\u00f3w z naszej plac\u00f3wki. Wsp\u00f3\u0142pracujemy z Dyrekcj\u0105, Rad\u0105 Pedagogiczn\u0105 oraz innymi pracownikami przedszkola. Dzia\u0142amy na podstawie art.53 i 54 ustawy z dnia 7 wrze\u015bnia 1991r. o systemie o\u015bwiaty (Dz.U.Nr 95 [&hellip;]<\/p>\n","protected":false},"author":1,"featured_media":0,"parent":2165,"menu_order":0,"comment_status":"closed","ping_status":"closed","template":"","meta":{"ngg_post_thumbnail":0,"footnotes":""},"class_list":["post-2206","page","type-page","status-publish","hentry"],"_links":{"self":[{"href":"https:\/\/uszatek.waw.pl\/index.php?rest_route=\/wp\/v2\/pages\/2206","targetHints":{"allow":["GET"]}}],"collection":[{"href":"https:\/\/uszatek.waw.pl\/index.php?rest_route=\/wp\/v2\/pages"}],"about":[{"href":"https:\/\/uszatek.waw.pl\/index.php?rest_route=\/wp\/v2\/types\/page"}],"author":[{"embeddable":true,"href":"https:\/\/uszatek.waw.pl\/index.php?rest_route=\/wp\/v2\/users\/1"}],"replies":[{"embeddable":true,"href":"https:\/\/uszatek.waw.pl\/index.php?rest_route=%2Fwp%2Fv2%2Fcomments&post=2206"}],"version-history":[{"count":4,"href":"https:\/\/uszatek.waw.pl\/index.php?rest_route=\/wp\/v2\/pages\/2206\/revisions"}],"predecessor-version":[{"id":2361,"href":"https:\/\/uszatek.waw.pl\/index.php?rest_route=\/wp\/v2\/pages\/2206\/revisions\/2361"}],"up":[{"embeddable":true,"href":"https:\/\/uszatek.waw.pl\/index.php?rest_route=\/wp\/v2\/pages\/2165"}],"wp:attachment":[{"href":"https:\/\/uszatek.waw.pl\/index.php?rest_route=%2Fwp%2Fv2%2Fmedia&parent=2206"}],"curies":[{"name":"wp","href":"https:\/\/api.w.org\/{rel}","templated":true}]}}