{"id":2201,"date":"2022-12-08T08:04:27","date_gmt":"2022-12-08T08:04:27","guid":{"rendered":"https:\/\/uszatek.waw.pl\/?page_id=2201"},"modified":"2025-03-12T09:54:52","modified_gmt":"2025-03-12T09:54:52","slug":"dokumenty-do-pobrania","status":"publish","type":"page","link":"https:\/\/uszatek.waw.pl\/?page_id=2201","title":{"rendered":"Dokumenty do pobrania"},"content":{"rendered":"<h2>DOKUMENTY DO POBRANIA<\/h2>\n<ul>\n<li>\n<h4><a href=\"http:\/\/uszatek.waw.pl\/wp-content\/uploads\/2016\/02\/upowaznienie_do_odbioru_2.pdf\" rel=\"noopener noreferrer\">Upowa\u017cnienie do odbioru dziecka<\/a><\/h4>\n<\/li>\n<li>\n<h4><a href=\"http:\/\/uszatek.waw.pl\/wp-content\/uploads\/2016\/02\/zwrot_zywienie.pdf\" rel=\"noopener noreferrer\">Dyspozycja dotycz\u0105ca zwrot\u00f3w za \u017cywienie<\/a><\/h4>\n<\/li>\n<li>\n<h4><a href=\"http:\/\/uszatek.waw.pl\/wp-content\/uploads\/2016\/02\/zwrot_zywienie_pomylka.pdf\" rel=\"noopener noreferrer\">Dyspozycja dotycz\u0105ca zwrot\u00f3w za \u017cywienie mylnie wp\u0142aconej kwoty<\/a><\/h4>\n<\/li>\n<li>\n<h4><a href=\"https:\/\/uszatek.waw.pl\/wp-content\/uploads\/2016\/02\/podanie_o_wydanie_zaswiadczenia.pdf\" rel=\"noopener noreferrer\">Podanie o wydanie za\u015bwiadczenia<\/a><\/h4>\n<\/li>\n<li>\n<h4><a href=\"https:\/\/uszatek.waw.pl\/wp-content\/uploads\/2025\/03\/podanie-_o_wydanie_opinii.pdf\">Podanie o wydanie opinii<\/a><\/h4>\n<\/li>\n<li>\n<h4><a href=\"https:\/\/uszatek.waw.pl\/wp-content\/uploads\/2022\/07\/rezygnacja_z_przedszkola.pdf\" rel=\"noopener noreferrer\">Rezygnacja z przedszkola<\/a><\/h4>\n<\/li>\n<li>\n<h4><a href=\"http:\/\/uszatek.waw.pl\/wp-content\/uploads\/2021\/09\/deklaracje_pocz%C4%85tek_roku.pdf\" rel=\"noopener noreferrer\">Deklaracja na pocz\u0105tek roku szkolnego<\/a><\/h4>\n<\/li>\n<li>\n<h4><a href=\"http:\/\/uszatek.waw.pl\/wp-content\/uploads\/2020\/12\/zgada_pozyskiwanie_wizerunku.pdf\" rel=\"noopener noreferrer\">Zgoda<\/a><\/h4>\n<\/li>\n<li>\n<h4><a href=\"http:\/\/uszatek.waw.pl\/wp-content\/uploads\/2020\/12\/zgoda_klauzula_inf_wizerunek.pdf\" rel=\"noopener noreferrer\">Klauzula informacyjna<\/a><\/h4>\n<\/li>\n<\/ul>\n","protected":false},"excerpt":{"rendered":"<p>DOKUMENTY DO POBRANIA Upowa\u017cnienie do odbioru dziecka Dyspozycja dotycz\u0105ca zwrot\u00f3w za \u017cywienie Dyspozycja dotycz\u0105ca zwrot\u00f3w za \u017cywienie mylnie wp\u0142aconej kwoty Podanie o wydanie za\u015bwiadczenia Podanie o wydanie opinii Rezygnacja z przedszkola Deklaracja na pocz\u0105tek roku szkolnego Zgoda Klauzula informacyjna<\/p>\n","protected":false},"author":1,"featured_media":0,"parent":2165,"menu_order":0,"comment_status":"closed","ping_status":"closed","template":"","meta":{"ngg_post_thumbnail":0,"footnotes":""},"class_list":["post-2201","page","type-page","status-publish","hentry"],"_links":{"self":[{"href":"https:\/\/uszatek.waw.pl\/index.php?rest_route=\/wp\/v2\/pages\/2201","targetHints":{"allow":["GET"]}}],"collection":[{"href":"https:\/\/uszatek.waw.pl\/index.php?rest_route=\/wp\/v2\/pages"}],"about":[{"href":"https:\/\/uszatek.waw.pl\/index.php?rest_route=\/wp\/v2\/types\/page"}],"author":[{"embeddable":true,"href":"https:\/\/uszatek.waw.pl\/index.php?rest_route=\/wp\/v2\/users\/1"}],"replies":[{"embeddable":true,"href":"https:\/\/uszatek.waw.pl\/index.php?rest_route=%2Fwp%2Fv2%2Fcomments&post=2201"}],"version-history":[{"count":5,"href":"https:\/\/uszatek.waw.pl\/index.php?rest_route=\/wp\/v2\/pages\/2201\/revisions"}],"predecessor-version":[{"id":3229,"href":"https:\/\/uszatek.waw.pl\/index.php?rest_route=\/wp\/v2\/pages\/2201\/revisions\/3229"}],"up":[{"embeddable":true,"href":"https:\/\/uszatek.waw.pl\/index.php?rest_route=\/wp\/v2\/pages\/2165"}],"wp:attachment":[{"href":"https:\/\/uszatek.waw.pl\/index.php?rest_route=%2Fwp%2Fv2%2Fmedia&parent=2201"}],"curies":[{"name":"wp","href":"https:\/\/api.w.org\/{rel}","templated":true}]}}