{"id":2197,"date":"2022-12-08T08:03:45","date_gmt":"2022-12-08T08:03:45","guid":{"rendered":"https:\/\/uszatek.waw.pl\/?page_id=2197"},"modified":"2024-10-01T07:23:03","modified_gmt":"2024-10-01T07:23:03","slug":"wysokosc-oplat","status":"publish","type":"page","link":"https:\/\/uszatek.waw.pl\/?page_id=2197","title":{"rendered":"Wysoko\u015b\u0107 op\u0142at"},"content":{"rendered":"<h2><a title=\"Wysoko\u015b\u0107 op\u0142at\" href=\"https:\/\/uszatek.waw.pl\/?page_id=132\" rel=\"bookmark\">WYSOKO\u015a\u0106 OP\u0141AT<\/a><\/h2>\n<p>Rada Miasta Sto\u0142ecznego Warszawy przyj\u0119\u0142a Uchwa\u0142\u0119&nbsp;NR XLIX\/1205\/2017&nbsp; dnia 25 maja 2017 r. w sprawie&nbsp;&nbsp;w sprawie czasu przeznaczonego na bezp\u0142atne nauczanie, wychowanie i opiek\u0119 w przedszkolach i oddzia\u0142ach przedszkolnych w szko\u0142ach podstawowych<br \/>\nm.st. Warszawy.<\/p>\n<p>Zapraszamy do zapoznania si\u0119&nbsp; z Uchwa\u0142\u0105&nbsp;<a href=\"http:\/\/uszatek.waw.pl\/wp-content\/uploads\/2016\/02\/uchwala_25.05.17.pdf\">TUTAJ<\/a><\/p>\n<p>Zgodnie z t\u0105 uchwa\u0142\u0105 dzieci, kt\u00f3re rozpoczynaj\u0105 nauk\u0119 w przedszkolu w roku szkolnym 2017\/2018 ,&nbsp; zostaj\u0105 zwolnione z op\u0142aty za pobyt w przedszkolu.<\/p>\n<p>Zapraszamy do zapoznania si\u0119 z listem pani Minister Edukacji Narodowej Anny Zalewskiej w sprawie reformy edukacji&nbsp;<a href=\"http:\/\/uszatek.waw.pl\/wp-content\/uploads\/2016\/02\/list_men.pdf\">TUTAJ<\/a><\/p>\n<table id=\"supsystic-table-9\" role=\"grid\" data-id=\"9\" data-view-id=\"9_26964\" data-title=\"Wysoko\u015b\u0107 op\u0142at\" data-currency-format=\"$1,000.00\" data-percent-format=\"10.00%\" data-date-format=\"DD.MM.YYYY\" data-time-format=\"HH:mm\" data-features=\"[&quot;after_table_loaded_script&quot;,&quot;auto_width&quot;]\" data-search-value=\"\" data-lightbox-img=\"\" data-head-rows-count=\"1\" data-pagination-length=\"50,100,All\" data-auto-index=\"off\" data-searching-settings=\"{&quot;columnSearchPosition&quot;:&quot;bottom&quot;,&quot;minChars&quot;:&quot;0&quot;}\" data-lang=\"default\" data-override=\"{&quot;emptyTable&quot;:&quot;&quot;,&quot;info&quot;:&quot;&quot;,&quot;infoEmpty&quot;:&quot;&quot;,&quot;infoFiltered&quot;:&quot;&quot;,&quot;lengthMenu&quot;:&quot;&quot;,&quot;search&quot;:&quot;&quot;,&quot;zeroRecords&quot;:&quot;&quot;,&quot;exportLabel&quot;:&quot;&quot;,&quot;file&quot;:&quot;default&quot;}\" data-merged=\"[{&quot;row&quot;:3,&quot;col&quot;:1,&quot;rowspan&quot;:1,&quot;colspan&quot;:3,&quot;removed&quot;:false},{&quot;row&quot;:4,&quot;col&quot;:1,&quot;rowspan&quot;:1,&quot;colspan&quot;:2,&quot;removed&quot;:false},{&quot;row&quot;:0,&quot;col&quot;:1,&quot;rowspan&quot;:1,&quot;colspan&quot;:3,&quot;removed&quot;:false}]\" data-responsive-mode=\"0\" data-from-history=\"0\">\n<caption>Wysoko\u015b\u0107 op\u0142at<\/caption>\n<thead>\n<tr role=\"row\">\n<th style=\"text-align: left; font-size: 0.916667em; line-height: 1.75em; font-weight: bold; text-transform: uppercase; padding: 0px !important; border-bottom: 1px solid #111111; white-space: normal !important; word-break: initial !important; overflow-wrap: initial !important; box-sizing: content-box; width: 154px;\" colspan=\"1\" rowspan=\"1\" data-original-value=\"\n\n\n<div class=&quot;DataTables_sort_wrapper&quot;><span class=&quot;DataTables_sort_icon&quot;><\/span><\/div>\n<p>&#8221; data-order=&#8221;<\/p>\n<div class=&quot;DataTables_sort_wrapper&quot;><span class=&quot;DataTables_sort_icon&quot;><\/span><\/div>\n<p>&#8222;>&nbsp;<\/th>\n<th style=\"text-align: left; font-size: 0.916667em; line-height: 1.75em; font-weight: bold; text-transform: uppercase; padding: 0px !important; border-bottom: 1px solid #111111; white-space: normal !important; word-break: initial !important; overflow-wrap: initial !important; box-sizing: content-box; width: 60px;\" colspan=\"1\" rowspan=\"1\" data-original-value=\"\n\n\n<div class=&quot;DataTables_sort_wrapper&quot;><span class=&quot;DataTables_sort_icon&quot;><\/span><\/div>\n<p>&#8221; data-order=&#8221;<\/p>\n<div class=&quot;DataTables_sort_wrapper&quot;><span class=&quot;DataTables_sort_icon&quot;><\/span><\/div>\n<p>&#8222;>&nbsp;<\/th>\n<th style=\"text-align: left; font-size: 0.916667em; line-height: 1.75em; font-weight: bold; text-transform: uppercase; padding: 0px !important; border-bottom: 1px solid #111111; white-space: normal !important; word-break: initial !important; overflow-wrap: initial !important; box-sizing: content-box; width: 60px;\" colspan=\"1\" rowspan=\"1\" data-original-value=\"\n\n\n<div class=&quot;DataTables_sort_wrapper&quot;><span class=&quot;DataTables_sort_icon&quot;><\/span><\/div>\n<p>&#8221; data-order=&#8221;<\/p>\n<div class=&quot;DataTables_sort_wrapper&quot;><span class=&quot;DataTables_sort_icon&quot;><\/span><\/div>\n<p>&#8222;>&nbsp;<\/th>\n<th style=\"text-align: left; font-size: 0.916667em; line-height: 1.75em; font-weight: bold; text-transform: uppercase; padding: 0px !important; border-bottom: 1px solid #111111; white-space: normal !important; word-break: initial !important; overflow-wrap: initial !important; box-sizing: content-box; width: 60px;\" colspan=\"1\" rowspan=\"1\" data-original-value=\"\n\n\n<div class=&quot;DataTables_sort_wrapper&quot;><span class=&quot;DataTables_sort_icon&quot;><\/span><\/div>\n<p>&#8221; data-order=&#8221;<\/p>\n<div class=&quot;DataTables_sort_wrapper&quot;><span class=&quot;DataTables_sort_icon&quot;><\/span><\/div>\n<p>&#8222;>&nbsp;<\/th>\n<\/tr>\n<\/thead>\n<tbody>\n<tr role=\"row\">\n<td data-cell-id=\"A1\" data-x=\"0\" data-y=\"1\" data-db-index=\"1\" data-cell-type=\"text\" data-original-value=\"Rodzaj op\u0142aty\" data-order=\"Rodzaj op\u0142aty\">Rodzaj op\u0142aty<\/td>\n<td colspan=\"3\" data-cell-id=\"B1\" data-x=\"1\" data-y=\"1\" data-db-index=\"1\" data-cell-type=\"text\" data-original-value=\"\" data-order=\"\" data-colspan=\"3\" data-rowspan=\"1\">&nbsp;<\/td>\n<\/tr>\n<tr role=\"row\">\n<td data-cell-id=\"A2\" data-x=\"0\" data-y=\"2\" data-db-index=\"2\" data-cell-type=\"text\" data-original-value=\"stawka \u017cywieniowa dziecka\" data-order=\"stawka \u017cywieniowa dziecka\">stawka \u017cywieniowa dziecka<\/td>\n<td data-cell-id=\"B2\" data-x=\"1\" data-y=\"2\" data-db-index=\"2\" data-cell-type=\"text\" data-original-value=\"4 posi\u0142ki(\u015bniadanie, II \u015bniadanie, obiad, podwieczorek)\" data-order=\"4 posi\u0142ki(\u015bniadanie, II \u015bniadanie, obiad, podwieczorek)\">4 posi\u0142ki(\u015bniadanie, II \u015bniadanie, obiad, podwieczorek)<\/td>\n<td data-cell-id=\"C2\" data-x=\"2\" data-y=\"2\" data-db-index=\"2\" data-cell-type=\"text\" data-original-value=\"12,00 z\u0142\" data-order=\"12,00 z\u0142\">16,00 z\u0142<\/td>\n<td data-cell-id=\"D2\" data-x=\"3\" data-y=\"2\" data-db-index=\"2\" data-cell-type=\"text\" data-original-value=\"dziennie\" data-order=\"dziennie\">dziennie<\/td>\n<\/tr>\n<tr role=\"row\">\n<td data-cell-id=\"A3\" data-x=\"0\" data-y=\"3\" data-db-index=\"3\" data-cell-type=\"text\" data-original-value=\"stawka \u017cywieniowa dziecka\" data-order=\"stawka \u017cywieniowa dziecka\">&nbsp;<\/td>\n<td data-cell-id=\"B3\" data-x=\"1\" data-y=\"3\" data-db-index=\"3\" data-cell-type=\"text\" data-original-value=\"3 posi\u0142ki(\u015bniadanie, obiad, podwieczorek)\" data-order=\"3 posi\u0142ki(\u015bniadanie, obiad, podwieczorek)\">&nbsp;<\/td>\n<td data-cell-id=\"C3\" data-x=\"2\" data-y=\"3\" data-db-index=\"3\" data-cell-type=\"text\" data-original-value=\"9,60 z\u0142\" data-order=\"9,60 z\u0142\">&nbsp;<\/td>\n<td data-cell-id=\"D3\" data-x=\"3\" data-y=\"3\" data-db-index=\"3\" data-cell-type=\"text\" data-original-value=\"dziennie\" data-order=\"dziennie\">&nbsp;<\/td>\n<\/tr>\n<tr role=\"row\">\n<td data-cell-id=\"A4\" data-x=\"0\" data-y=\"4\" data-db-index=\"4\" data-cell-type=\"text\" data-original-value=\"usprawiedliwiona nieobecno\u015b\u0107 dziecka\" data-order=\"usprawiedliwiona nieobecno\u015b\u0107 dziecka\">usprawiedliwiona nieobecno\u015b\u0107 dziecka<\/td>\n<td colspan=\"3\" data-cell-id=\"B4\" data-x=\"1\" data-y=\"4\" data-db-index=\"4\" data-cell-type=\"text\" data-original-value=\"nie pobiera si\u0119 op\u0142aty za \u017cywienie od drugiego dnia nieobecno\u015bci\" data-order=\"nie pobiera si\u0119 op\u0142aty za \u017cywienie od drugiego dnia nieobecno\u015bci\" data-colspan=\"3\" data-rowspan=\"1\">nie pobiera si\u0119 op\u0142aty za \u017cywienie od drugiego dnia nieobecno\u015bci<\/td>\n<\/tr>\n<tr role=\"row\">\n<td data-cell-id=\"A5\" data-x=\"0\" data-y=\"5\" data-db-index=\"5\" data-cell-type=\"text\" data-original-value=\"op\u0142ata na Rad\u0119 Rodzic\u00f3w\" data-order=\"op\u0142ata na Rad\u0119 Rodzic\u00f3w\">op\u0142ata na Rad\u0119 Rodzic\u00f3w<\/td>\n<td colspan=\"2\" data-cell-id=\"B5\" data-x=\"1\" data-y=\"5\" data-db-index=\"5\" data-cell-type=\"text\" data-original-value=\"wg deklaracji rodzic\u00f3w\" data-order=\"wg deklaracji rodzic\u00f3w\" data-colspan=\"2\" data-rowspan=\"1\">wg deklaracji rodzic\u00f3w<\/td>\n<td data-cell-id=\"D5\" data-x=\"3\" data-y=\"5\" data-db-index=\"5\" data-cell-type=\"text\" data-original-value=\"miesi\u0119cznie\" data-order=\"miesi\u0119cznie\">miesi\u0119cznie<\/td>\n<\/tr>\n<\/tbody>\n<\/table>\n<table id=\"supsystic-table-10\" role=\"grid\" data-id=\"10\" data-view-id=\"10_4566\" data-title=\"Konta do op\u0142at\" data-currency-format=\"$1,000.00\" data-percent-format=\"10.00%\" data-date-format=\"DD.MM.YYYY\" data-time-format=\"HH:mm\" data-features=\"[&quot;after_table_loaded_script&quot;,&quot;auto_width&quot;]\" data-search-value=\"\" data-lightbox-img=\"\" data-head-rows-count=\"1\" data-pagination-length=\"50,100,All\" data-auto-index=\"off\" data-searching-settings=\"{&quot;columnSearchPosition&quot;:&quot;bottom&quot;,&quot;minChars&quot;:&quot;0&quot;}\" data-lang=\"default\" data-override=\"{&quot;emptyTable&quot;:&quot;&quot;,&quot;info&quot;:&quot;&quot;,&quot;infoEmpty&quot;:&quot;&quot;,&quot;infoFiltered&quot;:&quot;&quot;,&quot;lengthMenu&quot;:&quot;&quot;,&quot;search&quot;:&quot;&quot;,&quot;zeroRecords&quot;:&quot;&quot;,&quot;exportLabel&quot;:&quot;&quot;,&quot;file&quot;:&quot;default&quot;}\" data-merged=\"[]\" data-responsive-mode=\"0\" data-from-history=\"0\">\n<caption>Konta do op\u0142at<\/caption>\n<thead>\n<tr role=\"row\">\n<th style=\"text-align: left; font-size: 0.916667em; line-height: 1.75em; font-weight: bold; text-transform: uppercase; padding: 0px !important; border-bottom: 1px solid #111111; white-space: normal !important; word-break: initial !important; overflow-wrap: initial !important; box-sizing: content-box; width: 220px;\" colspan=\"1\" rowspan=\"1\" data-original-value=\"\n\n\n<div class=&quot;DataTables_sort_wrapper&quot;><span class=&quot;DataTables_sort_icon&quot;><\/span><\/div>\n<p>&#8221; data-order=&#8221;<\/p>\n<div class=&quot;DataTables_sort_wrapper&quot;><span class=&quot;DataTables_sort_icon&quot;><\/span><\/div>\n<p>&#8222;>&nbsp;<\/th>\n<th style=\"text-align: left; font-size: 0.916667em; line-height: 1.75em; font-weight: bold; text-transform: uppercase; padding: 0px !important; border-bottom: 1px solid #111111; white-space: normal !important; word-break: initial !important; overflow-wrap: initial !important; box-sizing: content-box; width: 251px;\" colspan=\"1\" rowspan=\"1\" data-original-value=\"\n\n\n<div class=&quot;DataTables_sort_wrapper&quot;><span class=&quot;DataTables_sort_icon&quot;><\/span><\/div>\n<p>&#8221; data-order=&#8221;<\/p>\n<div class=&quot;DataTables_sort_wrapper&quot;><span class=&quot;DataTables_sort_icon&quot;><\/span><\/div>\n<p>&#8222;>&nbsp;<\/th>\n<\/tr>\n<\/thead>\n<tbody>\n<tr role=\"row\">\n<td data-cell-id=\"A1\" data-x=\"0\" data-y=\"1\" data-db-index=\"1\" data-cell-type=\"text\" data-original-value=\"\u017bywienie (p\u0142atno\u015b\u0107 z g\u00f3ry za miesi\u0105c nast\u0119pny)\" data-order=\"\u017bywienie (p\u0142atno\u015b\u0107 z g\u00f3ry za miesi\u0105c nast\u0119pny)\">\u017bywienie (p\u0142atno\u015b\u0107 z g\u00f3ry za miesi\u0105c nast\u0119pny)<\/td>\n<td data-cell-id=\"B1\" data-x=\"1\" data-y=\"1\" data-db-index=\"1\" data-cell-type=\"text\" data-original-value=\"\" data-order=\"\">&nbsp;<\/td>\n<\/tr>\n<tr role=\"row\">\n<td data-cell-id=\"A2\" data-x=\"0\" data-y=\"2\" data-db-index=\"2\" data-cell-type=\"text\" data-original-value=\"Nr konta\" data-order=\"Nr konta\">Nr konta<\/td>\n<td data-cell-id=\"B2\" data-x=\"1\" data-y=\"2\" data-db-index=\"2\" data-cell-type=\"text\" data-original-value=\"42 1030 1508 0000 0005 5020 5041\" data-order=\"42 1030 1508 0000 0005 5020 5041\">42 1030 1508 0000 0005 5020 5041<\/td>\n<\/tr>\n<tr role=\"row\">\n<td data-cell-id=\"A3\" data-x=\"0\" data-y=\"3\" data-db-index=\"3\" data-cell-type=\"text\" data-original-value=\"Odbiorca przelewu\" data-order=\"Odbiorca przelewu\">Odbiorca przelewu<\/td>\n<td style=\"vertical-align: middle; text-align: left; padding: 8px 10px; color: #707070; border-bottom: none; white-space: normal !important; word-break: initial !important; overflow-wrap: initial !important; box-sizing: content-box; border-top: 1px solid #dddddd; border-right: 1px solid #dddddd; border-left: none; border-image: initial;\" data-cell-id=\"B3\" data-x=\"1\" data-y=\"3\" data-db-index=\"3\" data-cell-type=\"text\" data-original-value=\"Przedszkole nr 272 im. &quot;Misia Uszatka&quot;, ul. Gajcego 9 w Warszawie\" data-order=\"Przedszkole nr 272 im. &quot;Misia Uszatka&quot;, ul. Gajcego 9 w Warszawie\">Przedszkole nr 272 im. &#8222;Misia Uszatka&#8221;,<br \/>\nul. Gajcego 9 w Warszawie<\/td>\n<\/tr>\n<tr role=\"row\">\n<td data-cell-id=\"A4\" data-x=\"0\" data-y=\"4\" data-db-index=\"4\" data-cell-type=\"text\" data-original-value=\"\" data-order=\"\">&nbsp;<\/td>\n<td data-cell-id=\"B4\" data-x=\"1\" data-y=\"4\" data-db-index=\"4\" data-cell-type=\"text\" data-original-value=\"\" data-order=\"\">&nbsp;<\/td>\n<\/tr>\n<tr role=\"row\">\n<td data-cell-id=\"A5\" data-x=\"0\" data-y=\"5\" data-db-index=\"5\" data-cell-type=\"text\" data-original-value=\"Rada Rodzic\u00f3w, lekarz\" data-order=\"Rada Rodzic\u00f3w, lekarz\">Rada Rodzic\u00f3w,<\/td>\n<td data-cell-id=\"B5\" data-x=\"1\" data-y=\"5\" data-db-index=\"5\" data-cell-type=\"text\" data-original-value=\"\" data-order=\"\">&nbsp;<\/td>\n<\/tr>\n<tr role=\"row\">\n<td data-cell-id=\"A6\" data-x=\"0\" data-y=\"6\" data-db-index=\"6\" data-cell-type=\"text\" data-original-value=\"Nr konta\" data-order=\"Nr konta\">Nr konta<\/td>\n<td data-cell-id=\"B6\" data-x=\"1\" data-y=\"6\" data-db-index=\"6\" data-cell-type=\"text\" data-original-value=\"85 1090 1014 0000 0001 5014 2860\" data-order=\"85 1090 1014 0000 0001 5014 2860\">85 1090 1014 0000 0001 5014 2860<\/td>\n<\/tr>\n<tr role=\"row\">\n<td data-cell-id=\"A7\" data-x=\"0\" data-y=\"7\" data-db-index=\"7\" data-cell-type=\"text\" data-original-value=\"Odbiorca przelewu\" data-order=\"Odbiorca przelewu\">Odbiorca przelewu<\/td>\n<td style=\"vertical-align: top; text-align: left; padding: 8px 10px; color: #707070; border-bottom: none; white-space: normal !important; word-break: initial !important; overflow-wrap: initial !important; box-sizing: content-box; border-top: 1px solid #dddddd; border-right: 1px solid #dddddd; border-left: none; border-image: initial;\" data-cell-id=\"B7\" data-x=\"1\" data-y=\"7\" data-db-index=\"7\" data-cell-type=\"text\" data-original-value=\"Rada Rodzic\u00f3w Przedszkola nr 272 im. &quot;Misia Uszatka&quot;, ul. Gajcego 9 w Warszawie\" data-order=\"Rada Rodzic\u00f3w Przedszkola nr 272 im. &quot;Misia Uszatka&quot;, ul. Gajcego 9 w Warszawie\">Rada Rodzic\u00f3w Przedszkola nr 272 im. &#8222;Misia Uszatka&#8221;,<br \/>\nul. Gajcego 9 w Warszawie<\/td>\n<\/tr>\n<\/tbody>\n<\/table>\n<p><span style=\"color: #ff0000;\">PROSIMY O PRZESTRZEGANIE ZASADY O ROZDZIELNYCH WP\u0141ATACH \u2013 ODDZIELNIE NA KA\u017bDE KONTO<\/span><\/p>\n<p><strong>W\u0142a\u015bcicielem kont jest Przedszkole nr 272<\/strong><\/p>\n<p>Prosimy o dokonywanie przelew\u00f3w do 15. dnia miesi\u0105ca.<\/p>\n<p>Op\u0142aty za \u017cywienie p\u0142atne w miesi\u0105cu poprzedzaj\u0105cym miesi\u0105c, w kt\u00f3rym dziecko korzysta z \u017cywienia.<\/p>\n<p>Op\u0142aty na konto Rady za bie\u017c\u0105cy miesi\u0105c.<\/p>\n<p>INFORMACJE O WYSOKO\u015aCI OP\u0141AT znajduj\u0105 si\u0119 w systemie iPrzedszkole. Wszelkich dodatkowych wyja\u015bnie\u0144 zwi\u0105zanych z op\u0142atami&nbsp;udziela:<\/p>\n<p><em>Agata Dorosz,<\/em><br \/>\n<em>tel. 022 835 21 57<\/em><br \/>\n<em>e-mail: agatadorosz@eduwarszawa.pl<br \/>\n<\/em><\/p>\n","protected":false},"excerpt":{"rendered":"<p>WYSOKO\u015a\u0106 OP\u0141AT Rada Miasta Sto\u0142ecznego Warszawy przyj\u0119\u0142a Uchwa\u0142\u0119&nbsp;NR XLIX\/1205\/2017&nbsp; dnia 25 maja 2017 r. w sprawie&nbsp;&nbsp;w sprawie czasu przeznaczonego na bezp\u0142atne nauczanie, wychowanie i opiek\u0119 w przedszkolach i oddzia\u0142ach przedszkolnych w szko\u0142ach podstawowych m.st. Warszawy. Zapraszamy do zapoznania si\u0119&nbsp; z Uchwa\u0142\u0105&nbsp;TUTAJ Zgodnie z t\u0105 uchwa\u0142\u0105 dzieci, kt\u00f3re rozpoczynaj\u0105 nauk\u0119 w [&hellip;]<\/p>\n","protected":false},"author":1,"featured_media":0,"parent":2165,"menu_order":0,"comment_status":"closed","ping_status":"closed","template":"","meta":{"ngg_post_thumbnail":0,"footnotes":""},"class_list":["post-2197","page","type-page","status-publish","hentry"],"_links":{"self":[{"href":"https:\/\/uszatek.waw.pl\/index.php?rest_route=\/wp\/v2\/pages\/2197","targetHints":{"allow":["GET"]}}],"collection":[{"href":"https:\/\/uszatek.waw.pl\/index.php?rest_route=\/wp\/v2\/pages"}],"about":[{"href":"https:\/\/uszatek.waw.pl\/index.php?rest_route=\/wp\/v2\/types\/page"}],"author":[{"embeddable":true,"href":"https:\/\/uszatek.waw.pl\/index.php?rest_route=\/wp\/v2\/users\/1"}],"replies":[{"embeddable":true,"href":"https:\/\/uszatek.waw.pl\/index.php?rest_route=%2Fwp%2Fv2%2Fcomments&post=2197"}],"version-history":[{"count":10,"href":"https:\/\/uszatek.waw.pl\/index.php?rest_route=\/wp\/v2\/pages\/2197\/revisions"}],"predecessor-version":[{"id":3006,"href":"https:\/\/uszatek.waw.pl\/index.php?rest_route=\/wp\/v2\/pages\/2197\/revisions\/3006"}],"up":[{"embeddable":true,"href":"https:\/\/uszatek.waw.pl\/index.php?rest_route=\/wp\/v2\/pages\/2165"}],"wp:attachment":[{"href":"https:\/\/uszatek.waw.pl\/index.php?rest_route=%2Fwp%2Fv2%2Fmedia&parent=2197"}],"curies":[{"name":"wp","href":"https:\/\/api.w.org\/{rel}","templated":true}]}}