{"id":2195,"date":"2022-12-08T08:03:24","date_gmt":"2022-12-08T08:03:24","guid":{"rendered":"https:\/\/uszatek.waw.pl\/?page_id=2195"},"modified":"2023-01-26T16:23:27","modified_gmt":"2023-01-26T16:23:27","slug":"zwalnianie-z-oplat","status":"publish","type":"page","link":"https:\/\/uszatek.waw.pl\/?page_id=2195","title":{"rendered":"Zwalnianie z op\u0142at"},"content":{"rendered":"\t\t<div data-elementor-type=\"wp-page\" data-elementor-id=\"2195\" class=\"elementor elementor-2195\" data-elementor-post-type=\"page\">\n\t\t\t\t\t\t<section class=\"elementor-section elementor-top-section elementor-element elementor-element-a1b4e0c elementor-section-boxed elementor-section-height-default elementor-section-height-default\" data-id=\"a1b4e0c\" data-element_type=\"section\">\n\t\t\t\t\t\t<div class=\"elementor-container elementor-column-gap-default\">\n\t\t\t\t\t<div class=\"elementor-column elementor-col-100 elementor-top-column elementor-element elementor-element-657a250\" data-id=\"657a250\" data-element_type=\"column\">\n\t\t\t<div class=\"elementor-widget-wrap elementor-element-populated\">\n\t\t\t\t\t\t<div class=\"elementor-element elementor-element-59fa9d1 elementor-widget elementor-widget-text-editor\" data-id=\"59fa9d1\" data-element_type=\"widget\" data-widget_type=\"text-editor.default\">\n\t\t\t\t<div class=\"elementor-widget-container\">\n\t\t\t\t\t\t\t\t\t<h2 class=\"post-title entry-title\"><a title=\"Zwalnianie op\u0142at\" href=\"https:\/\/uszatek.waw.pl\/?page_id=5237\" rel=\"bookmark\">ZWALNIANIE OP\u0141AT<\/a><\/h2><div class=\"entry-content\"><h4><a href=\"http:\/\/uszatek.waw.pl\/wp-content\/uploads\/2020\/07\/wniosek_zwalnianie.pdf\" rel=\"noopener noreferrer\">Wniosek o zwolnienie z op\u0142at<\/a><\/h4><h3><strong>Tekst ujednolicony<\/strong><\/h3><h4>zarz\u0105dzenia nr 1302\/2017 Prezydenta m.st. Warszawy z dnia 3 sierpnia 2017 r. w sprawie ustalenia warunk\u00f3w korzystania ze sto\u0142\u00f3wek w przedszkolach i szko\u0142ach m.st. Warszawy oraz upowa\u017cnienia dyrektor\u00f3w szk\u00f3\u0142 i przedszkoli do zwalniania z op\u0142at za posi\u0142ki, uwzgl\u0119dniaj\u0105cy zmiany wynikaj\u0105ce z zarz\u0105dzenia nr 189\/2019 Prezydenta Miasta Sto\u0142ecznego Warszawy z dnia 11 lutego 2019 r. w\u00a0sprawie ustalenia warunk\u00f3w korzystania ze sto\u0142\u00f3wek w przedszkolach i szko\u0142ach m.st.\u00a0Warszawy oraz upowa\u017cnienia dyrektor\u00f3w szk\u00f3\u0142 i przedszkoli do zwalniania z op\u0142at za posi\u0142ki.<\/h4><p><strong>\u00a0<\/strong><\/p><h3><strong>ZARZ\u0104DZENIE NR 1302\/2017\u00a0\u00a0\u00a0\u00a0\u00a0\u00a0\u00a0<\/strong><\/h3><h3><strong>PREZYDENTA MIASTA STO\u0141ECZNEGO WARSZAWY<\/strong><\/h3><h3><strong>z dnia 3 sierpnia 2017 r.<\/strong><\/h3><p><strong>\u00a0<\/strong><\/p><h4><strong>w sprawie ustalenia warunk\u00f3w<\/strong>\u00a0<strong>korzystania ze sto\u0142\u00f3wek w\u00a0przedszkolach i\u00a0szko\u0142ach m.st.\u00a0Warszawy oraz upowa\u017cnienia dyrektor\u00f3w szk\u00f3\u0142 i\u00a0przedszkoli do\u00a0zwalniania z op\u0142at za posi\u0142ki<\/strong><\/h4><h4>Na podstawie art. 31 w zwi\u0105zku z art. 11a ust. 3 ustawy z dnia 8 marca 1990\u00a0r. o\u00a0samorz\u0105dzie gminnym (Dz. U. z 2016 r. poz. 446, z p\u00f3\u017an. zm.<a href=\"https:\/\/uszatek.waw.pl\/?page_id=5237#_ftn1\" name=\"_ftnref1\">[1]<\/a><sup>)<\/sup>) oraz art. 106 ust. 3, 5 i 6 ustawy z dnia 14 grudnia 2016 r. \u2013 Prawo o\u015bwiatowe (Dz.\u00a0U. z 2017 r. poz. 59 i 949) zarz\u0105dza\u00a0si\u0119, co\u00a0nast\u0119puje:<\/h4><h4>\u00a0<\/h4><ul><li><h4><strong>1.<\/strong>1. Zarz\u0105dzenie ustala og\u00f3lne warunki korzystania i odp\u0142atno\u015bci ze sto\u0142\u00f3wek zorganizowanych w szko\u0142ach i przedszkolach, dla kt\u00f3rych organem prowadz\u0105cym jest m.st.\u00a0Warszawa.<\/h4><\/li><\/ul><ol start=\"2\"><li><h4>Dyrektor szko\u0142y lub przedszkola, w kt\u00f3rej zorganizowana jest sto\u0142\u00f3wka, ustala, zgodnie z niniejszym zarz\u0105dzeniem, warunki korzystania ze sto\u0142\u00f3wki, w\u00a0tym wysoko\u015b\u0107 op\u0142at za posi\u0142ki.<\/h4><\/li><\/ol><h4><strong>\u00a0<\/strong><\/h4><ul><li><h4><strong>2.\u00a0<\/strong>Ilekro\u0107 w zarz\u0105dzeniu jest mowa o:<\/h4><\/li><li><h4>przedszkolu \u2013 nale\u017cy przez to rozumie\u0107 przedszkole, dla kt\u00f3rego organem prowadz\u0105cym jest m.st. Warszawa;<\/h4><\/li><li><h4>szkole \u2013 nale\u017cy przez to rozumie\u0107 szko\u0142\u0119, dla kt\u00f3rej organem prowadz\u0105cym jest m.st.\u00a0Warszawa;<\/h4><\/li><li><h4>uczniu \u2013 nale\u017cy przez to rozumie\u0107 ucznia szko\u0142y oraz wychowanka przedszkola;<\/h4><\/li><li><h4>rodzicach \u2013 nale\u017cy przez to rozumie\u0107 r\u00f3wnie\u017c opiekun\u00f3w prawnych;<\/h4><\/li><li><h4>sto\u0142\u00f3wce \u2013 nale\u017cy przez to rozumie\u0107 zorganizowane przez szko\u0142\u0119 lub przedszkole miejsce zbiorowego korzystania z posi\u0142k\u00f3w, w kt\u00f3rym pracownicy sto\u0142\u00f3wki wydaj\u0105 lub przygotowuj\u0105 i wydaj\u0105 posi\u0142ki.<\/h4><\/li><\/ul><h4><strong>\u00a0<\/strong><\/h4><ul><li><h4><strong>3.\u00a0<\/strong>Do korzystania z posi\u0142k\u00f3w w sto\u0142\u00f3wce uprawnieni s\u0105:<\/h4><ul><li><h4>uczniowie;<\/h4><\/li><li><h4>pracownicy szko\u0142y i przedszkola.<\/h4><\/li><\/ul><\/li><\/ul><h4>\u00a0<\/h4><ul><li><h4><strong>4.\u00a0<\/strong>1. Ustala si\u0119 dzienn\u0105 wysoko\u015b\u0107 op\u0142aty za korzystanie przez uczni\u00f3w z posi\u0142ku w\u00a0sto\u0142\u00f3wce nie wy\u017csz\u0105 ni\u017c:<\/h4><\/li><\/ul><ul><li><h4>w przedszkolu i oddziale przedszkolnym w szkole podstawowej \u2013 14 z\u0142;<\/h4><\/li><li><h4>w szkole podstawowej \u2013 12 z\u0142;<\/h4><\/li><li><h4>w szkole ponadpodstawowej \u2013 14 z\u0142<\/h4><\/li><\/ul><h4>\u2013 nie wi\u0119cej jednak ni\u017c koszty przygotowania posi\u0142ku, w tym koszty surowca przeznaczonego na wy\u017cywienie, pomniejszone o wynagrodzenia pracownik\u00f3w sto\u0142\u00f3wki oraz sk\u0142adki naliczane od tych wynagrodze\u0144, a tak\u017ce koszty utrzymania sto\u0142\u00f3wki.<\/h4><ol start=\"2\"><li><h4>Ustala si\u0119 dzienn\u0105 wysoko\u015b\u0107 op\u0142aty za korzystanie z posi\u0142ku w sto\u0142\u00f3wce przez pracownik\u00f3w szko\u0142y lub przedszkola w wysoko\u015bci uwzgl\u0119dniaj\u0105cej pe\u0142ne koszty przygotowania posi\u0142ku, w\u00a0tym koszty surowca przeznaczonego na wy\u017cywienie oraz koszty wynagrodzenia pracownik\u00f3w sto\u0142\u00f3wki oraz sk\u0142adki naliczane od tych wynagrodze\u0144, a tak\u017ce koszty utrzymania sto\u0142\u00f3wki.<\/h4><\/li><li><h4>Op\u0142aty ustalone na podstawie ust. 1 i 2 wnosi si\u0119 w okresach miesi\u0119cznych, z g\u00f3ry do\u00a0ostatniego dnia miesi\u0105ca poprzedzaj\u0105cego miesi\u0105c, w kt\u00f3rym nast\u0119puje korzystanie z\u00a0posi\u0142k\u00f3w w sto\u0142\u00f3wce, z zastrze\u017ceniem ust. 4 \u2013 6.<\/h4><\/li><li><h4>W uzasadnionych przypadkach dyrektor szko\u0142y lub przedszkola mo\u017ce, na wniosek rodzica lub pracownika szko\u0142y lub przedszkola uprawnionego do korzystania z posi\u0142ku w\u00a0sto\u0142\u00f3wce, wyznaczy\u0107 inny ni\u017c okre\u015blony w ust. 3 termin wniesienia op\u0142aty za korzystanie z\u00a0posi\u0142ku w\u00a0sto\u0142\u00f3wce, ustalonej na podstawie ust. 1 i ust. 2.<\/h4><\/li><li><h4>Op\u0142aty za korzystanie z posi\u0142k\u00f3w w sto\u0142\u00f3wce w miesi\u0105cach styczniu i\u00a0wrze\u015bniu mog\u0105 by\u0107 wnoszone odpowiednio do dnia 5 stycznia i 5 wrze\u015bnia.<\/h4><\/li><li><h4>Op\u0142aty za korzystanie z posi\u0142k\u00f3w w sto\u0142\u00f3wce w miesi\u0105cach, w kt\u00f3rych przedszkole lub oddzia\u0142 przedszkolny w szkole podstawowej pe\u0142ni dy\u017cur wakacyjny, wnosi si\u0119 w terminie 14\u00a0dni od dnia opublikowania informacji o zakwalifikowaniu dzieci na dy\u017cur wakacyjny.<\/h4><\/li><li><h4>W przypadku nieobecno\u015bci ucznia lub pracownika szko\u0142y lub przedszkola uprawnionego do korzystania z posi\u0142ku w sto\u0142\u00f3wce zwrotowi podlega dzienna wysoko\u015b\u0107 op\u0142aty za korzystanie z\u00a0posi\u0142ku w sto\u0142\u00f3wce za ka\u017cdy, z wy\u0142\u0105czeniem pierwszego, dzie\u0144 nieobecno\u015bci, z\u00a0zastrze\u017ceniem ust. 8. Zasada ta ma odpowiednio zastosowanie w przypadku rezygnacji z\u00a0posi\u0142ku przez ucznia lub pracownika szko\u0142y lub przedszkola uprawnionego do\u00a0korzystania z posi\u0142ku w\u00a0sto\u0142\u00f3wce.<\/h4><\/li><li><h4>Zwrotu dziennej wysoko\u015bci op\u0142aty za korzystanie z posi\u0142ku w\u00a0sto\u0142\u00f3wce za pierwszy dzie\u0144 nieobecno\u015bci lub pierwszy dzie\u0144 rezygnacji z posi\u0142ku dokonuje si\u0119 w\u00a0przypadku, gdy\u00a0nieobecno\u015b\u0107 lub rezygnacja zostan\u0105 zg\u0142oszone najp\u00f3\u017aniej w danym dniu do godziny 9.00.<\/h4><\/li><\/ol><h4>\u00a0<\/h4><ul><li><h4><strong>5.<\/strong>\u00a01. Upowa\u017cnia si\u0119 dyrektor\u00f3w szk\u00f3\u0142 i przedszkoli do udzielania zwolnie\u0144 z ca\u0142o\u015bci lub\u00a0cz\u0119\u015bci op\u0142at za korzystanie przez uczni\u00f3w z posi\u0142ku w\u00a0sto\u0142\u00f3wce, w przypadku szczeg\u00f3lnie trudnej sytuacji materialnej rodziny ucznia oraz w szczeg\u00f3lnie uzasadnionych przypadkach losowych, z zastrze\u017ceniem ust. 2.<\/h4><\/li><\/ul><ol start=\"2\"><li><h4>Zwolnie\u0144, o kt\u00f3rych mowa w ust. 1, udziela si\u0119 w sytuacji, gdy nie jest mo\u017cliwe uzyskanie dofinansowania posi\u0142k\u00f3w w sto\u0142\u00f3wce z pomocy spo\u0142ecznej.<\/h4><\/li><li><h4>Dyrektor szko\u0142y lub przedszkola udziela zwolnienia, o kt\u00f3rym mowa w ust. 1, je\u017celi posiada zabezpieczone \u015brodki finansowe w planie wydatk\u00f3w szko\u0142y lub przedszkola.<\/h4><\/li><li><h4>Wniosek w sprawie zwolnienia z op\u0142at za korzystanie przez ucznia z posi\u0142k\u00f3w w\u00a0sto\u0142\u00f3wce do dyrektora szko\u0142y lub przedszkola mo\u017ce zosta\u0107 z\u0142o\u017cony przez:<\/h4><ul><li><h4>rodzic\u00f3w ucznia;<\/h4><\/li><li><h4>pe\u0142noletniego ucznia;<\/h4><\/li><li><h4>nauczyciela szko\u0142y lub przedszkola;<\/h4><\/li><li><h4>inne pe\u0142noletnie osoby.<\/h4><ol start=\"5\"><li><h4>Do wniosku do\u0142\u0105cza si\u0119 za\u015bwiadczenia o wysoko\u015bci dochod\u00f3w, a w przypadku gdy nie\u00a0jest mo\u017cliwe uzyskanie takiego za\u015bwiadczenia:<\/h4><\/li><\/ol><\/li><li><h4>o\u015bwiadczenia o wysoko\u015bci dochod\u00f3w;<\/h4><\/li><li><h4>inne dokumenty, a w tym za\u015bwiadczenia z instytucji pomocy spo\u0142ecznej lub opini\u0119 pedagoga szkolnego, potwierdzaj\u0105ce trudn\u0105 sytuacj\u0119 materialn\u0105 ucznia lub szczeg\u00f3lnie uzasadniony przypadek losowy.<\/h4><\/li><\/ul><\/li><\/ol><ol start=\"6\"><li><h4>Wniosek, o kt\u00f3rym mowa w ust. 4 stanowi za\u0142\u0105cznik do zarz\u0105dzenia.<\/h4><\/li><\/ol><h4>\u00a0<\/h4><ul><li><h4><strong>6.\u00a0<\/strong>Wykonanie zarz\u0105dzenia powierza si\u0119 dyrektorom szk\u00f3\u0142 i przedszkoli, dla kt\u00f3rych organem prowadz\u0105cym jest m.st.\u00a0Warszawa.<\/h4><\/li><\/ul><h4>\u00a0<\/h4><ul><li><h4><strong>7.\u00a0<\/strong>Traci moc zarz\u0105dzenie nr 2048\/2008 Prezydenta Miasta Sto\u0142ecznego Warszawy z\u00a0dnia 11 wrze\u015bnia 2008 r. w sprawie zaakceptowania warunk\u00f3w korzystania ze sto\u0142\u00f3wek zorganizowanych w\u00a0przedszkolach i szko\u0142ach m.st. Warszawy oraz upowa\u017cnienia dyrektor\u00f3w szk\u00f3\u0142 i\u00a0przedszkoli do zwalniania z op\u0142at za posi\u0142ki zmienione zarz\u0105dzeniem nr 1398\/2011 Prezydenta Miasta Sto\u0142ecznego Warszawy z dnia 4 sierpnia 2011 r., zarz\u0105dzeniem nr\u00a02317\/2012 Prezydenta Miasta Sto\u0142ecznego Warszawy z dnia 11 kwietnia 2012 r. oraz zarz\u0105dzeniem nr 766\/2015 Prezydenta Miasta Sto\u0142ecznego Warszawy z dnia 28 maja 2015 r.<\/h4><\/li><\/ul><h4>\u00a0<\/h4><ul><li><h4><strong>8.<\/strong>\u00a0Zarz\u0105dzenie wchodzi w \u017cycie z dniem 1\u00a0wrze\u015bnia 2017 r.<\/h4><\/li><\/ul><h4>\u00a0<\/h4><h4><strong>Prezydent<\/strong><\/h4><h4><strong>Miasta Sto\u0142ecznego Warszawy<\/strong><\/h4><p><a href=\"https:\/\/uszatek.waw.pl\/?page_id=5237#_ftnref1\" name=\"_ftn1\">[1]<\/a><sup>)<\/sup>\u00a0Zmiany tekstu jednolitego wymienionej ustawy zosta\u0142y og\u0142oszone w Dz. U. z 2016 r. poz. 1579 i 1948 oraz z\u00a02017 r. poz. 730 i 935.<\/p><\/div>\t\t\t\t\t\t\t\t<\/div>\n\t\t\t\t<\/div>\n\t\t\t\t\t<\/div>\n\t\t<\/div>\n\t\t\t\t\t<\/div>\n\t\t<\/section>\n\t\t\t\t<\/div>\n\t\t","protected":false},"excerpt":{"rendered":"<p>ZWALNIANIE OP\u0141AT Wniosek o zwolnienie z op\u0142at Tekst ujednolicony zarz\u0105dzenia nr 1302\/2017 Prezydenta m.st. Warszawy z dnia 3 sierpnia 2017 r. w sprawie ustalenia warunk\u00f3w korzystania ze sto\u0142\u00f3wek w przedszkolach i szko\u0142ach m.st. Warszawy oraz upowa\u017cnienia dyrektor\u00f3w szk\u00f3\u0142 i przedszkoli do zwalniania z op\u0142at za posi\u0142ki, uwzgl\u0119dniaj\u0105cy zmiany wynikaj\u0105ce z [&hellip;]<\/p>\n","protected":false},"author":1,"featured_media":0,"parent":2165,"menu_order":0,"comment_status":"closed","ping_status":"closed","template":"","meta":{"ngg_post_thumbnail":0,"footnotes":""},"class_list":["post-2195","page","type-page","status-publish","hentry"],"_links":{"self":[{"href":"https:\/\/uszatek.waw.pl\/index.php?rest_route=\/wp\/v2\/pages\/2195","targetHints":{"allow":["GET"]}}],"collection":[{"href":"https:\/\/uszatek.waw.pl\/index.php?rest_route=\/wp\/v2\/pages"}],"about":[{"href":"https:\/\/uszatek.waw.pl\/index.php?rest_route=\/wp\/v2\/types\/page"}],"author":[{"embeddable":true,"href":"https:\/\/uszatek.waw.pl\/index.php?rest_route=\/wp\/v2\/users\/1"}],"replies":[{"embeddable":true,"href":"https:\/\/uszatek.waw.pl\/index.php?rest_route=%2Fwp%2Fv2%2Fcomments&post=2195"}],"version-history":[{"count":4,"href":"https:\/\/uszatek.waw.pl\/index.php?rest_route=\/wp\/v2\/pages\/2195\/revisions"}],"predecessor-version":[{"id":2345,"href":"https:\/\/uszatek.waw.pl\/index.php?rest_route=\/wp\/v2\/pages\/2195\/revisions\/2345"}],"up":[{"embeddable":true,"href":"https:\/\/uszatek.waw.pl\/index.php?rest_route=\/wp\/v2\/pages\/2165"}],"wp:attachment":[{"href":"https:\/\/uszatek.waw.pl\/index.php?rest_route=%2Fwp%2Fv2%2Fmedia&parent=2195"}],"curies":[{"name":"wp","href":"https:\/\/api.w.org\/{rel}","templated":true}]}}