{"id":2179,"date":"2022-12-08T08:01:20","date_gmt":"2022-12-08T08:01:20","guid":{"rendered":"https:\/\/uszatek.waw.pl\/?page_id=2179"},"modified":"2023-01-26T16:05:51","modified_gmt":"2023-01-26T16:05:51","slug":"misja","status":"publish","type":"page","link":"https:\/\/uszatek.waw.pl\/?page_id=2179","title":{"rendered":"Misja"},"content":{"rendered":"\t\t<div data-elementor-type=\"wp-page\" data-elementor-id=\"2179\" class=\"elementor elementor-2179\" data-elementor-post-type=\"page\">\n\t\t\t\t\t\t<section class=\"elementor-section elementor-top-section elementor-element elementor-element-011d5cc elementor-section-boxed elementor-section-height-default elementor-section-height-default\" data-id=\"011d5cc\" data-element_type=\"section\">\n\t\t\t\t\t\t<div class=\"elementor-container elementor-column-gap-default\">\n\t\t\t\t\t<div class=\"elementor-column elementor-col-100 elementor-top-column elementor-element elementor-element-d9c0435\" data-id=\"d9c0435\" data-element_type=\"column\">\n\t\t\t<div class=\"elementor-widget-wrap elementor-element-populated\">\n\t\t\t\t\t\t<div class=\"elementor-element elementor-element-9d302b7 elementor-widget elementor-widget-text-editor\" data-id=\"9d302b7\" data-element_type=\"widget\" data-widget_type=\"text-editor.default\">\n\t\t\t\t<div class=\"elementor-widget-container\">\n\t\t\t\t\t\t\t\t\t<h2 class=\"post-title entry-title\">MISJA<\/h2><div class=\"entry-content\"><h3>Nasza misja<\/h3><ul><li>Przedszkole nr 272 Misia Uszatka powsta\u0142o w 1972 roku, w Warszawie na Bielanach.<\/li><li>Jest plac\u00f3wk\u0105 o\u015bwiatowo-wychowawcza, kt\u00f3ra skupia w swych przychylnych progach dzieci z r\u00f3\u017cnych \u015brodowisk.<\/li><li>G\u0142\u00f3wnym celem naszej dzia\u0142alno\u015bci jest rozwijanie ekspresji tw\u00f3rczej dzieci. Aby osi\u0105gn\u0105\u0107 ten cel w swej pracy stawiamy na wzajemne wsparcie, korzystamy z do\u015bwiadcze\u0144 wszystkich nauczycielek i rodzic\u00f3w.<\/li><li>Staramy si\u0119 wsp\u00f3\u0142pracowa\u0107 z najbli\u017cszym \u015brodowiskiem, zataczaj\u0105c kr\u0119gi na dalsze \u015brodowiska oraz stosuj\u0105c strategi\u0119 ?ma\u0142ych krok\u00f3w?.<\/li><li>Kieruj\u0105c si\u0119 takimi strategiami uwa\u017camy, \u017ce najwi\u0119ksze warto\u015bci stanowi\u0105 dla nas: dobro dziecka i profesjonalizm.<\/li><li>Spo\u015br\u00f3d biela\u0144skich plac\u00f3wek wyr\u00f3\u017cnia nas przyjazna atmosfera, otwarto\u015b\u0107 na nasze wyzwania ci\u0105g\u0142e podnoszenie kwalifikacji zawodowych oraz osi\u0105ganie kolejnych etap\u00f3w awansu zawodowego.<\/li><\/ul><h3>Nasza wizja<\/h3><ul><li>Nasze przedszkole jest przedszkolem otwartym na potrzeby dzieci i rodzic\u00f3w.<\/li><li>Promujemy dzia\u0142ania w zakresie propagowania zdrowego stylu \u017cycia oraz \u015bwiadomego udzia\u0142u dzieci w \u017cyciu kulturalnym, poprzez kontakt z literatur\u0105, teatrem, sztuk\u0105, muzyk\u0105.<\/li><li>Przybli\u017camy naszym wychowankom mo\u017cliwo\u015b\u0107 korzystania z komputer\u00f3w w r\u00f3\u017cnych dziedzinach \u017cycia.<\/li><li>Najwa\u017cniejsze dla nas jest to, aby przedszkolak by\u0142: zdrowy i silny, bezpieczny, wra\u017cliwy i kochaj\u0105cy, otwarty i tolerancyjny, my\u015bl\u0105cy oraz tw\u00f3rczy.<\/li><li>Oddzia\u0142ywania przedszkola i domu s\u0105 skoordynowane, a rodzice s\u0105 naszymi sojusznikami i sprzymierze\u0144cami w organizacji procesu wychowawczo-dydaktycznego.<\/li><li>Wszyscy pracownicy sumiennie wykonuj\u0105 swoje obowi\u0105zki, swym zaanga\u017cowaniem i postaw\u0105 buduj\u0105 pozytywny wizerunek naszej plac\u00f3wki.<\/li><li>Najwi\u0119kszym dobrem jest dobro dziecka. Stwarzamy ka\u017cdemu dziecku szans\u0119 rozwoju na miar\u0119 jego potrzeb i mo\u017cliwo\u015bci.<\/li><li>Pragniemy w ka\u017cdym dziecku rozbudzi\u0107 ciekawo\u015b\u0107 \u015bwiata i ludzi, spostrzegawczo\u015b\u0107 i wra\u017cliwo\u015b\u0107 oraz wyobra\u017ani\u0119 tw\u00f3rcz\u0105.<\/li><li>Jeste\u015bmy przekonani, \u017ce nasze przedszkole wyposa\u017cy m\u0142odych ludzi w wiedz\u0119, umiej\u0119tno\u015bci i sprawno\u015bci, kt\u00f3re pozwol\u0105 sprosta\u0107 wymaganiom stawianym w szkole i \u017cyciu doros\u0142ym, b\u0119d\u0105 otwarci na kontakty z innymi lud\u017ami, cechowa\u0107 ich b\u0119dzie \u015bmia\u0142a i tw\u00f3rcza postawa wobec otaczaj\u0105cego \u015bwiata w zjednoczonej Europie.<\/li><li><strong>Wprowadzamy zasady przygotowania dzieci do \u017cycia w spo\u0142ecze\u0144stwie wielokulturowym:<\/strong><ul><li><strong>uczenie wsp\u00f3\u0142\u017cycia<\/strong><\/li><li><strong>tolerancji<\/strong><\/li><li><strong>poszanowania r\u00f3\u017cnorodno\u015bci<\/strong><\/li><li><strong>szacunku do inno\u015bci<\/strong><\/li><li><strong>zainteresowania innymi kulturami<\/strong><\/li><li><strong>na tym tle \u2013 poszanowania w\u0142asnej kultury<\/strong><\/li><\/ul><\/li><\/ul><p><strong>Przedszkole jest czynne od poniedzia\u0142ku do pi\u0105tku w godzinach 7.00 \u2013 17.30<\/strong><\/p><\/div>\t\t\t\t\t\t\t\t<\/div>\n\t\t\t\t<\/div>\n\t\t\t\t\t<\/div>\n\t\t<\/div>\n\t\t\t\t\t<\/div>\n\t\t<\/section>\n\t\t\t\t<\/div>\n\t\t","protected":false},"excerpt":{"rendered":"<p>MISJA Nasza misja Przedszkole nr 272 Misia Uszatka powsta\u0142o w 1972 roku, w Warszawie na Bielanach. Jest plac\u00f3wk\u0105 o\u015bwiatowo-wychowawcza, kt\u00f3ra skupia w swych przychylnych progach dzieci z r\u00f3\u017cnych \u015brodowisk. G\u0142\u00f3wnym celem naszej dzia\u0142alno\u015bci jest rozwijanie ekspresji tw\u00f3rczej dzieci. Aby osi\u0105gn\u0105\u0107 ten cel w swej pracy stawiamy na wzajemne wsparcie, korzystamy [&hellip;]<\/p>\n","protected":false},"author":1,"featured_media":0,"parent":2161,"menu_order":0,"comment_status":"closed","ping_status":"closed","template":"","meta":{"ngg_post_thumbnail":0,"footnotes":""},"class_list":["post-2179","page","type-page","status-publish","hentry"],"_links":{"self":[{"href":"https:\/\/uszatek.waw.pl\/index.php?rest_route=\/wp\/v2\/pages\/2179","targetHints":{"allow":["GET"]}}],"collection":[{"href":"https:\/\/uszatek.waw.pl\/index.php?rest_route=\/wp\/v2\/pages"}],"about":[{"href":"https:\/\/uszatek.waw.pl\/index.php?rest_route=\/wp\/v2\/types\/page"}],"author":[{"embeddable":true,"href":"https:\/\/uszatek.waw.pl\/index.php?rest_route=\/wp\/v2\/users\/1"}],"replies":[{"embeddable":true,"href":"https:\/\/uszatek.waw.pl\/index.php?rest_route=%2Fwp%2Fv2%2Fcomments&post=2179"}],"version-history":[{"count":4,"href":"https:\/\/uszatek.waw.pl\/index.php?rest_route=\/wp\/v2\/pages\/2179\/revisions"}],"predecessor-version":[{"id":2287,"href":"https:\/\/uszatek.waw.pl\/index.php?rest_route=\/wp\/v2\/pages\/2179\/revisions\/2287"}],"up":[{"embeddable":true,"href":"https:\/\/uszatek.waw.pl\/index.php?rest_route=\/wp\/v2\/pages\/2161"}],"wp:attachment":[{"href":"https:\/\/uszatek.waw.pl\/index.php?rest_route=%2Fwp%2Fv2%2Fmedia&parent=2179"}],"curies":[{"name":"wp","href":"https:\/\/api.w.org\/{rel}","templated":true}]}}