{"id":158,"date":"2020-02-17T15:00:20","date_gmt":"2020-02-17T15:00:20","guid":{"rendered":"http:\/\/bizix.premiumthemes.in\/?page_id=158"},"modified":"2026-02-06T09:10:28","modified_gmt":"2026-02-06T09:10:28","slug":"home-1","status":"publish","type":"page","link":"https:\/\/uszatek.waw.pl\/","title":{"rendered":"Home 1"},"content":{"rendered":"\t\t<div data-elementor-type=\"wp-page\" data-elementor-id=\"158\" class=\"elementor elementor-158\" data-elementor-post-type=\"page\">\n\t\t\t\t\t\t<section class=\"elementor-section elementor-top-section elementor-element elementor-element-66bcaeb9 elementor-section-stretched elementor-section-boxed elementor-section-height-default elementor-section-height-default\" data-id=\"66bcaeb9\" data-element_type=\"section\" data-settings=\"{&quot;stretch_section&quot;:&quot;section-stretched&quot;,&quot;background_background&quot;:&quot;classic&quot;}\">\n\t\t\t\t\t\t<div class=\"elementor-container elementor-column-gap-no\">\n\t\t\t\t\t<div class=\"elementor-column elementor-col-100 elementor-top-column elementor-element elementor-element-1c52182c\" data-id=\"1c52182c\" data-element_type=\"column\">\n\t\t\t<div class=\"elementor-widget-wrap elementor-element-populated\">\n\t\t\t\t\t\t<div class=\"elementor-element elementor-element-3a199d5 gyan-title-st-line-both-side elementor-widget elementor-widget-gyan_title\" data-id=\"3a199d5\" data-element_type=\"widget\" data-widget_type=\"gyan_title.default\">\n\t\t\t\t<div class=\"elementor-widget-container\">\n\t\t\t\t\t\t\t<div class=\"gyan-title\">\r\n\t\t\t<div class=\"gyan-title-subtitle\"><span>AKTUALNO\u015aCI<\/span><\/div>\t\t<\/div>\r\n\t\t\t\t\t\t<\/div>\n\t\t\t\t<\/div>\n\t\t\t\t<div class=\"elementor-element elementor-element-476f7b4 elementor-grid-3 elementor-grid-tablet-2 elementor-grid-mobile-1 elementor-widget elementor-widget-gyan_post_grid\" data-id=\"476f7b4\" data-element_type=\"widget\" data-settings=\"{&quot;columns&quot;:&quot;3&quot;,&quot;columns_tablet&quot;:&quot;2&quot;,&quot;columns_mobile&quot;:&quot;1&quot;}\" data-widget_type=\"gyan_post_grid.default\">\n\t\t\t\t<div class=\"elementor-widget-container\">\n\t\t\t\t\t        <div class=\"gyan-post-grid-container gyan-post-grid-s3 gyan-post-grid-container-476f7b4\" data-layout=\"grid\" data-rtl=\"false\">\n\n            \n            <div class=\"gyan-post-grid gyan-elementor-grid\">\n                \n<div class=\"gyan-post-grid-item gyan-grid-item-wrap cat-1\">\n    <div class=\"gyan-post-grid-item-inner gyan-grid-item\">\n\n        <div class=\"gyan-post-grid-item-holder gyan-ease-transition\">\n\n            \n            <div class=\"gyan-post-content-block gyan-ease-transition\">\n                <div class=\"gyan-post-title-section\">\n                    <div class=\"gyan-post-grid-metas gyan-ease-transition gyan-post-grid-separator-icon \"><span class=\"gyan-grid-metas-item\"><span class=\"gyan-postmetas-icon\"><i class=\"fas fa-clock\"><\/i><\/span><span class=\"gyan-postmeta-text\">16 kwietnia, 2026<\/span><\/span><\/div>\n    <div class=\"clear\"><\/div>                        <div class=\"gyan-post-grid-content\">\n\n                            \n                            <div class=\"gyan-post-title\">\n                                <h2><a href=\"https:\/\/uszatek.waw.pl\/?p=3679\" >Przesiewowe badanie wzroku                                <\/a><\/h2>\n                            <\/div>\n\n                            \n                            \n                                <div class=\"gyan-post-list-excerpt\">\n                                    Zgoda Rodzic\u00f3w i Ankieta P272 List do Rodzic\u00f3w &nbsp; &nbsp; &nbsp;                                <\/div>\n\n                            \n                            <div class=\"clear\"><\/div>\n\n                        <\/div>\n                        \n                                                <div class=\"clear\"><\/div>\n                <\/div>\n                <div class=\"clear\"><\/div>\n            <\/div>\n            <div class=\"clear\"><\/div>\n        <\/div><div class=\"clear\"><\/div>\n\n    <\/div> <!-- gyan-post-grid-item-inner --><div class=\"clear\"><\/div>\n<\/div> <!-- gyan-post-grid-item -->\n\n<div class=\"clear\"><\/div>\n<div class=\"gyan-post-grid-item gyan-grid-item-wrap cat-1\">\n    <div class=\"gyan-post-grid-item-inner gyan-grid-item\">\n\n        <div class=\"gyan-post-grid-item-holder gyan-ease-transition\">\n\n            \n            <div class=\"gyan-post-content-block gyan-ease-transition\">\n                <div class=\"gyan-post-title-section\">\n                    <div class=\"gyan-post-grid-metas gyan-ease-transition gyan-post-grid-separator-icon \"><span class=\"gyan-grid-metas-item\"><span class=\"gyan-postmetas-icon\"><i class=\"fas fa-clock\"><\/i><\/span><span class=\"gyan-postmeta-text\">3 kwietnia, 2026<\/span><\/span><\/div>\n    <div class=\"clear\"><\/div>                        <div class=\"gyan-post-grid-content\">\n\n                            \n                            <div class=\"gyan-post-title\">\n                                <h2><a href=\"https:\/\/uszatek.waw.pl\/?p=3670\" >\u017byczenia Wielkanocne                                <\/a><\/h2>\n                            <\/div>\n\n                            \n                            \n                                <div class=\"gyan-post-list-excerpt\">\n                                                                    <\/div>\n\n                            \n                            <div class=\"clear\"><\/div>\n\n                        <\/div>\n                        \n                                                <div class=\"clear\"><\/div>\n                <\/div>\n                <div class=\"clear\"><\/div>\n            <\/div>\n            <div class=\"clear\"><\/div>\n        <\/div><div class=\"clear\"><\/div>\n\n    <\/div> <!-- gyan-post-grid-item-inner --><div class=\"clear\"><\/div>\n<\/div> <!-- gyan-post-grid-item -->\n\n<div class=\"clear\"><\/div>\n<div class=\"gyan-post-grid-item gyan-grid-item-wrap cat-1\">\n    <div class=\"gyan-post-grid-item-inner gyan-grid-item\">\n\n        <div class=\"gyan-post-grid-item-holder gyan-ease-transition\">\n\n            \n            <div class=\"gyan-post-content-block gyan-ease-transition\">\n                <div class=\"gyan-post-title-section\">\n                    <div class=\"gyan-post-grid-metas gyan-ease-transition gyan-post-grid-separator-icon \"><span class=\"gyan-grid-metas-item\"><span class=\"gyan-postmetas-icon\"><i class=\"fas fa-clock\"><\/i><\/span><span class=\"gyan-postmeta-text\">2 kwietnia, 2026<\/span><\/span><\/div>\n    <div class=\"clear\"><\/div>                        <div class=\"gyan-post-grid-content\">\n\n                            \n                            <div class=\"gyan-post-title\">\n                                <h2><a href=\"https:\/\/uszatek.waw.pl\/?p=3654\" >Dy\u017cur op\u0142aty                                <\/a><\/h2>\n                            <\/div>\n\n                            \n                            \n                                <div class=\"gyan-post-list-excerpt\">\n                                                                    <\/div>\n\n                            \n                            <div class=\"clear\"><\/div>\n\n                        <\/div>\n                        \n                                                <div class=\"clear\"><\/div>\n                <\/div>\n                <div class=\"clear\"><\/div>\n            <\/div>\n            <div class=\"clear\"><\/div>\n        <\/div><div class=\"clear\"><\/div>\n\n    <\/div> <!-- gyan-post-grid-item-inner --><div class=\"clear\"><\/div>\n<\/div> <!-- gyan-post-grid-item -->\n\n<div class=\"clear\"><\/div>\n<div class=\"gyan-post-grid-item gyan-grid-item-wrap cat-1\">\n    <div class=\"gyan-post-grid-item-inner gyan-grid-item\">\n\n        <div class=\"gyan-post-grid-item-holder gyan-ease-transition\">\n\n            \n            <div class=\"gyan-post-content-block gyan-ease-transition\">\n                <div class=\"gyan-post-title-section\">\n                    <div class=\"gyan-post-grid-metas gyan-ease-transition gyan-post-grid-separator-icon \"><span class=\"gyan-grid-metas-item\"><span class=\"gyan-postmetas-icon\"><i class=\"fas fa-clock\"><\/i><\/span><span class=\"gyan-postmeta-text\">30 marca, 2026<\/span><\/span><\/div>\n    <div class=\"clear\"><\/div>                        <div class=\"gyan-post-grid-content\">\n\n                            \n                            <div class=\"gyan-post-title\">\n                                <h2><a href=\"https:\/\/uszatek.waw.pl\/?p=3657\" >W poszukiwaniu Wiosny&#8230;.                                <\/a><\/h2>\n                            <\/div>\n\n                            \n                            \n                                <div class=\"gyan-post-list-excerpt\">\n                                    W s\u0142oneczny poranek dzieci z przedszkola wyruszy\u0142y do ogrodu w poszukiwaniu Pani Wiosny. Pe\u0142ne rado\u015bci                                <\/div>\n\n                            \n                            <div class=\"clear\"><\/div>\n\n                        <\/div>\n                        \n                                                <div class=\"clear\"><\/div>\n                <\/div>\n                <div class=\"clear\"><\/div>\n            <\/div>\n            <div class=\"clear\"><\/div>\n        <\/div><div class=\"clear\"><\/div>\n\n    <\/div> <!-- gyan-post-grid-item-inner --><div class=\"clear\"><\/div>\n<\/div> <!-- gyan-post-grid-item -->\n\n<div class=\"clear\"><\/div>\n<div class=\"gyan-post-grid-item gyan-grid-item-wrap cat-1\">\n    <div class=\"gyan-post-grid-item-inner gyan-grid-item\">\n\n        <div class=\"gyan-post-grid-item-holder gyan-ease-transition\">\n\n            \n            <div class=\"gyan-post-content-block gyan-ease-transition\">\n                <div class=\"gyan-post-title-section\">\n                    <div class=\"gyan-post-grid-metas gyan-ease-transition gyan-post-grid-separator-icon \"><span class=\"gyan-grid-metas-item\"><span class=\"gyan-postmetas-icon\"><i class=\"fas fa-clock\"><\/i><\/span><span class=\"gyan-postmeta-text\">27 marca, 2026<\/span><\/span><\/div>\n    <div class=\"clear\"><\/div>                        <div class=\"gyan-post-grid-content\">\n\n                            \n                            <div class=\"gyan-post-title\">\n                                <h2><a href=\"https:\/\/uszatek.waw.pl\/?p=3647\" >Godzina dla Ziemi                                <\/a><\/h2>\n                            <\/div>\n\n                            \n                            \n                                <div class=\"gyan-post-list-excerpt\">\n                                    Ju\u017c 28 marca obchodzimy Godzin\u0119 dla Ziemi \u2013 inicjatyw\u0119, podczas kt\u00f3rej ludzie na ca\u0142ym \u015bwiecie                                <\/div>\n\n                            \n                            <div class=\"clear\"><\/div>\n\n                        <\/div>\n                        \n                                                <div class=\"clear\"><\/div>\n                <\/div>\n                <div class=\"clear\"><\/div>\n            <\/div>\n            <div class=\"clear\"><\/div>\n        <\/div><div class=\"clear\"><\/div>\n\n    <\/div> <!-- gyan-post-grid-item-inner --><div class=\"clear\"><\/div>\n<\/div> <!-- gyan-post-grid-item -->\n\n<div class=\"clear\"><\/div>\n<div class=\"gyan-post-grid-item gyan-grid-item-wrap cat-1\">\n    <div class=\"gyan-post-grid-item-inner gyan-grid-item\">\n\n        <div class=\"gyan-post-grid-item-holder gyan-ease-transition\">\n\n            \n            <div class=\"gyan-post-content-block gyan-ease-transition\">\n                <div class=\"gyan-post-title-section\">\n                    <div class=\"gyan-post-grid-metas gyan-ease-transition gyan-post-grid-separator-icon \"><span class=\"gyan-grid-metas-item\"><span class=\"gyan-postmetas-icon\"><i class=\"fas fa-clock\"><\/i><\/span><span class=\"gyan-postmeta-text\">16 marca, 2026<\/span><\/span><\/div>\n    <div class=\"clear\"><\/div>                        <div class=\"gyan-post-grid-content\">\n\n                            \n                            <div class=\"gyan-post-title\">\n                                <h2><a href=\"https:\/\/uszatek.waw.pl\/?p=3631\" >\u015awiatowy Dzie\u0144 Wody                                <\/a><\/h2>\n                            <\/div>\n\n                            \n                            \n                                <div class=\"gyan-post-list-excerpt\">\n                                                                    <\/div>\n\n                            \n                            <div class=\"clear\"><\/div>\n\n                        <\/div>\n                        \n                                                <div class=\"clear\"><\/div>\n                <\/div>\n                <div class=\"clear\"><\/div>\n            <\/div>\n            <div class=\"clear\"><\/div>\n        <\/div><div class=\"clear\"><\/div>\n\n    <\/div> <!-- gyan-post-grid-item-inner --><div class=\"clear\"><\/div>\n<\/div> <!-- gyan-post-grid-item -->\n\n<div class=\"clear\"><\/div>            <\/div><div class=\"clear\"><\/div>\n        <\/div>\n\n                      <div class=\"gyan-pagination-holder\"><div class=\"gyan-pagination-wrap\"><div class=\"gyan-pagination\"><span aria-current=\"page\" class=\"page-numbers current\">1<\/span>\n<a class=\"page-numbers\" href=\"https:\/\/uszatek.waw.pl\/index.php?paged=2\">2<\/a>\n<a class=\"page-numbers\" href=\"https:\/\/uszatek.waw.pl\/index.php?paged=3\">3<\/a>\n<span class=\"page-numbers dots\">&hellip;<\/span>\n<a class=\"page-numbers\" href=\"https:\/\/uszatek.waw.pl\/index.php?paged=23\">23<\/a>\n<a class=\"next page-numbers\" href=\"https:\/\/uszatek.waw.pl\/index.php?paged=2\"><span class=\"gyan_pg_next\"><\/span> <i class=\"fas fa-angle-double-right\"><\/i><\/a><div class=\"clear\"><\/div><\/div><\/div><\/div>\n        \n        \t\t\t\t<\/div>\n\t\t\t\t<\/div>\n\t\t\t\t\t<\/div>\n\t\t<\/div>\n\t\t\t\t\t<\/div>\n\t\t<\/section>\n\t\t\t\t<section class=\"elementor-section elementor-top-section elementor-element elementor-element-01b249b elementor-section-boxed elementor-section-height-default elementor-section-height-default\" data-id=\"01b249b\" data-element_type=\"section\">\n\t\t\t\t\t\t<div class=\"elementor-container elementor-column-gap-default\">\n\t\t\t\t\t<div class=\"elementor-column elementor-col-100 elementor-top-column elementor-element elementor-element-6ce203f\" data-id=\"6ce203f\" data-element_type=\"column\">\n\t\t\t<div class=\"elementor-widget-wrap elementor-element-populated\">\n\t\t\t\t\t\t<div class=\"elementor-element elementor-element-cea92b0 gyan-title-st-line-both-side elementor-widget elementor-widget-gyan_title\" data-id=\"cea92b0\" data-element_type=\"widget\" data-widget_type=\"gyan_title.default\">\n\t\t\t\t<div class=\"elementor-widget-container\">\n\t\t\t\t\t\t\t<div class=\"gyan-title\">\r\n\t\t\t<div class=\"gyan-title-subtitle\"><span>PROJEKTY I PROGRAMY<\/span><\/div>\t\t<\/div>\r\n\t\t\t\t\t\t<\/div>\n\t\t\t\t<\/div>\n\t\t\t\t<div class=\"elementor-element elementor-element-4e93ca7 elementor-widget elementor-widget-elementskit-client-logo\" data-id=\"4e93ca7\" data-element_type=\"widget\" data-widget_type=\"elementskit-client-logo.default\">\n\t\t\t\t<div class=\"elementor-widget-container\">\n\t\t\t\t\t<div class=\"ekit-wid-con\" >\t\t<div class=\"elementskit-clients-slider  simple_logo_image\" data-config=\"{&quot;rtl&quot;:false,&quot;arrows&quot;:false,&quot;dots&quot;:false,&quot;autoplay&quot;:true,&quot;speed&quot;:1000,&quot;slidesPerView&quot;:5,&quot;slidesPerGroup&quot;:1,&quot;pauseOnHover&quot;:true,&quot;loop&quot;:false,&quot;breakpoints&quot;:{&quot;320&quot;:{&quot;slidesPerView&quot;:1,&quot;slidesPerGroup&quot;:1,&quot;spaceBetween&quot;:10},&quot;768&quot;:{&quot;slidesPerView&quot;:2,&quot;slidesPerGroup&quot;:1,&quot;spaceBetween&quot;:10},&quot;1024&quot;:{&quot;slidesPerView&quot;:5,&quot;slidesPerGroup&quot;:1,&quot;spaceBetween&quot;:15}}}\" data-direction=\"\">\n\t\t\t<div class=\"ekit-main-swiper swiper\">\n\t\t\t\t<div class=\"swiper-wrapper\">\n\t\t\t\t\t\t\t\t\t\t\t<div class=\"elementskit-client-slider-item swiper-slide \">\n\t\t\t\t\t\t\t<div class=\"swiper-slide-inner\">\n\t\t\t\t\t\t\t\t<div class=\"single-client image-switcher\" title=\"BIP\">\n\t\t\t\t\t\t\t\t\t\t\t\t\t\t\t\t\t\t\t<a href=\"https:\/\/przedszkole272.bip.warszawa.pl\/\" target=\"_blank\">\n\t\t\t\t\t\t\t\t\t\t\t<span class=\"content-image\">\n\t\t\t\t\t\t\t\t\t\t\t\t<img decoding=\"async\" width=\"144\" height=\"80\" src=\"https:\/\/uszatek.waw.pl\/wp-content\/uploads\/2022\/12\/bip.jpg\" class=\"\" alt=\"bip\" \/>\t\t\t\t\t\t\t\t\t\t\t<\/span>\n\t\t\t\t\t\t\t\t\t\t<\/a>\n\t\t\t\t\t\t\t\t\t\t\t\t\t\t\t\t\t<\/div>\n\t\t\t\t\t\t\t<\/div>\n\t\t\t\t\t\t<\/div>\n\t\t\t\t\t\t\t\t\t\t\t<div class=\"elementskit-client-slider-item swiper-slide \">\n\t\t\t\t\t\t\t<div class=\"swiper-slide-inner\">\n\t\t\t\t\t\t\t\t<div class=\"single-client image-switcher\" title=\"RODO\">\n\t\t\t\t\t\t\t\t\t\t\t\t\t\t\t\t\t\t\t<a href=\"\/wp-content\/uploads\/2024\/03\/RODO.pdf\">\n\t\t\t\t\t\t\t\t\t\t\t<span class=\"content-image\">\n\t\t\t\t\t\t\t\t\t\t\t\t<img decoding=\"async\" width=\"170\" height=\"80\" src=\"https:\/\/uszatek.waw.pl\/wp-content\/uploads\/2022\/12\/rodo2.jpg\" class=\"\" alt=\"rodo2\" \/>\t\t\t\t\t\t\t\t\t\t\t<\/span>\n\t\t\t\t\t\t\t\t\t\t<\/a>\n\t\t\t\t\t\t\t\t\t\t\t\t\t\t\t\t\t<\/div>\n\t\t\t\t\t\t\t<\/div>\n\t\t\t\t\t\t<\/div>\n\t\t\t\t\t\t\t\t\t\t\t<div class=\"elementskit-client-slider-item swiper-slide \">\n\t\t\t\t\t\t\t<div class=\"swiper-slide-inner\">\n\t\t\t\t\t\t\t\t<div class=\"single-client image-switcher\" title=\"Deklaracja\">\n\t\t\t\t\t\t\t\t\t\t\t\t\t\t\t\t\t\t\t<a href=\"https:\/\/uszatek.waw.pl\/?page_id=3185\">\n\t\t\t\t\t\t\t\t\t\t\t<span class=\"content-image\">\n\t\t\t\t\t\t\t\t\t\t\t\t<img decoding=\"async\" width=\"204\" height=\"80\" src=\"https:\/\/uszatek.waw.pl\/wp-content\/uploads\/2022\/12\/deklaracja.png\" class=\"\" alt=\"deklaracja\" \/>\t\t\t\t\t\t\t\t\t\t\t<\/span>\n\t\t\t\t\t\t\t\t\t\t<\/a>\n\t\t\t\t\t\t\t\t\t\t\t\t\t\t\t\t\t<\/div>\n\t\t\t\t\t\t\t<\/div>\n\t\t\t\t\t\t<\/div>\n\t\t\t\t\t\t\t\t\t\t\t<div class=\"elementskit-client-slider-item swiper-slide \">\n\t\t\t\t\t\t\t<div class=\"swiper-slide-inner\">\n\t\t\t\t\t\t\t\t<div class=\"single-client image-switcher\" title=\"Bielany\">\n\t\t\t\t\t\t\t\t\t\t\t\t\t\t\t\t\t\t\t<a href=\"https:\/\/bielany.um.warszawa.pl\/\">\n\t\t\t\t\t\t\t\t\t\t\t<span class=\"content-image\">\n\t\t\t\t\t\t\t\t\t\t\t\t<img loading=\"lazy\" decoding=\"async\" width=\"118\" height=\"80\" src=\"https:\/\/uszatek.waw.pl\/wp-content\/uploads\/2022\/12\/layout_set_logo.png\" class=\"\" alt=\"layout set logo\" \/>\t\t\t\t\t\t\t\t\t\t\t<\/span>\n\t\t\t\t\t\t\t\t\t\t<\/a>\n\t\t\t\t\t\t\t\t\t\t\t\t\t\t\t\t\t<\/div>\n\t\t\t\t\t\t\t<\/div>\n\t\t\t\t\t\t<\/div>\n\t\t\t\t\t\t\t\t\t\t\t<div class=\"elementskit-client-slider-item swiper-slide \">\n\t\t\t\t\t\t\t<div class=\"swiper-slide-inner\">\n\t\t\t\t\t\t\t\t<div class=\"single-client image-switcher\" title=\"MEN\">\n\t\t\t\t\t\t\t\t\t\t\t\t\t\t\t\t\t\t\t<a href=\"https:\/\/www.gov.pl\/web\/edukacja-i-nauka\">\n\t\t\t\t\t\t\t\t\t\t\t<span class=\"content-image\">\n\t\t\t\t\t\t\t\t\t\t\t\t<img loading=\"lazy\" decoding=\"async\" width=\"239\" height=\"80\" src=\"https:\/\/uszatek.waw.pl\/wp-content\/uploads\/2022\/12\/images.png\" class=\"\" alt=\"images\" \/>\t\t\t\t\t\t\t\t\t\t\t<\/span>\n\t\t\t\t\t\t\t\t\t\t<\/a>\n\t\t\t\t\t\t\t\t\t\t\t\t\t\t\t\t\t<\/div>\n\t\t\t\t\t\t\t<\/div>\n\t\t\t\t\t\t<\/div>\n\t\t\t\t\t\t\t\t\t\t\t<div class=\"elementskit-client-slider-item swiper-slide \">\n\t\t\t\t\t\t\t<div class=\"swiper-slide-inner\">\n\t\t\t\t\t\t\t\t<div class=\"single-client image-switcher\" title=\"BE\">\n\t\t\t\t\t\t\t\t\t\t\t\t\t\t\t\t\t\t\t<a href=\"https:\/\/edukacja.um.warszawa.pl\/\">\n\t\t\t\t\t\t\t\t\t\t\t<span class=\"content-image\">\n\t\t\t\t\t\t\t\t\t\t\t\t<img loading=\"lazy\" decoding=\"async\" width=\"178\" height=\"80\" src=\"https:\/\/uszatek.waw.pl\/wp-content\/uploads\/2022\/12\/biuro_edukacji-300x135-1.jpg\" class=\"\" alt=\"biuro edukacji 300x135 1\" \/>\t\t\t\t\t\t\t\t\t\t\t<\/span>\n\t\t\t\t\t\t\t\t\t\t<\/a>\n\t\t\t\t\t\t\t\t\t\t\t\t\t\t\t\t\t<\/div>\n\t\t\t\t\t\t\t<\/div>\n\t\t\t\t\t\t<\/div>\n\t\t\t\t\t\t\t\t\t<\/div>\n\n\t\t\t\t\n\t\t\t\t\t\t\t<\/div><!-- .elementskit-clients-slider END -->\n\t\t<\/div>\n\t\t<\/div>\t\t\t\t<\/div>\n\t\t\t\t<\/div>\n\t\t\t\t<div class=\"elementor-element elementor-element-dc42c93 elementor-widget elementor-widget-gallery\" data-id=\"dc42c93\" data-element_type=\"widget\" data-settings=\"{&quot;columns&quot;:8,&quot;lazyload&quot;:&quot;yes&quot;,&quot;gallery_layout&quot;:&quot;grid&quot;,&quot;columns_tablet&quot;:2,&quot;columns_mobile&quot;:1,&quot;gap&quot;:{&quot;unit&quot;:&quot;px&quot;,&quot;size&quot;:10,&quot;sizes&quot;:[]},&quot;gap_tablet&quot;:{&quot;unit&quot;:&quot;px&quot;,&quot;size&quot;:10,&quot;sizes&quot;:[]},&quot;gap_mobile&quot;:{&quot;unit&quot;:&quot;px&quot;,&quot;size&quot;:10,&quot;sizes&quot;:[]},&quot;aspect_ratio&quot;:&quot;3:2&quot;,&quot;overlay_background&quot;:&quot;yes&quot;,&quot;content_hover_animation&quot;:&quot;fade-in&quot;}\" data-widget_type=\"gallery.default\">\n\t\t\t\t<div class=\"elementor-widget-container\">\n\t\t\t\t\t\t\t<div class=\"elementor-gallery__container\">\n\t\t\t\t\t\t\t<div class=\"e-gallery-item elementor-gallery-item elementor-animated-content\">\n\t\t\t\t\t<div class=\"e-gallery-image elementor-gallery-item__image\" data-thumbnail=\"https:\/\/uszatek.waw.pl\/wp-content\/uploads\/2023\/05\/Baner-RM-1024x356.jpg\" data-width=\"1024\" data-height=\"356\" aria-label=\"Baner RM\" role=\"img\" ><\/div>\n\t\t\t\t\t\t\t\t\t\t\t<div class=\"elementor-gallery-item__overlay\"><\/div>\n\t\t\t\t\t\t\t\t\t\t\t\t\t\t<\/div>\n\t\t\t\t\t\t\t<div class=\"e-gallery-item elementor-gallery-item elementor-animated-content\">\n\t\t\t\t\t<div class=\"e-gallery-image elementor-gallery-item__image\" data-thumbnail=\"https:\/\/uszatek.waw.pl\/wp-content\/uploads\/2022\/12\/zbieraj-baterie222.png\" data-width=\"300\" data-height=\"180\" aria-label=\"zbieraj baterie222\" role=\"img\" ><\/div>\n\t\t\t\t\t\t\t\t\t\t\t<div class=\"elementor-gallery-item__overlay\"><\/div>\n\t\t\t\t\t\t\t\t\t\t\t\t\t\t<\/div>\n\t\t\t\t\t\t\t<div class=\"e-gallery-item elementor-gallery-item elementor-animated-content\">\n\t\t\t\t\t<div class=\"e-gallery-image elementor-gallery-item__image\" data-thumbnail=\"https:\/\/uszatek.waw.pl\/wp-content\/uploads\/2022\/12\/wole_wode_logo.png\" data-width=\"250\" data-height=\"125\" aria-label=\"wole wode logo\" role=\"img\" ><\/div>\n\t\t\t\t\t\t\t\t\t\t\t<div class=\"elementor-gallery-item__overlay\"><\/div>\n\t\t\t\t\t\t\t\t\t\t\t\t\t\t<\/div>\n\t\t\t\t\t\t\t<div class=\"e-gallery-item elementor-gallery-item elementor-animated-content\">\n\t\t\t\t\t<div class=\"e-gallery-image elementor-gallery-item__image\" data-thumbnail=\"https:\/\/uszatek.waw.pl\/wp-content\/uploads\/2022\/12\/dzieciaki_mleczaki_logo2.png\" data-width=\"300\" data-height=\"180\" aria-label=\"dzieciaki mleczaki logo2\" role=\"img\" ><\/div>\n\t\t\t\t\t\t\t\t\t\t\t<div class=\"elementor-gallery-item__overlay\"><\/div>\n\t\t\t\t\t\t\t\t\t\t\t\t\t\t<\/div>\n\t\t\t\t\t\t\t<div class=\"e-gallery-item elementor-gallery-item elementor-animated-content\">\n\t\t\t\t\t<div class=\"e-gallery-image elementor-gallery-item__image\" data-thumbnail=\"https:\/\/uszatek.waw.pl\/wp-content\/uploads\/2022\/12\/akademia_zdrowego_przedszkolaka_logo.png\" data-width=\"250\" data-height=\"125\" aria-label=\"akademia zdrowego przedszkolaka logo\" role=\"img\" ><\/div>\n\t\t\t\t\t\t\t\t\t\t\t<div class=\"elementor-gallery-item__overlay\"><\/div>\n\t\t\t\t\t\t\t\t\t\t\t\t\t\t<\/div>\n\t\t\t\t\t\t\t<div class=\"e-gallery-item elementor-gallery-item elementor-animated-content\">\n\t\t\t\t\t<div class=\"e-gallery-image elementor-gallery-item__image\" data-thumbnail=\"https:\/\/uszatek.waw.pl\/wp-content\/uploads\/2022\/12\/bezpieczne_przedszkole.png\" data-width=\"250\" data-height=\"125\" aria-label=\"bezpieczne przedszkole\" role=\"img\" ><\/div>\n\t\t\t\t\t\t\t\t\t\t\t<div class=\"elementor-gallery-item__overlay\"><\/div>\n\t\t\t\t\t\t\t\t\t\t\t\t\t\t<\/div>\n\t\t\t\t\t\t\t<div class=\"e-gallery-item elementor-gallery-item elementor-animated-content\">\n\t\t\t\t\t<div class=\"e-gallery-image elementor-gallery-item__image\" data-thumbnail=\"https:\/\/uszatek.waw.pl\/wp-content\/uploads\/2022\/12\/edutera_logo.png\" data-width=\"250\" data-height=\"125\" aria-label=\"edutera logo\" role=\"img\" ><\/div>\n\t\t\t\t\t\t\t\t\t\t\t<div class=\"elementor-gallery-item__overlay\"><\/div>\n\t\t\t\t\t\t\t\t\t\t\t\t\t\t<\/div>\n\t\t\t\t\t\t\t<div class=\"e-gallery-item elementor-gallery-item elementor-animated-content\">\n\t\t\t\t\t<div class=\"e-gallery-image elementor-gallery-item__image\" data-thumbnail=\"https:\/\/uszatek.waw.pl\/wp-content\/uploads\/2022\/12\/varsaviansitycznaSzkola_small.png\" data-width=\"250\" data-height=\"125\" aria-label=\"varsaviansitycznaSzkola small\" role=\"img\" ><\/div>\n\t\t\t\t\t\t\t\t\t\t\t<div class=\"elementor-gallery-item__overlay\"><\/div>\n\t\t\t\t\t\t\t\t\t\t\t\t\t\t<\/div>\n\t\t\t\t\t<\/div>\n\t\t\t\t\t<\/div>\n\t\t\t\t<\/div>\n\t\t\t\t\t<\/div>\n\t\t<\/div>\n\t\t\t\t\t<\/div>\n\t\t<\/section>\n\t\t\t\t<\/div>\n\t\t","protected":false},"excerpt":{"rendered":"<p>AKTUALNO\u015aCI 3 lutego, 2026 Deklaracja Kontynuowania Edukacji Przedszkolnej Deklaracja &#8211; TUTAJ &nbsp; 28 stycznia, 2026 Zebranie 20 stycznia, 2026 Dzie\u0144 Otwarty u Misia Uszatka dla przysz\u0142ych Przedszkolak\u00f3w 20 stycznia, 2026 Dzie\u0144 20 stycznia, 2026 Dzie\u0144 otwarty u Misia Uszatka dla przysz\u0142ych Przedszkolak\u00f3w 16 stycznia, 2026 Wyj\u015bcie do Szko\u0142y grupa VI [&hellip;]<\/p>\n","protected":false},"author":1,"featured_media":0,"parent":0,"menu_order":0,"comment_status":"closed","ping_status":"closed","template":"elementor_header_footer","meta":{"ngg_post_thumbnail":0,"footnotes":""},"class_list":["post-158","page","type-page","status-publish","hentry"],"_links":{"self":[{"href":"https:\/\/uszatek.waw.pl\/index.php?rest_route=\/wp\/v2\/pages\/158","targetHints":{"allow":["GET"]}}],"collection":[{"href":"https:\/\/uszatek.waw.pl\/index.php?rest_route=\/wp\/v2\/pages"}],"about":[{"href":"https:\/\/uszatek.waw.pl\/index.php?rest_route=\/wp\/v2\/types\/page"}],"author":[{"embeddable":true,"href":"https:\/\/uszatek.waw.pl\/index.php?rest_route=\/wp\/v2\/users\/1"}],"replies":[{"embeddable":true,"href":"https:\/\/uszatek.waw.pl\/index.php?rest_route=%2Fwp%2Fv2%2Fcomments&post=158"}],"version-history":[{"count":97,"href":"https:\/\/uszatek.waw.pl\/index.php?rest_route=\/wp\/v2\/pages\/158\/revisions"}],"predecessor-version":[{"id":3550,"href":"https:\/\/uszatek.waw.pl\/index.php?rest_route=\/wp\/v2\/pages\/158\/revisions\/3550"}],"wp:attachment":[{"href":"https:\/\/uszatek.waw.pl\/index.php?rest_route=%2Fwp%2Fv2%2Fmedia&parent=158"}],"curies":[{"name":"wp","href":"https:\/\/api.w.org\/{rel}","templated":true}]}}